{"id":18834,"date":"2026-03-14T19:49:09","date_gmt":"2026-03-14T19:49:09","guid":{"rendered":"https:\/\/para-mirava.ma\/?product=eucerin-anti-pigment-soin-contour-des-yeux-illuminateur-15ml-2"},"modified":"2026-03-17T18:43:05","modified_gmt":"2026-03-17T18:43:05","slug":"eucerin-anti-pigment-soin-contour-des-yeux-illuminateur-15ml-2","status":"publish","type":"product","link":"https:\/\/para-mirava.ma\/?product=eucerin-anti-pigment-soin-contour-des-yeux-illuminateur-15ml-2","title":{"rendered":"EUCERIN ANTI PIGMENT SOIN CONTOUR DES YEUX ILLUMINATEUR 15ML"},"content":{"rendered":"<p>\u00c9claircit les cernes d\u00e8s 2 semaines**<\/p>\n<p>Votre produit de soin pour les cernes. Notre Soin Contour des Yeux Illuminateur Anti-Pigment, formul\u00e9 avec du Thiamidol brevet\u00e9* et de l&#8217;Acide Hyaluronique, corrige et aussi r\u00e9duit tous types de cernes, poches et lisse les ridules tout en \u00e9claircissant et donc en apaisant le contour des yeux \u00e0 l&#8217;aide d&#8217;un applicateur m\u00e9tallique rafra\u00eechissant pour des performances optimales.<\/p>\n<p>Conseils d&#8217;utilisation :<\/p>\n<p>Pr\u00e9levez une quantit\u00e9 de la taille d&#8217;un petit pois sur l&#8217;applicateur m\u00e9tallique et appliquez sur le contour de l&#8217;\u0153il.<\/p>\n<p>Massez l\u00e9g\u00e8rement le contour de l&#8217;\u0153il de l&#8217;int\u00e9rieur vers l&#8217;ext\u00e9rieur.<\/p>\n<p>Tapotez d\u00e9licatement avec les doigts jusqu&#8217;\u00e0 ce que la formule soit enti\u00e8rement absorb\u00e9e.<\/p>\n<p>Utiliser des produits pour le visage au maximum 4 fois par jour.<\/p>\n<p>EUCERIN ANTI PIGMENT SOIN CONTOUR DES YEUX ILLUMINATEUR 15ML est disponible dans votre Parapharmacie en ligne<\/p>\n","protected":false},"excerpt":{"rendered":"<p>\u00c9claircit les cernes d\u00e8s 2 semaines** Votre produit de soin pour les cernes. Notre Soin Contour des Yeux Illuminateur Anti-Pigment, formul\u00e9 avec du Thiamidol brevet\u00e9* et de l&#8217;Acide Hyaluronique, corrige et aussi r\u00e9duit tous types de cernes, poches et lisse les ridules tout en \u00e9claircissant et donc en apaisant le contour des yeux \u00e0 l&#8217;aide [&hellip;]<\/p>\n","protected":false},"featured_media":19078,"template":"","meta":[],"product_brand":[],"product_cat":[15,132],"product_tag":[],"class_list":{"0":"post-18834","1":"product","2":"type-product","3":"status-publish","4":"has-post-thumbnail","6":"product_cat-tout","7":"product_cat-eucerin","8":"ts_product_brand-eucerin","10":"first","11":"instock","12":"sale","13":"shipping-taxable","14":"purchasable","15":"product-type-simple"},"_links":{"self":[{"href":"https:\/\/para-mirava.ma\/index.php?rest_route=\/wp\/v2\/product\/18834","targetHints":{"allow":["GET"]}}],"collection":[{"href":"https:\/\/para-mirava.ma\/index.php?rest_route=\/wp\/v2\/product"}],"about":[{"href":"https:\/\/para-mirava.ma\/index.php?rest_route=\/wp\/v2\/types\/product"}],"wp:featuredmedia":[{"embeddable":true,"href":"https:\/\/para-mirava.ma\/index.php?rest_route=\/wp\/v2\/media\/19078"}],"wp:attachment":[{"href":"https:\/\/para-mirava.ma\/index.php?rest_route=%2Fwp%2Fv2%2Fmedia&parent=18834"}],"wp:term":[{"taxonomy":"product_brand","embeddable":true,"href":"https:\/\/para-mirava.ma\/index.php?rest_route=%2Fwp%2Fv2%2Fproduct_brand&post=18834"},{"taxonomy":"product_cat","embeddable":true,"href":"https:\/\/para-mirava.ma\/index.php?rest_route=%2Fwp%2Fv2%2Fproduct_cat&post=18834"},{"taxonomy":"product_tag","embeddable":true,"href":"https:\/\/para-mirava.ma\/index.php?rest_route=%2Fwp%2Fv2%2Fproduct_tag&post=18834"}],"curies":[{"name":"wp","href":"https:\/\/api.w.org\/{rel}","templated":true}]}}