{"id":18836,"date":"2026-03-14T19:49:09","date_gmt":"2026-03-14T19:49:09","guid":{"rendered":"https:\/\/para-mirava.ma\/?product=eucerin-hyaluron-filler-elasticity-soin-de-jour-50ml"},"modified":"2026-03-17T18:43:05","modified_gmt":"2026-03-17T18:43:05","slug":"eucerin-hyaluron-filler-elasticity-soin-de-jour-50ml","status":"publish","type":"product","link":"https:\/\/para-mirava.ma\/?product=eucerin-hyaluron-filler-elasticity-soin-de-jour-50ml","title":{"rendered":"EUCERIN HYALURON FILLER + ELASTICITY SOIN DE JOUR 50ML"},"content":{"rendered":"<p>Une nouvelle formule avec l&#8217;actif brevet\u00e9 Thiamidol*, pour r\u00e9duire l&#8217;apparence des taches li\u00e9es \u00e0 l&#8217;\u00e2ge, de l&#8217;Acide Hyaluronique pour repulper les rides profondes et le complexe Collag\u00e8ne-\u00c9lastine pour am\u00e9liorer l&#8217;\u00e9lasticit\u00e9 de la peau.<\/p>\n<p>Acide hyaluronique<br \/>\nForm\u00e9 par les cellules cutan\u00e9es, l&#8217;Acide Hyaluronique fait partie du tissu conjonctif de la peau. L&#8217;une de ses principales fonctions est de retenir l&#8217;eau : il est capable de retenir entre 1 000 et 10 000 fois son propre poids en eau (autrement dit, 1 gramme retient entre 1 et 10 litres).<\/p>\n<p>Avec l&#8217;\u00e2ge, la capacit\u00e9 naturelle de la peau \u00e0 produire de l&#8217;Acide Hyaluronique diminue et les rides commencent \u00e0 se former et \u00e0 se creuser.<\/p>\n<p>R\u00e9duit visiblement l&#8217;apparence des taches brunes li\u00e9es \u00e0 l&#8217;\u00e2ge<br \/>\nRebooste la production de collag\u00e8ne et am\u00e9liore l&#8217;\u00e9lasticit\u00e9 de la peau<\/p>\n","protected":false},"excerpt":{"rendered":"<p>Une nouvelle formule avec l&#8217;actif brevet\u00e9 Thiamidol*, pour r\u00e9duire l&#8217;apparence des taches li\u00e9es \u00e0 l&#8217;\u00e2ge, de l&#8217;Acide Hyaluronique pour repulper les rides profondes et le complexe Collag\u00e8ne-\u00c9lastine pour am\u00e9liorer l&#8217;\u00e9lasticit\u00e9 de la peau. Acide hyaluronique Form\u00e9 par les cellules cutan\u00e9es, l&#8217;Acide Hyaluronique fait partie du tissu conjonctif de la peau. L&#8217;une de ses principales fonctions [&hellip;]<\/p>\n","protected":false},"featured_media":19080,"template":"","meta":[],"product_brand":[],"product_cat":[15,132],"product_tag":[],"class_list":{"0":"post-18836","1":"product","2":"type-product","3":"status-publish","4":"has-post-thumbnail","6":"product_cat-tout","7":"product_cat-eucerin","8":"ts_product_brand-eucerin","10":"first","11":"instock","12":"sale","13":"shipping-taxable","14":"purchasable","15":"product-type-simple"},"_links":{"self":[{"href":"https:\/\/para-mirava.ma\/index.php?rest_route=\/wp\/v2\/product\/18836","targetHints":{"allow":["GET"]}}],"collection":[{"href":"https:\/\/para-mirava.ma\/index.php?rest_route=\/wp\/v2\/product"}],"about":[{"href":"https:\/\/para-mirava.ma\/index.php?rest_route=\/wp\/v2\/types\/product"}],"wp:featuredmedia":[{"embeddable":true,"href":"https:\/\/para-mirava.ma\/index.php?rest_route=\/wp\/v2\/media\/19080"}],"wp:attachment":[{"href":"https:\/\/para-mirava.ma\/index.php?rest_route=%2Fwp%2Fv2%2Fmedia&parent=18836"}],"wp:term":[{"taxonomy":"product_brand","embeddable":true,"href":"https:\/\/para-mirava.ma\/index.php?rest_route=%2Fwp%2Fv2%2Fproduct_brand&post=18836"},{"taxonomy":"product_cat","embeddable":true,"href":"https:\/\/para-mirava.ma\/index.php?rest_route=%2Fwp%2Fv2%2Fproduct_cat&post=18836"},{"taxonomy":"product_tag","embeddable":true,"href":"https:\/\/para-mirava.ma\/index.php?rest_route=%2Fwp%2Fv2%2Fproduct_tag&post=18836"}],"curies":[{"name":"wp","href":"https:\/\/api.w.org\/{rel}","templated":true}]}}