{"id":18837,"date":"2026-03-14T19:49:10","date_gmt":"2026-03-14T19:49:10","guid":{"rendered":"https:\/\/para-mirava.ma\/?product=eucerin-hyaluron-filler-3x-effect-soin-contour-des-yeux-15ml"},"modified":"2026-03-17T18:43:04","modified_gmt":"2026-03-17T18:43:04","slug":"eucerin-hyaluron-filler-3x-effect-soin-contour-des-yeux-15ml","status":"publish","type":"product","link":"https:\/\/para-mirava.ma\/?product=eucerin-hyaluron-filler-3x-effect-soin-contour-des-yeux-15ml","title":{"rendered":"EUCERIN HYALURON FILLER +3X EFFECT SOIN CONTOUR DES YEUX 15ML"},"content":{"rendered":"<p>HYALURON-FILLER + 3x EFFECT : Haute efficacit\u00e9 anti-rides prouv\u00e9e: Lutte contre le processus de vieillissement cutan\u00e9 et pour une peau \u00e0 l&#8217;apparence visiblement plus jeune, plus lisse et aussi \u00e9clatante. Test\u00e9 ophtalmologiquement, non parfum\u00e9 et aussi adapt\u00e9 \u00e0 une utilisation avec des lentilles de contact<\/p>\n<p>Contour des yeux avec Acide Hyaluronique<\/p>\n<p>Pour tous types de peau<\/p>\n<p>Comble efficacement les rides et m\u00eame profondes pour une peau \u00e0 l&#8217;apparence plus jeune<br \/>\nSoin Contour des Yeux anti-\u00e2ge \u00e0 base d&#8217;Acide Hyaluronique, de Saponine et d&#8217;Enoxolone. Sa formule 3x Effect : 1. Comble, 2. Stimule, 3. Prot\u00e8ge<\/p>\n","protected":false},"excerpt":{"rendered":"<p>HYALURON-FILLER + 3x EFFECT : Haute efficacit\u00e9 anti-rides prouv\u00e9e: Lutte contre le processus de vieillissement cutan\u00e9 et pour une peau \u00e0 l&#8217;apparence visiblement plus jeune, plus lisse et aussi \u00e9clatante. Test\u00e9 ophtalmologiquement, non parfum\u00e9 et aussi adapt\u00e9 \u00e0 une utilisation avec des lentilles de contact Contour des yeux avec Acide Hyaluronique Pour tous types de [&hellip;]<\/p>\n","protected":false},"featured_media":19070,"template":"","meta":[],"product_brand":[],"product_cat":[15,132],"product_tag":[],"class_list":{"0":"post-18837","1":"product","2":"type-product","3":"status-publish","4":"has-post-thumbnail","6":"product_cat-tout","7":"product_cat-eucerin","8":"ts_product_brand-eucerin","10":"first","11":"instock","12":"sale","13":"shipping-taxable","14":"purchasable","15":"product-type-simple"},"_links":{"self":[{"href":"https:\/\/para-mirava.ma\/index.php?rest_route=\/wp\/v2\/product\/18837","targetHints":{"allow":["GET"]}}],"collection":[{"href":"https:\/\/para-mirava.ma\/index.php?rest_route=\/wp\/v2\/product"}],"about":[{"href":"https:\/\/para-mirava.ma\/index.php?rest_route=\/wp\/v2\/types\/product"}],"wp:featuredmedia":[{"embeddable":true,"href":"https:\/\/para-mirava.ma\/index.php?rest_route=\/wp\/v2\/media\/19070"}],"wp:attachment":[{"href":"https:\/\/para-mirava.ma\/index.php?rest_route=%2Fwp%2Fv2%2Fmedia&parent=18837"}],"wp:term":[{"taxonomy":"product_brand","embeddable":true,"href":"https:\/\/para-mirava.ma\/index.php?rest_route=%2Fwp%2Fv2%2Fproduct_brand&post=18837"},{"taxonomy":"product_cat","embeddable":true,"href":"https:\/\/para-mirava.ma\/index.php?rest_route=%2Fwp%2Fv2%2Fproduct_cat&post=18837"},{"taxonomy":"product_tag","embeddable":true,"href":"https:\/\/para-mirava.ma\/index.php?rest_route=%2Fwp%2Fv2%2Fproduct_tag&post=18837"}],"curies":[{"name":"wp","href":"https:\/\/api.w.org\/{rel}","templated":true}]}}