{"id":18838,"date":"2026-03-14T19:49:10","date_gmt":"2026-03-14T19:49:10","guid":{"rendered":"https:\/\/para-mirava.ma\/?product=eucerin-hyaluron-filler-3x-effect-soin-de-jour-50ml"},"modified":"2026-03-17T18:43:04","modified_gmt":"2026-03-17T18:43:04","slug":"eucerin-hyaluron-filler-3x-effect-soin-de-jour-50ml","status":"publish","type":"product","link":"https:\/\/para-mirava.ma\/?product=eucerin-hyaluron-filler-3x-effect-soin-de-jour-50ml","title":{"rendered":"EUCERIN HYALURON FILLER +3X EFFECT SOIN DE JOUR 50ML"},"content":{"rendered":"<p>Le soin de jour EUCERIN HYALURON-FILLER + 3x EFFECT SPF15 offre \u00e0 la peau s\u00e8che un r\u00e9confort imm\u00e9diat et durable. Il agit en profondeur pour conserver le taux d&#8217;hydratation de la peau et raviver son \u00e9clat naturel.<\/p>\n<p>Pr\u00e9vient le d\u00e9veloppement des rides et ridules.<br \/>\nRedonne \u00e0 la peau souplesse et \u00e9lasticit\u00e9.<br \/>\nR\u00e9tablit l&#8217;hydratation et le confort.<br \/>\nProt\u00e8ge contre les agressions externes gr\u00e2ce \u00e0 un \u00e9cran solaire SPF15.<\/p>\n<p>Ce soin offre aussi l&#8217;avantage d&#8217;\u00eatre sans allerg\u00e8nes et exempt de sulfates, de parab\u00e8nes et de phtalates nocifs pour la sant\u00e9. L&#8217;utilisation r\u00e9guli\u00e8re de ce produit procure \u00e0 votre peau tout ce dont elle a besoin pour rester belle et saine.<\/p>\n<p>Il prot\u00e8ge \u00e9galement la peau contre les dommages caus\u00e9s par les rayons UV, tout en ajoutant une protection suppl\u00e9mentaire contre le vieillissement cutan\u00e9.<\/p>\n","protected":false},"excerpt":{"rendered":"<p>Le soin de jour EUCERIN HYALURON-FILLER + 3x EFFECT SPF15 offre \u00e0 la peau s\u00e8che un r\u00e9confort imm\u00e9diat et durable. Il agit en profondeur pour conserver le taux d&#8217;hydratation de la peau et raviver son \u00e9clat naturel. Pr\u00e9vient le d\u00e9veloppement des rides et ridules. Redonne \u00e0 la peau souplesse et \u00e9lasticit\u00e9. R\u00e9tablit l&#8217;hydratation et le [&hellip;]<\/p>\n","protected":false},"featured_media":19071,"template":"","meta":[],"product_brand":[],"product_cat":[15,132],"product_tag":[],"class_list":{"0":"post-18838","1":"product","2":"type-product","3":"status-publish","4":"has-post-thumbnail","6":"product_cat-tout","7":"product_cat-eucerin","8":"ts_product_brand-eucerin","10":"first","11":"instock","12":"sale","13":"shipping-taxable","14":"purchasable","15":"product-type-simple"},"_links":{"self":[{"href":"https:\/\/para-mirava.ma\/index.php?rest_route=\/wp\/v2\/product\/18838","targetHints":{"allow":["GET"]}}],"collection":[{"href":"https:\/\/para-mirava.ma\/index.php?rest_route=\/wp\/v2\/product"}],"about":[{"href":"https:\/\/para-mirava.ma\/index.php?rest_route=\/wp\/v2\/types\/product"}],"wp:featuredmedia":[{"embeddable":true,"href":"https:\/\/para-mirava.ma\/index.php?rest_route=\/wp\/v2\/media\/19071"}],"wp:attachment":[{"href":"https:\/\/para-mirava.ma\/index.php?rest_route=%2Fwp%2Fv2%2Fmedia&parent=18838"}],"wp:term":[{"taxonomy":"product_brand","embeddable":true,"href":"https:\/\/para-mirava.ma\/index.php?rest_route=%2Fwp%2Fv2%2Fproduct_brand&post=18838"},{"taxonomy":"product_cat","embeddable":true,"href":"https:\/\/para-mirava.ma\/index.php?rest_route=%2Fwp%2Fv2%2Fproduct_cat&post=18838"},{"taxonomy":"product_tag","embeddable":true,"href":"https:\/\/para-mirava.ma\/index.php?rest_route=%2Fwp%2Fv2%2Fproduct_tag&post=18838"}],"curies":[{"name":"wp","href":"https:\/\/api.w.org\/{rel}","templated":true}]}}