{"id":18844,"date":"2026-03-14T19:49:11","date_gmt":"2026-03-14T19:49:11","guid":{"rendered":"https:\/\/para-mirava.ma\/?product=eucerin-aquaphor-baume-spray-corps-250ml"},"modified":"2026-03-17T18:43:04","modified_gmt":"2026-03-17T18:43:04","slug":"eucerin-aquaphor-baume-spray-corps-250ml","status":"publish","type":"product","link":"https:\/\/para-mirava.ma\/?product=eucerin-aquaphor-baume-spray-corps-250ml","title":{"rendered":"EUCERIN AQUAPHOR BAUME SPRAY CORPS 250ML"},"content":{"rendered":"<p>La peau peut parfois devenir s\u00e8che, irrit\u00e9e. Elle a donc besoin d&#8217;un soin SOS pour acc\u00e9l\u00e9rer sa r\u00e9g\u00e9n\u00e9ration et tout en prot\u00e9geant la zone aussi du corps concern\u00e9e.<\/p>\n<p>Il est souvent compliqu\u00e9 et long d&#8217;appliquer un baume sur de larges zones du corps comme les bras, les jambes, le torse et le dos. L&#8217;application en spray permet de couvrir facilement et rapidement ces zones difficiles d&#8217;acc\u00e8s.<\/p>\n<p>Le nouveau Baume-Spray Corps Aquaphor est ultra-pratique avec son spray multidirectionnel, permet une application homog\u00e8ne et continue dans toutes les positions, \u00e0 l&#8217;endroit ou t\u00eate en bas ! Et fini le produit sur les doigts, car il n&#8217;est pas obligatoire de l&#8217;\u00e9taler, gr\u00e2ce \u00e0 sa diffusion autonome.<\/p>\n<p>La formule est cliniquement prouv\u00e9e pour r\u00e9parer et apaiser les peaux tr\u00e8s s\u00e8ches et irrit\u00e9es en cr\u00e9ant une barri\u00e8re protectrice id\u00e9ale pour la r\u00e9g\u00e9n\u00e9ration cutan\u00e9e.<\/p>\n<p>Un nouveau format adapt\u00e9 \u00e0 la vie moderne, parfait pour les personnes press\u00e9es le matin, pour \u00e9viter la &#8220;peau de croco&#8221; apr\u00e8s la douche, ou pour les mains agress\u00e9es par le froid (crevasses, ger\u00e7ures&#8230;).<\/p>\n<p>Aquaphor est aussi l&#8217;alli\u00e9 des sportifs au quotidien : le nouveau Baume Spray-Corps leur offre une utilisation encore plus simple de cette formule S.O.S qui prot\u00e8ge et apaise les irritations de la peau li\u00e9es \u00e0 l&#8217;activit\u00e9 physique. \u00c0 glisser dans son sac de sport et \u00e0 sortir juste avant de commencer sa s\u00e9ance ou juste apr\u00e8s la douche !<\/p>\n<p>Non parfum\u00e9, sans conservateur et enrichi en glyc\u00e9rine et panth\u00e9nol, ce baume spray aide \u00e0 maintenir le niveau d&#8217;hydratation de la peau et favorise la r\u00e9g\u00e9n\u00e9ration cutan\u00e9e. La peau est visiblement r\u00e9g\u00e9n\u00e9r\u00e9e, prot\u00e9g\u00e9e et r\u00e9par\u00e9e.<\/p>\n<p>Test\u00e9 cliniquement et dermatologiquement. Des \u00e9tudes cliniques et dermatologiques prouvent une tr\u00e8s bonne efficacit\u00e9 et tol\u00e9rance m\u00eame sur les peaux extr\u00eamement s\u00e8ches, rugueuses ou irrit\u00e9es.<\/p>\n","protected":false},"excerpt":{"rendered":"<p>La peau peut parfois devenir s\u00e8che, irrit\u00e9e. Elle a donc besoin d&#8217;un soin SOS pour acc\u00e9l\u00e9rer sa r\u00e9g\u00e9n\u00e9ration et tout en prot\u00e9geant la zone aussi du corps concern\u00e9e. Il est souvent compliqu\u00e9 et long d&#8217;appliquer un baume sur de larges zones du corps comme les bras, les jambes, le torse et le dos. L&#8217;application en [&hellip;]<\/p>\n","protected":false},"featured_media":19064,"template":"","meta":[],"product_brand":[],"product_cat":[15,132],"product_tag":[],"class_list":{"0":"post-18844","1":"product","2":"type-product","3":"status-publish","4":"has-post-thumbnail","6":"product_cat-tout","7":"product_cat-eucerin","8":"ts_product_brand-eucerin","10":"first","11":"instock","12":"sale","13":"shipping-taxable","14":"purchasable","15":"product-type-simple"},"_links":{"self":[{"href":"https:\/\/para-mirava.ma\/index.php?rest_route=\/wp\/v2\/product\/18844","targetHints":{"allow":["GET"]}}],"collection":[{"href":"https:\/\/para-mirava.ma\/index.php?rest_route=\/wp\/v2\/product"}],"about":[{"href":"https:\/\/para-mirava.ma\/index.php?rest_route=\/wp\/v2\/types\/product"}],"wp:featuredmedia":[{"embeddable":true,"href":"https:\/\/para-mirava.ma\/index.php?rest_route=\/wp\/v2\/media\/19064"}],"wp:attachment":[{"href":"https:\/\/para-mirava.ma\/index.php?rest_route=%2Fwp%2Fv2%2Fmedia&parent=18844"}],"wp:term":[{"taxonomy":"product_brand","embeddable":true,"href":"https:\/\/para-mirava.ma\/index.php?rest_route=%2Fwp%2Fv2%2Fproduct_brand&post=18844"},{"taxonomy":"product_cat","embeddable":true,"href":"https:\/\/para-mirava.ma\/index.php?rest_route=%2Fwp%2Fv2%2Fproduct_cat&post=18844"},{"taxonomy":"product_tag","embeddable":true,"href":"https:\/\/para-mirava.ma\/index.php?rest_route=%2Fwp%2Fv2%2Fproduct_tag&post=18844"}],"curies":[{"name":"wp","href":"https:\/\/api.w.org\/{rel}","templated":true}]}}