{"id":18845,"date":"2026-03-14T19:49:11","date_gmt":"2026-03-14T19:49:11","guid":{"rendered":"https:\/\/para-mirava.ma\/?product=eucerin-aquaphore-lips-10ml"},"modified":"2026-03-17T18:43:04","modified_gmt":"2026-03-17T18:43:04","slug":"eucerin-aquaphore-lips-10ml","status":"publish","type":"product","link":"https:\/\/para-mirava.ma\/?product=eucerin-aquaphore-lips-10ml","title":{"rendered":"EUCERIN AQUAPHORE LIPS 10ML"},"content":{"rendered":"<p>Baume \u00e0 l\u00e8vres r\u00e9parateur SOS<\/p>\n<p>La plupart des gens souffrent de l\u00e8vres s\u00e8ches et craquel\u00e9es. Elles sont inconfortables, parfois douloureuses, et peuvent aussi nous mettre mal \u00e0 l&#8217;aise. Elles ont besoin de soins SOS, et Eucerin Aquaphor R\u00e9parateur L\u00e8vres SOS leur apporte un soin imm\u00e9diat et un soulagement en 60 secondes.<\/p>\n<p>La peau de nos l\u00e8vres est fine et ne poss\u00e8de pas de glandes s\u00e9bac\u00e9es, elle est donc sujette au dess\u00e8chement.<\/p>\n<p>Les vents froids et le soleil ass\u00e8chent nos l\u00e8vres, ce qui aggrave encore la situation. Eucerin Aquaphor R\u00e9parateur L\u00e8vres SOS est cliniquement et dermatologiquement prouv\u00e9 pour apaiser et r\u00e9parer les l\u00e8vres s\u00e8ches et craquel\u00e9es. La formule, enrichie en Glyc\u00e9rine, Dexpanth\u00e9nol, Bisabolol et Vitamines C et E, cr\u00e9e la barri\u00e8re protectrice id\u00e9ale pour la r\u00e9g\u00e9n\u00e9ration de la peau des l\u00e8vres et rend les l\u00e8vres \u00e0 nouveau douces et souples.<\/p>\n<p>Disponible dans votre parapharmacie en ligne www.cotepara.ma<\/p>\n<p>Lorsque les l\u00e8vres envoient des signaux SOS, Eucerin Aquaphor R\u00e9parateur L\u00e8vres SOS vient \u00e0 la rescousse.<\/p>\n<p>Le baume est sans parfum ni conservateur et se pr\u00e9sente dans un tube de 10 ml facile \u00e0 appliquer. Il convient aux adultes et aux enfants de trois ans et plus.<\/p>\n<p>\u00c9tudes cliniques et dermatologiques<br \/>\nLes \u00e9tudes cliniques et dermatologiques prouvent une tr\u00e8s bonne efficacit\u00e9 des soins et une bonne tol\u00e9rance, m\u00eame sur les peaux \u00e0 probl\u00e8mes.<\/p>\n<p>EUCERIN AQUAPHORE LIPS 10ML est disponible dans votre Parapharmacie en ligne<\/p>\n","protected":false},"excerpt":{"rendered":"<p>Baume \u00e0 l\u00e8vres r\u00e9parateur SOS La plupart des gens souffrent de l\u00e8vres s\u00e8ches et craquel\u00e9es. Elles sont inconfortables, parfois douloureuses, et peuvent aussi nous mettre mal \u00e0 l&#8217;aise. Elles ont besoin de soins SOS, et Eucerin Aquaphor R\u00e9parateur L\u00e8vres SOS leur apporte un soin imm\u00e9diat et un soulagement en 60 secondes. La peau de nos [&hellip;]<\/p>\n","protected":false},"featured_media":19065,"template":"","meta":[],"product_brand":[],"product_cat":[15,132],"product_tag":[],"class_list":{"0":"post-18845","1":"product","2":"type-product","3":"status-publish","4":"has-post-thumbnail","6":"product_cat-tout","7":"product_cat-eucerin","8":"ts_product_brand-eucerin","10":"first","11":"instock","12":"sale","13":"shipping-taxable","14":"purchasable","15":"product-type-simple"},"_links":{"self":[{"href":"https:\/\/para-mirava.ma\/index.php?rest_route=\/wp\/v2\/product\/18845","targetHints":{"allow":["GET"]}}],"collection":[{"href":"https:\/\/para-mirava.ma\/index.php?rest_route=\/wp\/v2\/product"}],"about":[{"href":"https:\/\/para-mirava.ma\/index.php?rest_route=\/wp\/v2\/types\/product"}],"wp:featuredmedia":[{"embeddable":true,"href":"https:\/\/para-mirava.ma\/index.php?rest_route=\/wp\/v2\/media\/19065"}],"wp:attachment":[{"href":"https:\/\/para-mirava.ma\/index.php?rest_route=%2Fwp%2Fv2%2Fmedia&parent=18845"}],"wp:term":[{"taxonomy":"product_brand","embeddable":true,"href":"https:\/\/para-mirava.ma\/index.php?rest_route=%2Fwp%2Fv2%2Fproduct_brand&post=18845"},{"taxonomy":"product_cat","embeddable":true,"href":"https:\/\/para-mirava.ma\/index.php?rest_route=%2Fwp%2Fv2%2Fproduct_cat&post=18845"},{"taxonomy":"product_tag","embeddable":true,"href":"https:\/\/para-mirava.ma\/index.php?rest_route=%2Fwp%2Fv2%2Fproduct_tag&post=18845"}],"curies":[{"name":"wp","href":"https:\/\/api.w.org\/{rel}","templated":true}]}}