{"id":18848,"date":"2026-03-14T19:49:11","date_gmt":"2026-03-14T19:49:11","guid":{"rendered":"https:\/\/para-mirava.ma\/?product=eucerin-emollient-corps-10-uree"},"modified":"2026-03-17T18:43:04","modified_gmt":"2026-03-17T18:43:04","slug":"eucerin-emollient-corps-10-uree","status":"publish","type":"product","link":"https:\/\/para-mirava.ma\/?product=eucerin-emollient-corps-10-uree","title":{"rendered":"EUCERIN EMOLLIENT CORPS 10% UREE"},"content":{"rendered":"<p>EUCERIN UreaRepair PLUS \u00c9mollient 10% d&#8217;ur\u00e9e contient une combinaison unique et tr\u00e8s efficace d&#8217;ingr\u00e9dients naturellement pr\u00e9sents dans la peau qui luttent contre les principaux signes de s\u00e9cheresse cutan\u00e9e :<\/p>\n<p>De l&#8217;ur\u00e9e et des facteurs naturels d&#8217;hydratation (NMF) fixant l&#8217;humidit\u00e9 pour hydrater les couches sup\u00e9rieures de la peau.<\/p>\n<p>Le c\u00e9ramide 3 renforce la barri\u00e8re protectrice naturelle de la peau pour \u00e9viter les pertes en eau li\u00e9es \u00e0 l&#8217;\u00e9vaporation et bloquer les substances irritantes susceptibles de provoquer des sensations de d\u00e9mangeaisons.<\/p>\n<p>Le gluco-glyc\u00e9rol r\u00e9pare le r\u00e9seau naturel de distribution d&#8217;eau dans les couches profondes de l&#8217;\u00e9piderme afin de favoriser le flux naturel d&#8217;humidit\u00e9 vers les couches sup\u00e9rieures, assurant ainsi une hydratation longue dur\u00e9e.<\/p>\n<p>D\u00e9couvrez-en plus sur l&#8217;ur\u00e9e, notre ingr\u00e9dient star, en cliquant ici.<\/p>\n<p>Convient aux personnes diab\u00e9tiques.<\/p>\n<p>\u00c9tudes cliniques et dermatologiques<\/p>\n<p>L&#8217;efficacit\u00e9 et la tol\u00e9rance cutan\u00e9e de EUCERIN UreaRepair PLUS \u00c9mollient 10% d&#8217;ur\u00e9e ont \u00e9t\u00e9 test\u00e9es sur des sujets \u00e0 la peau tr\u00e8s s\u00e8che. De plus, une \u00e9tude men\u00e9e sur des volontaires \u00e0 la peau tr\u00e8s s\u00e8che, principalement \u00e2g\u00e9s de 50 \u00e0 80 ans, a \u00e9valu\u00e9 la capacit\u00e9 de EUCERIN UreaRepair PLUS \u00c9mollient 10% d&#8217;ur\u00e9e \u00e0 am\u00e9liorer l&#8217;hydratation de la peau, \u00e0 r\u00e9tablir sa fonction de barri\u00e8re protectrice et \u00e0 hydrater \u00e0 long terme m\u00eame apr\u00e8s l&#8217;arr\u00eat de l&#8217;application.<\/p>\n","protected":false},"excerpt":{"rendered":"<p>EUCERIN UreaRepair PLUS \u00c9mollient 10% d&#8217;ur\u00e9e contient une combinaison unique et tr\u00e8s efficace d&#8217;ingr\u00e9dients naturellement pr\u00e9sents dans la peau qui luttent contre les principaux signes de s\u00e9cheresse cutan\u00e9e : De l&#8217;ur\u00e9e et des facteurs naturels d&#8217;hydratation (NMF) fixant l&#8217;humidit\u00e9 pour hydrater les couches sup\u00e9rieures de la peau. Le c\u00e9ramide 3 renforce la barri\u00e8re protectrice naturelle [&hellip;]<\/p>\n","protected":false},"featured_media":19069,"template":"","meta":[],"product_brand":[],"product_cat":[15,132],"product_tag":[],"class_list":{"0":"post-18848","1":"product","2":"type-product","3":"status-publish","4":"has-post-thumbnail","6":"product_cat-tout","7":"product_cat-eucerin","8":"ts_product_brand-eucerin","10":"first","11":"instock","12":"sale","13":"shipping-taxable","14":"purchasable","15":"product-type-simple"},"_links":{"self":[{"href":"https:\/\/para-mirava.ma\/index.php?rest_route=\/wp\/v2\/product\/18848","targetHints":{"allow":["GET"]}}],"collection":[{"href":"https:\/\/para-mirava.ma\/index.php?rest_route=\/wp\/v2\/product"}],"about":[{"href":"https:\/\/para-mirava.ma\/index.php?rest_route=\/wp\/v2\/types\/product"}],"wp:featuredmedia":[{"embeddable":true,"href":"https:\/\/para-mirava.ma\/index.php?rest_route=\/wp\/v2\/media\/19069"}],"wp:attachment":[{"href":"https:\/\/para-mirava.ma\/index.php?rest_route=%2Fwp%2Fv2%2Fmedia&parent=18848"}],"wp:term":[{"taxonomy":"product_brand","embeddable":true,"href":"https:\/\/para-mirava.ma\/index.php?rest_route=%2Fwp%2Fv2%2Fproduct_brand&post=18848"},{"taxonomy":"product_cat","embeddable":true,"href":"https:\/\/para-mirava.ma\/index.php?rest_route=%2Fwp%2Fv2%2Fproduct_cat&post=18848"},{"taxonomy":"product_tag","embeddable":true,"href":"https:\/\/para-mirava.ma\/index.php?rest_route=%2Fwp%2Fv2%2Fproduct_tag&post=18848"}],"curies":[{"name":"wp","href":"https:\/\/api.w.org\/{rel}","templated":true}]}}