{"id":18851,"date":"2026-03-14T19:49:12","date_gmt":"2026-03-14T19:49:12","guid":{"rendered":"https:\/\/para-mirava.ma\/?product=eucerin-creme-pieds-10-uree-100ml"},"modified":"2026-03-17T18:43:03","modified_gmt":"2026-03-17T18:43:03","slug":"eucerin-creme-pieds-10-uree-100ml","status":"publish","type":"product","link":"https:\/\/para-mirava.ma\/?product=eucerin-creme-pieds-10-uree-100ml","title":{"rendered":"EUCERIN CREME PIEDS 10% UREE 100ML"},"content":{"rendered":"<p>EUCERIN UreaRepair PLUS Cr\u00e8me Pieds 10% d&#8217;ur\u00e9e offre un soin intensif aux pieds secs \u00e0 tr\u00e8s secs, avec ou sans talon fendill\u00e9. Enrichie en ur\u00e9e et en lactate, elle garantit une hydratation longue dur\u00e9e m\u00eame sur les peaux s\u00e8ches et craquel\u00e9es. Elle agit rapidement pour apaiser la s\u00e9cheresse cutan\u00e9e et l&#8217;inconfort et laisse les pieds doux et souples.<\/p>\n<p>Convient aux personnes diab\u00e9tiques.<\/p>\n<p>\u00c9tudes cliniques et dermatologiques<\/p>\n<p>L&#8217;efficacit\u00e9 et la tol\u00e9rance cutan\u00e9e de EUCERIN UREA REPAIR PLUS Cr\u00e8me Pieds 10% d&#8217;ur\u00e9e, appliqu\u00e9e au moins deux fois par jour pendant deux semaines, ont \u00e9t\u00e9 test\u00e9es par 604 sujets aux pieds secs \u00e0 extr\u00eamement secs et craquel\u00e9s en raison de x\u00e9rodermie, de diab\u00e8te ou de dermatite atopique.<\/p>\n","protected":false},"excerpt":{"rendered":"<p>EUCERIN UreaRepair PLUS Cr\u00e8me Pieds 10% d&#8217;ur\u00e9e offre un soin intensif aux pieds secs \u00e0 tr\u00e8s secs, avec ou sans talon fendill\u00e9. Enrichie en ur\u00e9e et en lactate, elle garantit une hydratation longue dur\u00e9e m\u00eame sur les peaux s\u00e8ches et craquel\u00e9es. Elle agit rapidement pour apaiser la s\u00e9cheresse cutan\u00e9e et l&#8217;inconfort et laisse les pieds [&hellip;]<\/p>\n","protected":false},"featured_media":19057,"template":"","meta":[],"product_brand":[],"product_cat":[15,132],"product_tag":[],"class_list":{"0":"post-18851","1":"product","2":"type-product","3":"status-publish","4":"has-post-thumbnail","6":"product_cat-tout","7":"product_cat-eucerin","8":"ts_product_brand-eucerin","10":"first","11":"instock","12":"sale","13":"shipping-taxable","14":"purchasable","15":"product-type-simple"},"_links":{"self":[{"href":"https:\/\/para-mirava.ma\/index.php?rest_route=\/wp\/v2\/product\/18851","targetHints":{"allow":["GET"]}}],"collection":[{"href":"https:\/\/para-mirava.ma\/index.php?rest_route=\/wp\/v2\/product"}],"about":[{"href":"https:\/\/para-mirava.ma\/index.php?rest_route=\/wp\/v2\/types\/product"}],"wp:featuredmedia":[{"embeddable":true,"href":"https:\/\/para-mirava.ma\/index.php?rest_route=\/wp\/v2\/media\/19057"}],"wp:attachment":[{"href":"https:\/\/para-mirava.ma\/index.php?rest_route=%2Fwp%2Fv2%2Fmedia&parent=18851"}],"wp:term":[{"taxonomy":"product_brand","embeddable":true,"href":"https:\/\/para-mirava.ma\/index.php?rest_route=%2Fwp%2Fv2%2Fproduct_brand&post=18851"},{"taxonomy":"product_cat","embeddable":true,"href":"https:\/\/para-mirava.ma\/index.php?rest_route=%2Fwp%2Fv2%2Fproduct_cat&post=18851"},{"taxonomy":"product_tag","embeddable":true,"href":"https:\/\/para-mirava.ma\/index.php?rest_route=%2Fwp%2Fv2%2Fproduct_tag&post=18851"}],"curies":[{"name":"wp","href":"https:\/\/api.w.org\/{rel}","templated":true}]}}