{"id":18852,"date":"2026-03-14T19:49:12","date_gmt":"2026-03-14T19:49:12","guid":{"rendered":"https:\/\/para-mirava.ma\/?product=eucerin-ecran-creme-p-seches-50"},"modified":"2026-03-17T18:43:04","modified_gmt":"2026-03-17T18:43:04","slug":"eucerin-ecran-creme-p-seches-50","status":"publish","type":"product","link":"https:\/\/para-mirava.ma\/?product=eucerin-ecran-creme-p-seches-50","title":{"rendered":"EUCERIN ECRAN CREME P SECHES 50+"},"content":{"rendered":"<p>Eucerin SUN PROTECTION SENSITIVE PROTECT Cr\u00e8me SPF 50+ est un \u00e9cran solaire avanc\u00e9 pour le visage, sp\u00e9cialement formul\u00e9 pour prot\u00e9ger contre le vieillissement cutan\u00e9 et les taches d&#8217;hyperpigmentation caus\u00e9s par le soleil. Il convient aux peaux normales et s\u00e8ches et est r\u00e9sistant \u00e0 l&#8217;eau.<\/p>\n<p>Sa formule innovante offre une protection contre les dommages li\u00e9s aux UV, agissant \u00e0 la fois dans les couches sup\u00e9rieures et profondes de la peau. Elle contient un syst\u00e8me de filtres UVA\/UVB hautement efficaces et stables avec Tinosorb S, qui prot\u00e8ge activement des coups de soleil, conform\u00e9ment aux recommandations de l&#8217;UE.<\/p>\n<p>Le produit stimule \u00e9galement le processus naturel de r\u00e9paration des cellules cutan\u00e9es endommag\u00e9es par le soleil gr\u00e2ce \u00e0 la pr\u00e9sence d&#8217;acide glycyrrh\u00e9tinique. De plus, il offre une protection cellulaire gr\u00e2ce \u00e0 la licochalcone A, un puissant antioxydant qui prot\u00e8ge les cellules de la peau contre les dommages caus\u00e9s par les radicaux libres.<\/p>\n<p>Des \u00e9tudes cliniques et dermatologiques prouvent une tr\u00e8s bonne tol\u00e9rance cutan\u00e9e sur les peaux sensibles, y compris celles \u00e0 tendance atopique.<\/p>\n","protected":false},"excerpt":{"rendered":"<p>Eucerin SUN PROTECTION SENSITIVE PROTECT Cr\u00e8me SPF 50+ est un \u00e9cran solaire avanc\u00e9 pour le visage, sp\u00e9cialement formul\u00e9 pour prot\u00e9ger contre le vieillissement cutan\u00e9 et les taches d&#8217;hyperpigmentation caus\u00e9s par le soleil. Il convient aux peaux normales et s\u00e8ches et est r\u00e9sistant \u00e0 l&#8217;eau. Sa formule innovante offre une protection contre les dommages li\u00e9s aux [&hellip;]<\/p>\n","protected":false},"featured_media":19058,"template":"","meta":[],"product_brand":[],"product_cat":[15,132],"product_tag":[],"class_list":{"0":"post-18852","1":"product","2":"type-product","3":"status-publish","4":"has-post-thumbnail","6":"product_cat-tout","7":"product_cat-eucerin","8":"ts_product_brand-eucerin","10":"first","11":"instock","12":"sale","13":"shipping-taxable","14":"purchasable","15":"product-type-simple"},"_links":{"self":[{"href":"https:\/\/para-mirava.ma\/index.php?rest_route=\/wp\/v2\/product\/18852","targetHints":{"allow":["GET"]}}],"collection":[{"href":"https:\/\/para-mirava.ma\/index.php?rest_route=\/wp\/v2\/product"}],"about":[{"href":"https:\/\/para-mirava.ma\/index.php?rest_route=\/wp\/v2\/types\/product"}],"wp:featuredmedia":[{"embeddable":true,"href":"https:\/\/para-mirava.ma\/index.php?rest_route=\/wp\/v2\/media\/19058"}],"wp:attachment":[{"href":"https:\/\/para-mirava.ma\/index.php?rest_route=%2Fwp%2Fv2%2Fmedia&parent=18852"}],"wp:term":[{"taxonomy":"product_brand","embeddable":true,"href":"https:\/\/para-mirava.ma\/index.php?rest_route=%2Fwp%2Fv2%2Fproduct_brand&post=18852"},{"taxonomy":"product_cat","embeddable":true,"href":"https:\/\/para-mirava.ma\/index.php?rest_route=%2Fwp%2Fv2%2Fproduct_cat&post=18852"},{"taxonomy":"product_tag","embeddable":true,"href":"https:\/\/para-mirava.ma\/index.php?rest_route=%2Fwp%2Fv2%2Fproduct_tag&post=18852"}],"curies":[{"name":"wp","href":"https:\/\/api.w.org\/{rel}","templated":true}]}}