{"id":18854,"date":"2026-03-14T19:49:12","date_gmt":"2026-03-14T19:49:12","guid":{"rendered":"https:\/\/para-mirava.ma\/?product=eucerin-ecran-fluide-anti-age-50ml"},"modified":"2026-03-17T18:43:04","modified_gmt":"2026-03-17T18:43:04","slug":"eucerin-ecran-fluide-anti-age-50ml","status":"publish","type":"product","link":"https:\/\/para-mirava.ma\/?product=eucerin-ecran-fluide-anti-age-50ml","title":{"rendered":"EUCERIN ECRAN FLUIDE ANTI AGE 50ML"},"content":{"rendered":"<p>Eucerin SUN PROTECTION PHOTOAGING CONTROL Fluid SPF 50 est une haute protection solaire qui peut \u00eatre utilis\u00e9e quotidiennement et qui est adapt\u00e9e \u00e0 tous les types de peau.<\/p>\n<p>Elle prot\u00e8ge votre visage des coups de soleil et des dommages cutan\u00e9s caus\u00e9s par les UV tout en r\u00e9duisant visiblement les signes du photovieillissement. Sa formule combine deux technologies de pointe qui prot\u00e8gent la peau contre les dommages dus aux UV, notamment la formation des taches de vieillesse, et qui hydratent intens\u00e9ment afin de r\u00e9duire visiblement l&#8217;apparence des rides sur le visage et le d\u00e9collet\u00e9. D\u00e9velopp\u00e9e sp\u00e9cifiquement pour une application sur le visage, cette formule contient une protection anti-UVA et UVB efficace ainsi que de l&#8217;Acide Hyaluronique ayant une efficacit\u00e9 anti-\u00e2ge.<\/p>\n<p>Le soutien des m\u00e9canismes de protection des cellules est apport\u00e9e par la combinaison d&#8217;Acide Glycyrrh\u00e9tinique aux propri\u00e9t\u00e9s antioxydantes, qui favorise les m\u00e9canismes naturels de protection et de r\u00e9paration de l&#8217;ADN, et de Licochalcone A, un puissant antioxydant qui prot\u00e8ge les cellules de la peau contre les dommages provoqu\u00e9s par les radicaux libres. Afin de r\u00e9duire l&#8217;apparence des rides et ridules, cette formule contient deux types d&#8217;Acide Hyaluronique &#8212; de haut et de bas poids mol\u00e9culaire &#8212; qui aident \u00e0 hydrater efficacement et intens\u00e9ment la peau de votre visage. Son syst\u00e8me de filtres UVA\/UVB stables et hautement efficaces respecte les normes de l&#8217;Union Europ\u00e9enne et de Cosmetics Europe &#8212; Association Europ\u00e9enne des Cosm\u00e9tiques (anciennement Colipa). La texture l\u00e9g\u00e8re et agr\u00e9able d&#8217;Eucerin SUN PROTECTION PHOTOAGING CONTROL Fluid SPF 50 p\u00e9n\u00e8tre facilement et laisse sur la peau un fini mat.<\/p>\n","protected":false},"excerpt":{"rendered":"<p>Eucerin SUN PROTECTION PHOTOAGING CONTROL Fluid SPF 50 est une haute protection solaire qui peut \u00eatre utilis\u00e9e quotidiennement et qui est adapt\u00e9e \u00e0 tous les types de peau. Elle prot\u00e8ge votre visage des coups de soleil et des dommages cutan\u00e9s caus\u00e9s par les UV tout en r\u00e9duisant visiblement les signes du photovieillissement. Sa formule combine [&hellip;]<\/p>\n","protected":false},"featured_media":19062,"template":"","meta":[],"product_brand":[],"product_cat":[15,132],"product_tag":[],"class_list":{"0":"post-18854","1":"product","2":"type-product","3":"status-publish","4":"has-post-thumbnail","6":"product_cat-tout","7":"product_cat-eucerin","8":"ts_product_brand-eucerin","10":"first","11":"instock","12":"sale","13":"shipping-taxable","14":"purchasable","15":"product-type-simple"},"_links":{"self":[{"href":"https:\/\/para-mirava.ma\/index.php?rest_route=\/wp\/v2\/product\/18854","targetHints":{"allow":["GET"]}}],"collection":[{"href":"https:\/\/para-mirava.ma\/index.php?rest_route=\/wp\/v2\/product"}],"about":[{"href":"https:\/\/para-mirava.ma\/index.php?rest_route=\/wp\/v2\/types\/product"}],"wp:featuredmedia":[{"embeddable":true,"href":"https:\/\/para-mirava.ma\/index.php?rest_route=\/wp\/v2\/media\/19062"}],"wp:attachment":[{"href":"https:\/\/para-mirava.ma\/index.php?rest_route=%2Fwp%2Fv2%2Fmedia&parent=18854"}],"wp:term":[{"taxonomy":"product_brand","embeddable":true,"href":"https:\/\/para-mirava.ma\/index.php?rest_route=%2Fwp%2Fv2%2Fproduct_brand&post=18854"},{"taxonomy":"product_cat","embeddable":true,"href":"https:\/\/para-mirava.ma\/index.php?rest_route=%2Fwp%2Fv2%2Fproduct_cat&post=18854"},{"taxonomy":"product_tag","embeddable":true,"href":"https:\/\/para-mirava.ma\/index.php?rest_route=%2Fwp%2Fv2%2Fproduct_tag&post=18854"}],"curies":[{"name":"wp","href":"https:\/\/api.w.org\/{rel}","templated":true}]}}