{"id":18855,"date":"2026-03-14T19:49:12","date_gmt":"2026-03-14T19:49:12","guid":{"rendered":"https:\/\/para-mirava.ma\/?product=eucerin-dermopure-oil-control-gel-nettoyant-200ml"},"modified":"2026-03-17T18:43:04","modified_gmt":"2026-03-17T18:43:04","slug":"eucerin-dermopure-oil-control-gel-nettoyant-200ml","status":"publish","type":"product","link":"https:\/\/para-mirava.ma\/?product=eucerin-dermopure-oil-control-gel-nettoyant-200ml","title":{"rendered":"EUCERIN DERMOPURE OIL CONTROL GEL NETTOYANT 200ML"},"content":{"rendered":"<p>EUCERIN DermoPure Gel Nettoyant \u00e9limine efficacement et en douceur l&#8217;exc\u00e8s de s\u00e9bum, tout en enlevant les impuret\u00e9s et le maquillage, gr\u00e2ce \u00e0 sa formule sans savon avec 6% de Tensioactifs Amphot\u00e8res. La peau du visage est propre, fra\u00eeche et souple. Non-com\u00e9dog\u00e8ne.<\/p>\n<p>\u00c9tudes cliniques et dermatologiques<br \/>\nDes \u00e9tudes cliniques et dermatologiques ont d\u00e9montr\u00e9 une haute tol\u00e9rance cutan\u00e9e et une efficacit\u00e9 excellente sur la peau grasse \u00e0 tendance acn\u00e9ique des patients. Une \u00e9tude contr\u00f4l\u00e9e contre placebo a \u00e9t\u00e9 men\u00e9e pendant une p\u00e9riode de trois mois en 1999 sur 90 hommes et femmes \u00e2g\u00e9s de 16 \u00e0 46 ans souffrant d&#8217;acn\u00e9 vulgaris. Son but \u00e9tait entre autre de prouver l&#8217;efficacit\u00e9 de EUCERIN DermoPure Gel Nettoyant.<\/p>\n<p>EUCERIN DERMOPURE OIL CONTROL GEL NETTOYANT 200ML est disponible dans votre Parapharmacie en ligne<\/p>\n","protected":false},"excerpt":{"rendered":"<p>EUCERIN DermoPure Gel Nettoyant \u00e9limine efficacement et en douceur l&#8217;exc\u00e8s de s\u00e9bum, tout en enlevant les impuret\u00e9s et le maquillage, gr\u00e2ce \u00e0 sa formule sans savon avec 6% de Tensioactifs Amphot\u00e8res. La peau du visage est propre, fra\u00eeche et souple. Non-com\u00e9dog\u00e8ne. \u00c9tudes cliniques et dermatologiques Des \u00e9tudes cliniques et dermatologiques ont d\u00e9montr\u00e9 une haute tol\u00e9rance [&hellip;]<\/p>\n","protected":false},"featured_media":19063,"template":"","meta":[],"product_brand":[],"product_cat":[15,132],"product_tag":[],"class_list":{"0":"post-18855","1":"product","2":"type-product","3":"status-publish","4":"has-post-thumbnail","6":"product_cat-tout","7":"product_cat-eucerin","8":"ts_product_brand-eucerin","10":"first","11":"instock","12":"sale","13":"shipping-taxable","14":"purchasable","15":"product-type-simple"},"_links":{"self":[{"href":"https:\/\/para-mirava.ma\/index.php?rest_route=\/wp\/v2\/product\/18855","targetHints":{"allow":["GET"]}}],"collection":[{"href":"https:\/\/para-mirava.ma\/index.php?rest_route=\/wp\/v2\/product"}],"about":[{"href":"https:\/\/para-mirava.ma\/index.php?rest_route=\/wp\/v2\/types\/product"}],"wp:featuredmedia":[{"embeddable":true,"href":"https:\/\/para-mirava.ma\/index.php?rest_route=\/wp\/v2\/media\/19063"}],"wp:attachment":[{"href":"https:\/\/para-mirava.ma\/index.php?rest_route=%2Fwp%2Fv2%2Fmedia&parent=18855"}],"wp:term":[{"taxonomy":"product_brand","embeddable":true,"href":"https:\/\/para-mirava.ma\/index.php?rest_route=%2Fwp%2Fv2%2Fproduct_brand&post=18855"},{"taxonomy":"product_cat","embeddable":true,"href":"https:\/\/para-mirava.ma\/index.php?rest_route=%2Fwp%2Fv2%2Fproduct_cat&post=18855"},{"taxonomy":"product_tag","embeddable":true,"href":"https:\/\/para-mirava.ma\/index.php?rest_route=%2Fwp%2Fv2%2Fproduct_tag&post=18855"}],"curies":[{"name":"wp","href":"https:\/\/api.w.org\/{rel}","templated":true}]}}