{"id":18856,"date":"2026-03-14T19:49:12","date_gmt":"2026-03-14T19:49:12","guid":{"rendered":"https:\/\/para-mirava.ma\/?product=eucerin-dermopure-gommage-100ml"},"modified":"2026-03-17T18:43:04","modified_gmt":"2026-03-17T18:43:04","slug":"eucerin-dermopure-gommage-100ml","status":"publish","type":"product","link":"https:\/\/para-mirava.ma\/?product=eucerin-dermopure-gommage-100ml","title":{"rendered":"EUCERIN DERMOPURE GOMMAGE 100ML"},"content":{"rendered":"<p>Application de EUCERIN DermoPure Gommage sur le visage<\/p>\n<p>Massez doucement sur le visage.<\/p>\n<p>Rincez abondamment.<\/p>\n<p>\u00c9vitez tout contact avec les yeux.<\/p>\n<p>Gr\u00e2ce \u00e0 sa formule enrichie en Acide Lactique et qui renferme des micro-particules, EUCERIN DermoPure Gommage d\u00e9sobstrue les pores, contribue \u00e0 combattre les points noirs et les imperfections et affine le grain de peau.<\/p>\n<p>\u00c9tudes cliniques et dermatologiques<\/p>\n<p>Entre avril et juin 2005, 16 femmes et 4 hommes \u00e2g\u00e9s de 13 \u00e0 34 ans (pour une moyenne d&#8217;\u00e2ge de 18 ans et demi) ont pris part \u00e0 une \u00e9tude ouverte en Allemagne. Le traitement de six semaines a test\u00e9 l&#8217;efficacit\u00e9 de EUCERIN DermoPure Gommage.<\/p>\n<p>EUCERIN DERMOPURE GOMMAGE 100ML est disponible dans votre Parapharmacie en ligne<\/p>\n","protected":false},"excerpt":{"rendered":"<p>Application de EUCERIN DermoPure Gommage sur le visage Massez doucement sur le visage. Rincez abondamment. \u00c9vitez tout contact avec les yeux. Gr\u00e2ce \u00e0 sa formule enrichie en Acide Lactique et qui renferme des micro-particules, EUCERIN DermoPure Gommage d\u00e9sobstrue les pores, contribue \u00e0 combattre les points noirs et les imperfections et affine le grain de peau. [&hellip;]<\/p>\n","protected":false},"featured_media":19061,"template":"","meta":[],"product_brand":[],"product_cat":[15,132],"product_tag":[],"class_list":{"0":"post-18856","1":"product","2":"type-product","3":"status-publish","4":"has-post-thumbnail","6":"product_cat-tout","7":"product_cat-eucerin","8":"ts_product_brand-eucerin","10":"first","11":"instock","12":"sale","13":"shipping-taxable","14":"purchasable","15":"product-type-simple"},"_links":{"self":[{"href":"https:\/\/para-mirava.ma\/index.php?rest_route=\/wp\/v2\/product\/18856","targetHints":{"allow":["GET"]}}],"collection":[{"href":"https:\/\/para-mirava.ma\/index.php?rest_route=\/wp\/v2\/product"}],"about":[{"href":"https:\/\/para-mirava.ma\/index.php?rest_route=\/wp\/v2\/types\/product"}],"wp:featuredmedia":[{"embeddable":true,"href":"https:\/\/para-mirava.ma\/index.php?rest_route=\/wp\/v2\/media\/19061"}],"wp:attachment":[{"href":"https:\/\/para-mirava.ma\/index.php?rest_route=%2Fwp%2Fv2%2Fmedia&parent=18856"}],"wp:term":[{"taxonomy":"product_brand","embeddable":true,"href":"https:\/\/para-mirava.ma\/index.php?rest_route=%2Fwp%2Fv2%2Fproduct_brand&post=18856"},{"taxonomy":"product_cat","embeddable":true,"href":"https:\/\/para-mirava.ma\/index.php?rest_route=%2Fwp%2Fv2%2Fproduct_cat&post=18856"},{"taxonomy":"product_tag","embeddable":true,"href":"https:\/\/para-mirava.ma\/index.php?rest_route=%2Fwp%2Fv2%2Fproduct_tag&post=18856"}],"curies":[{"name":"wp","href":"https:\/\/api.w.org\/{rel}","templated":true}]}}