{"id":18858,"date":"2026-03-14T19:49:13","date_gmt":"2026-03-14T19:49:13","guid":{"rendered":"https:\/\/para-mirava.ma\/?product=eucerin-dermopure-hydra-creme-apaisante-50ml"},"modified":"2026-03-17T18:43:03","modified_gmt":"2026-03-17T18:43:03","slug":"eucerin-dermopure-hydra-creme-apaisante-50ml","status":"publish","type":"product","link":"https:\/\/para-mirava.ma\/?product=eucerin-dermopure-hydra-creme-apaisante-50ml","title":{"rendered":"EUCERIN DERMOPURE HYDRA CREME APAISANTE 50ML"},"content":{"rendered":"<p>EUCERIN DermoPure HYDRA Cr\u00e8me Compensatrice Apaisante Att\u00e9nue les effets secondaires des traitements dermatologiques dess\u00e9chants. Sa formule hydratante et non-collante apaise les irritations et r\u00e9duit les sensations de tiraillements, ainsi que les rougeurs. Ce soin aide ainsi \u00e0 reprendre le contr\u00f4le face aux besoins des peaux \u00e0 imperfections.<\/p>\n<p>L&#8217;innovation :<br \/>\nLa Symsitive calme les sensations d&#8217;inconfort directement \u00e0 la source.<br \/>\nLa Licochalcone A (issue de la r\u00e9glisse) calme les irritations et aide \u00e0 r\u00e9duire les rougeurs.<br \/>\nLes C\u00e9ramides aident \u00e0 restaurer la barri\u00e8re protectrice de la peau et r\u00e9duisent ainsi les pertes insensibles en eau.<\/p>\n<p>\u00c9tudes cliniques et dermatologiques<br \/>\nUne \u00e9tude visant \u00e0 tester l&#8217;efficacit\u00e9 de EUCERIN DermoPure HYDRA cr\u00e8me compensatrice apaisante a \u00e9t\u00e9 men\u00e9e. 52 sujets (hommes et femmes) \u00e2g\u00e9s de 16 \u00e0 43 ans et sous traitement m\u00e9dical* depuis \u00e0 minima 2 semaines avant le d\u00e9but de l&#8217;\u00e9tude ont utilis\u00e9 EUCERIN DermoPure HYDRA cr\u00e8me compensatrice pendant 14 jours \u00e0 raison de 2 fois par jour. * Traitements possibles : cutacnyl &#8212; Diff\u00e9rine &#8212; locadiol &#8212; Curacn\u00e9 &#8212; Coutracn\u00e9 &#8212; Procuta &#8212; Acnetrait<\/p>\n<p>EUCERIN DERMOPURE HYDRA CREME APAISANTE 50ML est disponible dans votre Parapharmacie en ligne C\u00f4t\u00e9 para \u00e0 Prix discount , livraison Partout Au Maroc<\/p>\n","protected":false},"excerpt":{"rendered":"<p>EUCERIN DermoPure HYDRA Cr\u00e8me Compensatrice Apaisante Att\u00e9nue les effets secondaires des traitements dermatologiques dess\u00e9chants. Sa formule hydratante et non-collante apaise les irritations et r\u00e9duit les sensations de tiraillements, ainsi que les rougeurs. Ce soin aide ainsi \u00e0 reprendre le contr\u00f4le face aux besoins des peaux \u00e0 imperfections. L&#8217;innovation : La Symsitive calme les sensations d&#8217;inconfort [&hellip;]<\/p>\n","protected":false},"featured_media":19053,"template":"","meta":[],"product_brand":[],"product_cat":[15,132],"product_tag":[],"class_list":{"0":"post-18858","1":"product","2":"type-product","3":"status-publish","4":"has-post-thumbnail","6":"product_cat-tout","7":"product_cat-eucerin","8":"ts_product_brand-eucerin","10":"first","11":"instock","12":"sale","13":"shipping-taxable","14":"purchasable","15":"product-type-simple"},"_links":{"self":[{"href":"https:\/\/para-mirava.ma\/index.php?rest_route=\/wp\/v2\/product\/18858","targetHints":{"allow":["GET"]}}],"collection":[{"href":"https:\/\/para-mirava.ma\/index.php?rest_route=\/wp\/v2\/product"}],"about":[{"href":"https:\/\/para-mirava.ma\/index.php?rest_route=\/wp\/v2\/types\/product"}],"wp:featuredmedia":[{"embeddable":true,"href":"https:\/\/para-mirava.ma\/index.php?rest_route=\/wp\/v2\/media\/19053"}],"wp:attachment":[{"href":"https:\/\/para-mirava.ma\/index.php?rest_route=%2Fwp%2Fv2%2Fmedia&parent=18858"}],"wp:term":[{"taxonomy":"product_brand","embeddable":true,"href":"https:\/\/para-mirava.ma\/index.php?rest_route=%2Fwp%2Fv2%2Fproduct_brand&post=18858"},{"taxonomy":"product_cat","embeddable":true,"href":"https:\/\/para-mirava.ma\/index.php?rest_route=%2Fwp%2Fv2%2Fproduct_cat&post=18858"},{"taxonomy":"product_tag","embeddable":true,"href":"https:\/\/para-mirava.ma\/index.php?rest_route=%2Fwp%2Fv2%2Fproduct_tag&post=18858"}],"curies":[{"name":"wp","href":"https:\/\/api.w.org\/{rel}","templated":true}]}}