{"id":18860,"date":"2026-03-14T19:49:13","date_gmt":"2026-03-14T19:49:13","guid":{"rendered":"https:\/\/para-mirava.ma\/?product=eucerin-anti-pigment-soin-de-nuit-50ml"},"modified":"2026-03-17T18:43:03","modified_gmt":"2026-03-17T18:43:03","slug":"eucerin-anti-pigment-soin-de-nuit-50ml","status":"publish","type":"product","link":"https:\/\/para-mirava.ma\/?product=eucerin-anti-pigment-soin-de-nuit-50ml","title":{"rendered":"EUCERIN ANTI PIGMENT SOIN DE NUIT 50ML"},"content":{"rendered":"<p>La m\u00e9lanine est un pigment naturel qui donne de la couleur \u00e0 la peau. L&#8217;exposition \u00e0 la lumi\u00e8re du soleil, aux influences hormonales et au vieillissement peuvent entra\u00eener une augmentation de la production de m\u00e9lanine et d\u00e9clencher une hyperpigmentation. L&#8217;hyperpigmentation appara\u00eet sous forme de taches fonc\u00e9es et de taches de vieillesse (\u00e9galement appel\u00e9es taches de soleil) qui donnent \u00e0 la peau une apparence inhomog\u00e8ne.<\/p>\n<p>Eucerin ANTI-PIGMENT Soin de Nuit contient du Thiamidol, un ingr\u00e9dient efficace et brevet\u00e9 qui agit \u00e0 la base de l&#8217;hyperpigmentation en r\u00e9duisant la production de m\u00e9lanine. La peau para\u00eet uniforme, radieuse et \u00e9clatante.<\/p>\n<p>\u00c9tudes cliniques et dermatologiques<br \/>\nDes \u00e9tudes cliniques et dermatologiques d\u00e9montrent une tr\u00e8s bonne efficacit\u00e9 et aussi une bonne tol\u00e9rance \u00e0 la peau.<\/p>\n<p>EUCERIN ANTI PIGMENT SOIN DE NUIT 50ML est disponible dans votre Parapharmacie en ligne<\/p>\n","protected":false},"excerpt":{"rendered":"<p>La m\u00e9lanine est un pigment naturel qui donne de la couleur \u00e0 la peau. L&#8217;exposition \u00e0 la lumi\u00e8re du soleil, aux influences hormonales et au vieillissement peuvent entra\u00eener une augmentation de la production de m\u00e9lanine et d\u00e9clencher une hyperpigmentation. L&#8217;hyperpigmentation appara\u00eet sous forme de taches fonc\u00e9es et de taches de vieillesse (\u00e9galement appel\u00e9es taches de [&hellip;]<\/p>\n","protected":false},"featured_media":19055,"template":"","meta":[],"product_brand":[],"product_cat":[15,132],"product_tag":[],"class_list":{"0":"post-18860","1":"product","2":"type-product","3":"status-publish","4":"has-post-thumbnail","6":"product_cat-tout","7":"product_cat-eucerin","8":"ts_product_brand-eucerin","10":"first","11":"instock","12":"sale","13":"shipping-taxable","14":"purchasable","15":"product-type-simple"},"_links":{"self":[{"href":"https:\/\/para-mirava.ma\/index.php?rest_route=\/wp\/v2\/product\/18860","targetHints":{"allow":["GET"]}}],"collection":[{"href":"https:\/\/para-mirava.ma\/index.php?rest_route=\/wp\/v2\/product"}],"about":[{"href":"https:\/\/para-mirava.ma\/index.php?rest_route=\/wp\/v2\/types\/product"}],"wp:featuredmedia":[{"embeddable":true,"href":"https:\/\/para-mirava.ma\/index.php?rest_route=\/wp\/v2\/media\/19055"}],"wp:attachment":[{"href":"https:\/\/para-mirava.ma\/index.php?rest_route=%2Fwp%2Fv2%2Fmedia&parent=18860"}],"wp:term":[{"taxonomy":"product_brand","embeddable":true,"href":"https:\/\/para-mirava.ma\/index.php?rest_route=%2Fwp%2Fv2%2Fproduct_brand&post=18860"},{"taxonomy":"product_cat","embeddable":true,"href":"https:\/\/para-mirava.ma\/index.php?rest_route=%2Fwp%2Fv2%2Fproduct_cat&post=18860"},{"taxonomy":"product_tag","embeddable":true,"href":"https:\/\/para-mirava.ma\/index.php?rest_route=%2Fwp%2Fv2%2Fproduct_tag&post=18860"}],"curies":[{"name":"wp","href":"https:\/\/api.w.org\/{rel}","templated":true}]}}