{"id":18861,"date":"2026-03-14T19:49:14","date_gmt":"2026-03-14T19:49:14","guid":{"rendered":"https:\/\/para-mirava.ma\/?product=eucerin-atopicontrol-huile-de-bain-et-douche-400ml"},"modified":"2026-03-17T18:43:03","modified_gmt":"2026-03-17T18:43:03","slug":"eucerin-atopicontrol-huile-de-bain-et-douche-400ml","status":"publish","type":"product","link":"https:\/\/para-mirava.ma\/?product=eucerin-atopicontrol-huile-de-bain-et-douche-400ml","title":{"rendered":"EUCERIN ATOPICONTROL HUILE DE BAIN ET DOUCHE 400ML"},"content":{"rendered":"<p>\u00c0 propos de Huile de Bain peau s\u00e8che<\/p>\n<p>Soin lavant pour les peaux \u00e0 tendance \u00e0 l&#8217;ecz\u00e9ma atopique<\/p>\n<p>La peau \u00e0 tendance \u00e0 l&#8217;ecz\u00e9ma atopique peut \u00eatre s\u00e8che, sujette au grattage et aux sensations de d\u00e9mangeaison. Ces signes sont exacerb\u00e9s par des nettoyants agressifs.<\/p>\n<p>EUCERIN AtopiControl Huile Bain et Douche est sans savon et enrichie d&#8217;une haute concentration en om\u00e9ga-3 et om\u00e9ga-6, pour nettoyer et apaiser en douceur la peau \u00e0 tendance \u00e0 l&#8217;ecz\u00e9ma atopique. Le nettoyant corporel pour les peaux s\u00e8ches \u00e0 tendance \u00e0 l&#8217;ecz\u00e9ma atopique soulage les sensations de d\u00e9mangeaisons et aide \u00e0 pr\u00e9server la barri\u00e8re naturelle de la peau.<\/p>\n<p>M\u00eame avec un lavage r\u00e9gulier, la peau est prot\u00e9g\u00e9e contre la s\u00e9cheresse et les sensations de d\u00e9mangeaisons.<\/p>\n<p>L&#8217;huile nettoyante peut \u00eatre utilis\u00e9e quotidiennement pendant les phase de pouss\u00e9es de s\u00e9cheresse cutan\u00e9e s\u00e9v\u00e8re ainsi qu&#8217;entre ces p\u00e9riodes pendant lorsque la peau est moins sensibles.<\/p>\n<p>EUCERIN AtopiControl Huile Bain et Douche ne contient pas de parfum et convient aux adultes, aux enfants et aux nouveaux n\u00e9s.<\/p>\n<p>Propri\u00e9t\u00e9s<\/p>\n<p>adapt\u00e9 aux b\u00e9b\u00e9s<\/p>\n<p>sans parfum<\/p>\n<p>Conseils d&#8217;utilisation<\/p>\n<p>Appliquez EUCERIN AtopiControl Huile Bain et Douche sur la peau humide<\/p>\n<p>Mousser dans vos mains ou appliquer directement sur votre corps<\/p>\n<p>Massez doucement puis rincez abondamment<\/p>\n<p>Peau s\u00e8che avec une serviette sans frotter<\/p>\n<p>\u00c9viter le contact avec les yeux<\/p>\n<p>Peut \u00eatre utilis\u00e9 comme bain moussant pour le bain des b\u00e9b\u00e9s<\/p>\n<p>Pour de meilleurs r\u00e9sultats, utiliser en combinaison avec d&#8217;autres produits Eucerin AtopiControl<\/p>\n<p>EUCERIN ATOPICONTROL HUILE DE BAIN ET DOUCHE 400ML est disponible dans votre Parapharmacie en ligne C\u00f4t\u00e9 para \u00e0 Prix discount , livraison Partout Au Maroc<\/p>\n<p>Pourquoi Choisir C\u00f4t\u00e9 para ?<\/p>\n<p>Tout d&#8217;abord , C\u00f4t\u00e9 Para est pr\u00e9sente sur le March\u00e9 de la cosm\u00e9tique depuis 2009<\/p>\n<p>Ensuite Elle Pr\u00e9sente plus de 18000 R\u00e9f\u00e9rence de produits cosm\u00e9tiques<\/p>\n<p>Troisi\u00e8mement C\u00f4t\u00e9 Para propose le meilleur Prix du March\u00e9 ( Rapport Qualit\u00e9 \/ Prix )<\/p>\n<p>Quatri\u00e8mement Elle mets \u00e0 votre disposition des produits 100% Authentique<\/p>\n<p>Cinqui\u00e8mement Elle offre avec chaque commande des gratuit\u00e9s , cadeaux , trousses , \u00e9chantillons selon les disponibilit\u00e9s en Stock<\/p>\n<p>Sans oublier le service Rapide de la livraison , toute fois C\u00f4t\u00e9 Para a 4 points de vente :<\/p>\n<p>Premier Magasin : sur Bd El Qods en face de la patisserie 4 cerises<\/p>\n<p>Deuxi\u00e8me Magasin : sur Bourgogne \u00e0 C\u00f4t\u00e9 de la clinique Badr .<\/p>\n<p>Troisi\u00e8me Magasin: Sur Sidi Maarouf \u00e0 Ovillage, Av. Abou Bakr el Kadiri<\/p>\n<p>Quatri\u00e8me Magasin : Sur Bouskoura au Centre Commercial Triangle Vert, Bouskoura Ville verte<\/p>\n","protected":false},"excerpt":{"rendered":"<p>\u00c0 propos de Huile de Bain peau s\u00e8che Soin lavant pour les peaux \u00e0 tendance \u00e0 l&#8217;ecz\u00e9ma atopique La peau \u00e0 tendance \u00e0 l&#8217;ecz\u00e9ma atopique peut \u00eatre s\u00e8che, sujette au grattage et aux sensations de d\u00e9mangeaison. Ces signes sont exacerb\u00e9s par des nettoyants agressifs. EUCERIN AtopiControl Huile Bain et Douche est sans savon et enrichie [&hellip;]<\/p>\n","protected":false},"featured_media":19045,"template":"","meta":[],"product_brand":[],"product_cat":[15,132],"product_tag":[],"class_list":{"0":"post-18861","1":"product","2":"type-product","3":"status-publish","4":"has-post-thumbnail","6":"product_cat-tout","7":"product_cat-eucerin","8":"ts_product_brand-eucerin","10":"first","11":"instock","12":"sale","13":"shipping-taxable","14":"purchasable","15":"product-type-simple"},"_links":{"self":[{"href":"https:\/\/para-mirava.ma\/index.php?rest_route=\/wp\/v2\/product\/18861","targetHints":{"allow":["GET"]}}],"collection":[{"href":"https:\/\/para-mirava.ma\/index.php?rest_route=\/wp\/v2\/product"}],"about":[{"href":"https:\/\/para-mirava.ma\/index.php?rest_route=\/wp\/v2\/types\/product"}],"wp:featuredmedia":[{"embeddable":true,"href":"https:\/\/para-mirava.ma\/index.php?rest_route=\/wp\/v2\/media\/19045"}],"wp:attachment":[{"href":"https:\/\/para-mirava.ma\/index.php?rest_route=%2Fwp%2Fv2%2Fmedia&parent=18861"}],"wp:term":[{"taxonomy":"product_brand","embeddable":true,"href":"https:\/\/para-mirava.ma\/index.php?rest_route=%2Fwp%2Fv2%2Fproduct_brand&post=18861"},{"taxonomy":"product_cat","embeddable":true,"href":"https:\/\/para-mirava.ma\/index.php?rest_route=%2Fwp%2Fv2%2Fproduct_cat&post=18861"},{"taxonomy":"product_tag","embeddable":true,"href":"https:\/\/para-mirava.ma\/index.php?rest_route=%2Fwp%2Fv2%2Fproduct_tag&post=18861"}],"curies":[{"name":"wp","href":"https:\/\/api.w.org\/{rel}","templated":true}]}}