{"id":18862,"date":"2026-03-14T19:49:14","date_gmt":"2026-03-14T19:49:14","guid":{"rendered":"https:\/\/para-mirava.ma\/?product=eucerin-ecran-pigment-control-sun-fluid-spf50-50ml"},"modified":"2026-03-17T18:43:03","modified_gmt":"2026-03-17T18:43:03","slug":"eucerin-ecran-pigment-control-sun-fluid-spf50-50ml","status":"publish","type":"product","link":"https:\/\/para-mirava.ma\/?product=eucerin-ecran-pigment-control-sun-fluid-spf50-50ml","title":{"rendered":"EUCERIN ECRAN PIGMENT CONTROL SUN FLUID SPF50+ 50ML"},"content":{"rendered":"<p>Protection solaire anti-taches SUN PIGMENT CONTROL SPF 50. La lumi\u00e8re UV est la principale cause des dommages cutan\u00e9s caus\u00e9s par le soleil, mais la Lumi\u00e8re Visible de Haute \u00c9nergie (HEVIS) peut \u00e9galement induire des radicaux libres qui provoquent un stress suppl\u00e9mentaire pour la peau.<\/p>\n<p>La lumi\u00e8re du soleil d\u00e9clenche une augmentation de la production de m\u00e9lanine qui peut entra\u00eener des probl\u00e8mes d&#8217;hyperpigmentation tels que des taches brunes li\u00e9es au soleil.<\/p>\n<p>Eucerin SUN PIGMENT CONTROL Fluid SPF 50+ est une protection solaire quotidienne pour le visage, destin\u00e9 \u00e0 tous les types de peau, qui aide \u00e0 pr\u00e9venir l&#8217;hyperpigmentation induite par le soleil. L&#8217;Advanced Spectral Technology combine des filtres UVA\/UVB \u00e0 large spectre et photostables** pour une tr\u00e8s haute protection contre les UV avec de la Licochalcone A pour neutraliser les radicaux libres caus\u00e9s par les UV et la lumi\u00e8re HEVIS.<\/p>\n<p>L&#8217;\u00e9cran solaire comprend \u00e9galement de l&#8217;Acide Glycyrrh\u00e9tinique qui soutient le m\u00e9canisme de r\u00e9paration de l&#8217;ADN de la peau. La formule est \u00e9galement enrichie de Thiamidol, un ingr\u00e9dient efficace et brevet\u00e9 qui agit \u00e0 la racine de l&#8217;hyperpigmentation. Il r\u00e9duit visiblement les taches brunes au fil du temps et, lorsqu&#8217;il est utilis\u00e9 r\u00e9guli\u00e8rement, emp\u00eache leur r\u00e9apparition. Eucerin SUN PIGMENT CONTROL Fluid SPF 50+ a une texture l\u00e9g\u00e8re et agr\u00e9able qui est rapidement absorb\u00e9e et dont il est prouv\u00e9 cliniquement et dermatologiquement qu&#8217;elle est bien tol\u00e9r\u00e9e, m\u00eame par les peaux sensibles. ** R\u00e9pond aux normes \u00e9lev\u00e9es de protection contre les UVA et les UVB d\u00e9finies par Cosmetics Europe. Les niveaux de protection contre les UVA sont sup\u00e9rieurs \u00e0 la recommandation de l&#8217;UE.<\/p>\n<p>EUCERIN ECRAN PIGMENT CONTROL SUN FLUID SOF 50+ 50ML est disponible dans votre Parapharmacie en ligne<\/p>\n<p>&nbsp;<\/p>\n","protected":false},"excerpt":{"rendered":"<p>Protection solaire anti-taches SUN PIGMENT CONTROL SPF 50. La lumi\u00e8re UV est la principale cause des dommages cutan\u00e9s caus\u00e9s par le soleil, mais la Lumi\u00e8re Visible de Haute \u00c9nergie (HEVIS) peut \u00e9galement induire des radicaux libres qui provoquent un stress suppl\u00e9mentaire pour la peau. La lumi\u00e8re du soleil d\u00e9clenche une augmentation de la production de [&hellip;]<\/p>\n","protected":false},"featured_media":19046,"template":"","meta":[],"product_brand":[],"product_cat":[15,132],"product_tag":[],"class_list":{"0":"post-18862","1":"product","2":"type-product","3":"status-publish","4":"has-post-thumbnail","6":"product_cat-tout","7":"product_cat-eucerin","8":"ts_product_brand-eucerin","10":"first","11":"instock","12":"sale","13":"shipping-taxable","14":"purchasable","15":"product-type-simple"},"_links":{"self":[{"href":"https:\/\/para-mirava.ma\/index.php?rest_route=\/wp\/v2\/product\/18862","targetHints":{"allow":["GET"]}}],"collection":[{"href":"https:\/\/para-mirava.ma\/index.php?rest_route=\/wp\/v2\/product"}],"about":[{"href":"https:\/\/para-mirava.ma\/index.php?rest_route=\/wp\/v2\/types\/product"}],"wp:featuredmedia":[{"embeddable":true,"href":"https:\/\/para-mirava.ma\/index.php?rest_route=\/wp\/v2\/media\/19046"}],"wp:attachment":[{"href":"https:\/\/para-mirava.ma\/index.php?rest_route=%2Fwp%2Fv2%2Fmedia&parent=18862"}],"wp:term":[{"taxonomy":"product_brand","embeddable":true,"href":"https:\/\/para-mirava.ma\/index.php?rest_route=%2Fwp%2Fv2%2Fproduct_brand&post=18862"},{"taxonomy":"product_cat","embeddable":true,"href":"https:\/\/para-mirava.ma\/index.php?rest_route=%2Fwp%2Fv2%2Fproduct_cat&post=18862"},{"taxonomy":"product_tag","embeddable":true,"href":"https:\/\/para-mirava.ma\/index.php?rest_route=%2Fwp%2Fv2%2Fproduct_tag&post=18862"}],"curies":[{"name":"wp","href":"https:\/\/api.w.org\/{rel}","templated":true}]}}