{"id":18865,"date":"2026-03-14T19:49:14","date_gmt":"2026-03-14T19:49:14","guid":{"rendered":"https:\/\/para-mirava.ma\/?product=eucerin-dermopure-gel-nettoyant-triple-action-150ml"},"modified":"2026-03-17T18:43:03","modified_gmt":"2026-03-17T18:43:03","slug":"eucerin-dermopure-gel-nettoyant-triple-action-150ml","status":"publish","type":"product","link":"https:\/\/para-mirava.ma\/?product=eucerin-dermopure-gel-nettoyant-triple-action-150ml","title":{"rendered":"EUCERIN DERMOPURE GEL NETTOYANT TRIPLE ACTION 150ML"},"content":{"rendered":"<p>Utilisez le gel nettoyant comme premi\u00e8re \u00e9tape de votre routine. Appliquez deux fois par jour, matin et soir. Faites mousser le produit dans vos mains avec de l&#8217;eau pour cr\u00e9er une mousse douce. Appliquez sur le visage ou le corps pr\u00e9alablement mouill\u00e9, en \u00e9vitant le contour des yeux. Rincez \u00e0 l&#8217;eau. Poursuivez avec un produit de soin appropri\u00e9. Nous recommandons le S\u00e9rum Triple Action Eucerin DermoPure.<\/p>\n<p>Astuce beaut\u00e9 : utilisez la r\u00e8gle des 60 secondes pour une peau plus claire. Appliquez de l&#8217;eau ti\u00e8de sur votre visage et massez votre peau avec le gel nettoyant pendant 60 secondes \u00e0 l&#8217;aide de vos doigts. Rincez, s\u00e9chez en tamponnant la peau et poursuivez votre routine de soins.<\/p>\n","protected":false},"excerpt":{"rendered":"<p>Utilisez le gel nettoyant comme premi\u00e8re \u00e9tape de votre routine. Appliquez deux fois par jour, matin et soir. Faites mousser le produit dans vos mains avec de l&#8217;eau pour cr\u00e9er une mousse douce. Appliquez sur le visage ou le corps pr\u00e9alablement mouill\u00e9, en \u00e9vitant le contour des yeux. Rincez \u00e0 l&#8217;eau. Poursuivez avec un produit [&hellip;]<\/p>\n","protected":false},"featured_media":19049,"template":"","meta":[],"product_brand":[],"product_cat":[15,132],"product_tag":[],"class_list":{"0":"post-18865","1":"product","2":"type-product","3":"status-publish","4":"has-post-thumbnail","6":"product_cat-tout","7":"product_cat-eucerin","8":"ts_product_brand-eucerin","10":"first","11":"instock","12":"sale","13":"shipping-taxable","14":"purchasable","15":"product-type-simple"},"_links":{"self":[{"href":"https:\/\/para-mirava.ma\/index.php?rest_route=\/wp\/v2\/product\/18865","targetHints":{"allow":["GET"]}}],"collection":[{"href":"https:\/\/para-mirava.ma\/index.php?rest_route=\/wp\/v2\/product"}],"about":[{"href":"https:\/\/para-mirava.ma\/index.php?rest_route=\/wp\/v2\/types\/product"}],"wp:featuredmedia":[{"embeddable":true,"href":"https:\/\/para-mirava.ma\/index.php?rest_route=\/wp\/v2\/media\/19049"}],"wp:attachment":[{"href":"https:\/\/para-mirava.ma\/index.php?rest_route=%2Fwp%2Fv2%2Fmedia&parent=18865"}],"wp:term":[{"taxonomy":"product_brand","embeddable":true,"href":"https:\/\/para-mirava.ma\/index.php?rest_route=%2Fwp%2Fv2%2Fproduct_brand&post=18865"},{"taxonomy":"product_cat","embeddable":true,"href":"https:\/\/para-mirava.ma\/index.php?rest_route=%2Fwp%2Fv2%2Fproduct_cat&post=18865"},{"taxonomy":"product_tag","embeddable":true,"href":"https:\/\/para-mirava.ma\/index.php?rest_route=%2Fwp%2Fv2%2Fproduct_tag&post=18865"}],"curies":[{"name":"wp","href":"https:\/\/api.w.org\/{rel}","templated":true}]}}