{"id":18869,"date":"2026-03-14T19:49:15","date_gmt":"2026-03-14T19:49:15","guid":{"rendered":"https:\/\/para-mirava.ma\/?product=eucerin-ecran-sun-creme-visage-teinte-50ml-new"},"modified":"2026-03-17T18:43:02","modified_gmt":"2026-03-17T18:43:02","slug":"eucerin-ecran-sun-creme-visage-teinte-50ml-new","status":"publish","type":"product","link":"https:\/\/para-mirava.ma\/?product=eucerin-ecran-sun-creme-visage-teinte-50ml-new","title":{"rendered":"EUCERIN ECRAN SUN CREME VISAGE TEINTE 50ML NEW"},"content":{"rendered":"<p>La lumi\u00e8re UV est la principale cause des dommages cutan\u00e9s caus\u00e9s par le soleil, mais la Lumi\u00e8re Visible de Haute Energie (HEVIS) peut \u00e9galement induire des radicaux libres qui provoquent un stress suppl\u00e9mentaire pour la peau.<\/p>\n<p>La lumi\u00e8re du soleil d\u00e9clenche une augmentation de la production de m\u00e9lanine qui peut entra\u00eener des probl\u00e8mes d&#8217;hyperpigmentation tels que des taches brunes li\u00e9es au soleil.<\/p>\n<p>Eucerin SUN PIGMENT CONTROL Gel-Cr\u00e8me Teint\u00e9 SPF 50+ est une protection solaire quotidienne 3 en 1 pour le visage, destin\u00e9e \u00e0 tous les types de peau. Il prot\u00e8ge la peau des effets n\u00e9fastes du soleil, pr\u00e9vient l&#8217;apparition des taches pigmentaires, r\u00e9duit les taches pigmentaires existantes, et couvre imm\u00e9diatement les taches et irr\u00e9gularit\u00e9s du teint.<\/p>\n<p>L&#8217;Advanced Spectral Technology combine des filtres UVA\/UVB \u00e0 large spectre et photostables** pour une tr\u00e8s haute protection contre les UV avec de la Licochalcone A pour neutraliser les radicaux libres caus\u00e9s par les UV et la lumi\u00e8re HEVIS. L&#8217;\u00e9cran solaire comprend \u00e9galement de l&#8217;Acide Glycyrrh\u00e9tinique qui soutient le m\u00e9canisme de r\u00e9paration de l&#8217;ADN de la peau.<\/p>\n<p>La formule est \u00e9galement enrichie de Thiamidol, un ingr\u00e9dient anti-taches efficace et brevet\u00e9 qui agit \u00e0 la racine de l&#8217;hyperpigmentation. Il r\u00e9duit visiblement les taches brunes au fil du temps et, lorsqu&#8217;il est utilis\u00e9 r\u00e9guli\u00e8rement, emp\u00eache leur r\u00e9apparition.<\/p>\n<p>Les pigments teint\u00e9s min\u00e9raux d\u00e9velopp\u00e9s avec une make-up artist couvrent imm\u00e9diatement les taches pigmentaires pour un teint unifi\u00e9 et \u00e9clatant. Ils refl\u00e8tent la lumi\u00e8re bleue visible de haute \u00e9nergie pour une protection suppl\u00e9mentaire contre les taches induites par le soleil. Eucerin SUN PIGMENT CONTROL Gel-Cr\u00e8me Teint\u00e9 SPF 50+ a une texture l\u00e9g\u00e8re, non grasse et non collante, qui est rapidement absorb\u00e9e.<\/p>\n<p>Des \u00e9tudes cliniques et dermatologiques prouvent que le produit est bien tol\u00e9r\u00e9, m\u00eame par les peaux sensibles.<\/p>\n<p>** R\u00e9pond aux normes \u00e9lev\u00e9es de protection contre les UVA et les UVB d\u00e9finies par Cosmetics Europe. Les niveaux de protection contre les UVA sont sup\u00e9rieurs \u00e0 la recommandation de l&#8217;UE<\/p>\n<p>\u00c9tudes cliniques et dermatologiques<\/p>\n<p>Les \u00e9tudes cliniques et dermatologiques ont prouv\u00e9 l&#8217;excellente tol\u00e9rance cutan\u00e9e, m\u00eame sur les peaux sensibles.<\/p>\n<p>EUCERIN ECRAN SUN CREME VISAGE TEINTE 50ML est disponible dans votre Parapharmacie en ligne C\u00f4t\u00e9 para \u00e0 Prix discount , livraison Partout Au Maroc<\/p>\n","protected":false},"excerpt":{"rendered":"<p>La lumi\u00e8re UV est la principale cause des dommages cutan\u00e9s caus\u00e9s par le soleil, mais la Lumi\u00e8re Visible de Haute Energie (HEVIS) peut \u00e9galement induire des radicaux libres qui provoquent un stress suppl\u00e9mentaire pour la peau. La lumi\u00e8re du soleil d\u00e9clenche une augmentation de la production de m\u00e9lanine qui peut entra\u00eener des probl\u00e8mes d&#8217;hyperpigmentation tels [&hellip;]<\/p>\n","protected":false},"featured_media":19038,"template":"","meta":[],"product_brand":[],"product_cat":[15,132],"product_tag":[],"class_list":{"0":"post-18869","1":"product","2":"type-product","3":"status-publish","4":"has-post-thumbnail","6":"product_cat-tout","7":"product_cat-eucerin","8":"ts_product_brand-eucerin","10":"first","11":"instock","12":"sale","13":"shipping-taxable","14":"purchasable","15":"product-type-simple"},"_links":{"self":[{"href":"https:\/\/para-mirava.ma\/index.php?rest_route=\/wp\/v2\/product\/18869","targetHints":{"allow":["GET"]}}],"collection":[{"href":"https:\/\/para-mirava.ma\/index.php?rest_route=\/wp\/v2\/product"}],"about":[{"href":"https:\/\/para-mirava.ma\/index.php?rest_route=\/wp\/v2\/types\/product"}],"wp:featuredmedia":[{"embeddable":true,"href":"https:\/\/para-mirava.ma\/index.php?rest_route=\/wp\/v2\/media\/19038"}],"wp:attachment":[{"href":"https:\/\/para-mirava.ma\/index.php?rest_route=%2Fwp%2Fv2%2Fmedia&parent=18869"}],"wp:term":[{"taxonomy":"product_brand","embeddable":true,"href":"https:\/\/para-mirava.ma\/index.php?rest_route=%2Fwp%2Fv2%2Fproduct_brand&post=18869"},{"taxonomy":"product_cat","embeddable":true,"href":"https:\/\/para-mirava.ma\/index.php?rest_route=%2Fwp%2Fv2%2Fproduct_cat&post=18869"},{"taxonomy":"product_tag","embeddable":true,"href":"https:\/\/para-mirava.ma\/index.php?rest_route=%2Fwp%2Fv2%2Fproduct_tag&post=18869"}],"curies":[{"name":"wp","href":"https:\/\/api.w.org\/{rel}","templated":true}]}}