{"id":18870,"date":"2026-03-14T19:49:15","date_gmt":"2026-03-14T19:49:15","guid":{"rendered":"https:\/\/para-mirava.ma\/?product=eucerin-emollient-reparateur-5-uree-parfumee-250ml"},"modified":"2026-03-17T18:43:02","modified_gmt":"2026-03-17T18:43:02","slug":"eucerin-emollient-reparateur-5-uree-parfumee-250ml","status":"publish","type":"product","link":"https:\/\/para-mirava.ma\/?product=eucerin-emollient-reparateur-5-uree-parfumee-250ml","title":{"rendered":"EUCERIN EMOLLIENT REPARATEUR 5% UREE PARFUMEE 250ML"},"content":{"rendered":"<p>La barri\u00e8re naturelle de la peau nous prot\u00e8ge des agressions ext\u00e9rieures et permet de maintenir un niveau d&#8217;hydratation optimal lorsqu&#8217;elle fonctionne normalement. Mais lorsque cette barri\u00e8re est alt\u00e9r\u00e9e, la peau peut se d\u00e9shydrater, sembler s\u00e8che et donner des sensations de tiraillement.<\/p>\n<p>UreaRepair PLUS Emollient 5% d&#8217;Ur\u00e9e Parfum\u00e9 apporte les soins quotidiens n\u00e9cessaires aux peaux s\u00e8ches et rugueuses.<\/p>\n<p>Sa combinaison unique d&#8217;ingr\u00e9dients (ur\u00e9e, facteurs naturels d&#8217;hydratation (NMF) et c\u00e9ramides) fixe l&#8217;humidit\u00e9 et r\u00e9pare la barri\u00e8re naturelle de la peau pour \u00e9viter les pertes en eau.<\/p>\n<p>Sa formule est cliniquement et dermatologiquement prouv\u00e9e pour apaiser imm\u00e9diatement les signes de s\u00e9cheresse cutan\u00e9e et retarder leur r\u00e9apparition &#8212; maintenant disponible avec un parfum apaisant.<\/p>\n<p>Le parfum de cette lotion est sp\u00e9cialement con\u00e7u pour la peau s\u00e8che.<\/p>\n<p>La formule parfum\u00e9e, test\u00e9e cliniquement, a \u00e9t\u00e9 d\u00e9velopp\u00e9e pour ne pas provoquer d&#8217;irritations ou de rougeurs et contient des composants apaisants pour la peau.<\/p>\n<p>Intens\u00e9ment hydrat\u00e9e, la peau est souple et douce au toucher. Convient aux adultes, y compris aux peaux matures, aux personnes diab\u00e9tiques et aux enfants de 3 ans et plus.<\/p>\n<p>\u00c9tudes cliniques et dermatologiques<br \/>\nDes \u00e9tudes prouvent une tr\u00e8s bonne efficacit\u00e9 et tol\u00e9rance sur les peaux s\u00e8ches<\/p>\n","protected":false},"excerpt":{"rendered":"<p>La barri\u00e8re naturelle de la peau nous prot\u00e8ge des agressions ext\u00e9rieures et permet de maintenir un niveau d&#8217;hydratation optimal lorsqu&#8217;elle fonctionne normalement. Mais lorsque cette barri\u00e8re est alt\u00e9r\u00e9e, la peau peut se d\u00e9shydrater, sembler s\u00e8che et donner des sensations de tiraillement. UreaRepair PLUS Emollient 5% d&#8217;Ur\u00e9e Parfum\u00e9 apporte les soins quotidiens n\u00e9cessaires aux peaux s\u00e8ches [&hellip;]<\/p>\n","protected":false},"featured_media":19039,"template":"","meta":[],"product_brand":[],"product_cat":[15,132],"product_tag":[],"class_list":{"0":"post-18870","1":"product","2":"type-product","3":"status-publish","4":"has-post-thumbnail","6":"product_cat-tout","7":"product_cat-eucerin","8":"ts_product_brand-eucerin","10":"first","11":"instock","12":"sale","13":"shipping-taxable","14":"purchasable","15":"product-type-simple"},"_links":{"self":[{"href":"https:\/\/para-mirava.ma\/index.php?rest_route=\/wp\/v2\/product\/18870","targetHints":{"allow":["GET"]}}],"collection":[{"href":"https:\/\/para-mirava.ma\/index.php?rest_route=\/wp\/v2\/product"}],"about":[{"href":"https:\/\/para-mirava.ma\/index.php?rest_route=\/wp\/v2\/types\/product"}],"wp:featuredmedia":[{"embeddable":true,"href":"https:\/\/para-mirava.ma\/index.php?rest_route=\/wp\/v2\/media\/19039"}],"wp:attachment":[{"href":"https:\/\/para-mirava.ma\/index.php?rest_route=%2Fwp%2Fv2%2Fmedia&parent=18870"}],"wp:term":[{"taxonomy":"product_brand","embeddable":true,"href":"https:\/\/para-mirava.ma\/index.php?rest_route=%2Fwp%2Fv2%2Fproduct_brand&post=18870"},{"taxonomy":"product_cat","embeddable":true,"href":"https:\/\/para-mirava.ma\/index.php?rest_route=%2Fwp%2Fv2%2Fproduct_cat&post=18870"},{"taxonomy":"product_tag","embeddable":true,"href":"https:\/\/para-mirava.ma\/index.php?rest_route=%2Fwp%2Fv2%2Fproduct_tag&post=18870"}],"curies":[{"name":"wp","href":"https:\/\/api.w.org\/{rel}","templated":true}]}}