{"id":18871,"date":"2026-03-14T19:49:15","date_gmt":"2026-03-14T19:49:15","guid":{"rendered":"https:\/\/para-mirava.ma\/?product=eucerin-aquaphor-baume-reparateur-cutane-40g"},"modified":"2026-03-17T18:43:02","modified_gmt":"2026-03-17T18:43:02","slug":"eucerin-aquaphor-baume-reparateur-cutane-40g","status":"publish","type":"product","link":"https:\/\/para-mirava.ma\/?product=eucerin-aquaphor-baume-reparateur-cutane-40g","title":{"rendered":"EUCERIN AQUAPHOR BAUME REPARATEUR CUTANE 40G"},"content":{"rendered":"<p>Notre peau travaille dur pour prot\u00e9ger notre corps, mais elle peut par cons\u00e9quent devenir parfois tr\u00e8s s\u00e8che, craquel\u00e9e* et irrit\u00e9e. Elle a besoin d&#8217;un soin SOS.<\/p>\n<p>Eucerin Aquaphor Baume R\u00e9parateur apporte \u00e0 la peau s\u00e8che \u00e0 tr\u00e8s s\u00e8che, craquel\u00e9e* et irrit\u00e9e le soins SOS dont elle a besoin.<\/p>\n<p>Le Baume sans eau forme une barri\u00e8re protectrice douce, semi-occlusive et protectrice sur la peau qui favorise le transfert naturel de vapeur d&#8217;eau et d&#8217;oxyg\u00e8ne vers et depuis la peau, permettant \u00e0 celle-ci de &#8221; respirer &#8221; et de renforcer sa barri\u00e8re protectrice naturelle. Le Baume Aquaphor est enrichi en glyc\u00e9rine et panth\u00e9nol.<\/p>\n<p>La glyc\u00e9rine est un hydratant efficace qui attire l&#8217;eau et aide \u00e0 la maintenir dans la peau.<\/p>\n<p>Il agit aux c\u00f4t\u00e9s du panth\u00e9nol qui aide \u00e0 acc\u00e9l\u00e9rer la r\u00e9g\u00e9n\u00e9ration et la r\u00e9paration tout en hydratant la peau.<\/p>\n<p>Sans parfum ni agent de conservation, Eucerin Aquaphor Baume R\u00e9parateur a \u00e9t\u00e9 cliniquement et dermatologiquement prouv\u00e9 pour r\u00e9parer la peau tr\u00e8s s\u00e8che, craquel\u00e9e* et irrit\u00e9e. Convient pour le corps et le visage.<\/p>\n<p>Le Baume apaisant et transparent est facile \u00e0 appliquer et s&#8217;applique en massant doucement sur les zones probl\u00e9matiques de la peau telles que les genoux et les coudes, les articulations, les cuticules et les talons craquel\u00e9s*.<\/p>\n<p>il est bien tol\u00e9r\u00e9 par la peau sensible et convient aux b\u00e9b\u00e9s et aux enfants ainsi qu&#8217;aux irritations de la peau apr\u00e8s des proc\u00e9dures dermatologiques superficielles comme les traitements au laser et les peelings chimiques et peut \u00eatre appliqu\u00e9 sur les peaux agress\u00e9es par le soleil.<\/p>\n<p>Eucerin Aquaphor Baume R\u00e9parateur ne doit \u00eatre utilis\u00e9 que sur la peau r\u00e9-\u00e9pith\u00e9lialis\u00e9e (c.-\u00e0-d. lorsque de nouveaux tissus se sont form\u00e9s) et non sur des plaies ouvertes, humides ou saignantes. Demandez conseil \u00e0 votre dermatologue pour savoir combien de temps vous devez attendre apr\u00e8s le traitement avant d&#8217;utiliser le produit.<\/p>\n<p>\u00c9tudes cliniques et dermatologiques<\/p>\n<p>Des \u00e9tudes cliniques et dermatologiques prouvent une tr\u00e8s bonne efficacit\u00e9 et tol\u00e9rance m\u00eame sur les peaux extr\u00eamement s\u00e8ches, gerc\u00e9es ou irrit\u00e9es.<\/p>\n","protected":false},"excerpt":{"rendered":"<p>Notre peau travaille dur pour prot\u00e9ger notre corps, mais elle peut par cons\u00e9quent devenir parfois tr\u00e8s s\u00e8che, craquel\u00e9e* et irrit\u00e9e. Elle a besoin d&#8217;un soin SOS. Eucerin Aquaphor Baume R\u00e9parateur apporte \u00e0 la peau s\u00e8che \u00e0 tr\u00e8s s\u00e8che, craquel\u00e9e* et irrit\u00e9e le soins SOS dont elle a besoin. Le Baume sans eau forme une barri\u00e8re [&hellip;]<\/p>\n","protected":false},"featured_media":19040,"template":"","meta":[],"product_brand":[],"product_cat":[15,132],"product_tag":[],"class_list":{"0":"post-18871","1":"product","2":"type-product","3":"status-publish","4":"has-post-thumbnail","6":"product_cat-tout","7":"product_cat-eucerin","8":"ts_product_brand-eucerin","10":"first","11":"instock","12":"sale","13":"shipping-taxable","14":"purchasable","15":"product-type-simple"},"_links":{"self":[{"href":"https:\/\/para-mirava.ma\/index.php?rest_route=\/wp\/v2\/product\/18871","targetHints":{"allow":["GET"]}}],"collection":[{"href":"https:\/\/para-mirava.ma\/index.php?rest_route=\/wp\/v2\/product"}],"about":[{"href":"https:\/\/para-mirava.ma\/index.php?rest_route=\/wp\/v2\/types\/product"}],"wp:featuredmedia":[{"embeddable":true,"href":"https:\/\/para-mirava.ma\/index.php?rest_route=\/wp\/v2\/media\/19040"}],"wp:attachment":[{"href":"https:\/\/para-mirava.ma\/index.php?rest_route=%2Fwp%2Fv2%2Fmedia&parent=18871"}],"wp:term":[{"taxonomy":"product_brand","embeddable":true,"href":"https:\/\/para-mirava.ma\/index.php?rest_route=%2Fwp%2Fv2%2Fproduct_brand&post=18871"},{"taxonomy":"product_cat","embeddable":true,"href":"https:\/\/para-mirava.ma\/index.php?rest_route=%2Fwp%2Fv2%2Fproduct_cat&post=18871"},{"taxonomy":"product_tag","embeddable":true,"href":"https:\/\/para-mirava.ma\/index.php?rest_route=%2Fwp%2Fv2%2Fproduct_tag&post=18871"}],"curies":[{"name":"wp","href":"https:\/\/api.w.org\/{rel}","templated":true}]}}