{"id":18873,"date":"2026-03-14T19:49:15","date_gmt":"2026-03-14T19:49:15","guid":{"rendered":"https:\/\/para-mirava.ma\/?product=eucerin-hyaluron-filler-3x-effect-jour-pnm-pompe-50ml"},"modified":"2026-03-17T18:43:03","modified_gmt":"2026-03-17T18:43:03","slug":"eucerin-hyaluron-filler-3x-effect-jour-pnm-pompe-50ml","status":"publish","type":"product","link":"https:\/\/para-mirava.ma\/?product=eucerin-hyaluron-filler-3x-effect-jour-pnm-pompe-50ml","title":{"rendered":"EUCERIN HYALURON FILLER +3X EFFECT JOUR PNM POMPE 50ML"},"content":{"rendered":"<p>Avec l&#8217;\u00e2ge, la production naturelle d&#8217;Acide Hyaluronique de notre peau d\u00e9cro\u00eet : des rides et ridules se forment, la peau para\u00eet moins jeune.<\/p>\n<p>Le Soin de Jour SPF 15 HYALURON-FILLER + 3X EFFECT ralentit ce processus gr\u00e2ce \u00e0 sa formule :<\/p>\n<p>Comble : l&#8217;Acide Hyaluronique de haut et bas poids mol\u00e9culaire hydrate la peau et comble les rides.<\/p>\n<p>Stimule : la Saponine stimule la production naturelle d&#8217;Acide Hyaluronique.*<\/p>\n<p>Prot\u00e8ge : l&#8217;Enoxolone diminue le taux de d\u00e9gradation de l&#8217;Acide Hyaluronique.*<\/p>\n<p>R\u00e9sultat : +200% d&#8217;acide hyaluronique.* *Tests in vitro<\/p>\n<p>Le Soin de Jour SPF 15 HYALURON-FILLER agit sur les premiers signes de l&#8217;\u00e2ge des peaux s\u00e8ches. Il repulpe visiblement m\u00eame les rides les plus profondes, pour une peau \u00e0 l&#8217;apparence plus jeune. Il pr\u00e9vient efficacement le photovieillissement induit par les UV (vieillissement cutan\u00e9 pr\u00e9matur\u00e9 d\u00fb au soleil), emp\u00eache les rides de devenir plus profondes et il prot\u00e8ge la peau des radicaux libres.<\/p>\n<p>Sa formule unique combinant de l&#8217;Acide Hyaluronique de haut et de bas poids mol\u00e9culaire, la Glycine Saponine et de l&#8217;Enoxolone offre une approche cibl\u00e9e pour combler visiblement les rides, m\u00eame les plus profondes, pour une peau \u00e0 l&#8217;apparence plus jeune.<\/p>\n<p>L&#8217;Acide Hyaluronique de haut poids mol\u00e9culaire am\u00e9liore l&#8217;hydratation et lisse les couches sup\u00e9rieures de la peau tandis que l&#8217;Acide Hyaluronique de bas poids mol\u00e9culaire, qui est 40 fois plus petit**, p\u00e9n\u00e8tre plus profond\u00e9ment dans les couches de l&#8217;\u00e9piderme o\u00f9 naissent les rides plus profondes.<\/p>\n<p>La Glycine Saponine, un anti-oxydant, soutient la production d&#8217;Acide Hyaluronique dans la couche cutan\u00e9e o\u00f9 se forment les rides les plus profondes et prot\u00e8ge des radicaux libres. L&#8217;Enoxolone pr\u00e9vient la d\u00e9gradation de l&#8217;Acide Hyaluronique pr\u00e9sent dans la peau.<\/p>\n<p>** Par rapport \u00e0 l&#8217;acide hyaluronique de haut poids mol\u00e9culaire \u00e9galement utilis\u00e9 dans la formule<\/p>\n<p>\u00c9tudes cliniques et dermatologiques<\/p>\n<p>Des \u00e9tudes cliniques ont prouv\u00e9 l&#8217;efficacit\u00e9 et la tol\u00e9rance cutan\u00e9e de ce produit.<\/p>\n<p>EUCERIN HYALURON FILLER +3X EFFECT JOUR PNM POMPE 50ML est disponible dans votre Parapharmacie en ligne C\u00f4t\u00e9 para \u00e0 Prix discount , livraison Partout Au Maroc<\/p>\n","protected":false},"excerpt":{"rendered":"<p>Avec l&#8217;\u00e2ge, la production naturelle d&#8217;Acide Hyaluronique de notre peau d\u00e9cro\u00eet : des rides et ridules se forment, la peau para\u00eet moins jeune. Le Soin de Jour SPF 15 HYALURON-FILLER + 3X EFFECT ralentit ce processus gr\u00e2ce \u00e0 sa formule : Comble : l&#8217;Acide Hyaluronique de haut et bas poids mol\u00e9culaire hydrate la peau et [&hellip;]<\/p>\n","protected":false},"featured_media":19044,"template":"","meta":[],"product_brand":[],"product_cat":[15,132],"product_tag":[],"class_list":{"0":"post-18873","1":"product","2":"type-product","3":"status-publish","4":"has-post-thumbnail","6":"product_cat-tout","7":"product_cat-eucerin","8":"ts_product_brand-eucerin","10":"first","11":"instock","12":"sale","13":"shipping-taxable","14":"purchasable","15":"product-type-simple"},"_links":{"self":[{"href":"https:\/\/para-mirava.ma\/index.php?rest_route=\/wp\/v2\/product\/18873","targetHints":{"allow":["GET"]}}],"collection":[{"href":"https:\/\/para-mirava.ma\/index.php?rest_route=\/wp\/v2\/product"}],"about":[{"href":"https:\/\/para-mirava.ma\/index.php?rest_route=\/wp\/v2\/types\/product"}],"wp:featuredmedia":[{"embeddable":true,"href":"https:\/\/para-mirava.ma\/index.php?rest_route=\/wp\/v2\/media\/19044"}],"wp:attachment":[{"href":"https:\/\/para-mirava.ma\/index.php?rest_route=%2Fwp%2Fv2%2Fmedia&parent=18873"}],"wp:term":[{"taxonomy":"product_brand","embeddable":true,"href":"https:\/\/para-mirava.ma\/index.php?rest_route=%2Fwp%2Fv2%2Fproduct_brand&post=18873"},{"taxonomy":"product_cat","embeddable":true,"href":"https:\/\/para-mirava.ma\/index.php?rest_route=%2Fwp%2Fv2%2Fproduct_cat&post=18873"},{"taxonomy":"product_tag","embeddable":true,"href":"https:\/\/para-mirava.ma\/index.php?rest_route=%2Fwp%2Fv2%2Fproduct_tag&post=18873"}],"curies":[{"name":"wp","href":"https:\/\/api.w.org\/{rel}","templated":true}]}}