{"id":18989,"date":"2026-03-14T20:06:16","date_gmt":"2026-03-14T20:06:16","guid":{"rendered":"https:\/\/para-mirava.ma\/?product=isdin-ureadin-fusion-melting-cream-50ml-2"},"modified":"2026-03-17T18:43:46","modified_gmt":"2026-03-17T18:43:46","slug":"isdin-ureadin-fusion-melting-cream-50ml-2","status":"publish","type":"product","link":"https:\/\/para-mirava.ma\/?product=isdin-ureadin-fusion-melting-cream-50ml-2","title":{"rendered":"ISDIN UREADIN FUSION MELTING CREAM 50ML"},"content":{"rendered":"<p>Ureadin Fusion\u00ae Melting Cream est un soin sp\u00e9cialement con\u00e7u pour hydrater et nourrir en profondeur les peaux normales \u00e0 s\u00e8ches. Propri\u00e9t\u00e9s : Pr\u00e9vient l&#8217;apparition de signes du vieillissement cutan\u00e9. Stimule le renouvellement cellulaire. Renforce la peau. Restaure le film hydrolipidique et l&#8217;\u00e9lasticit\u00e9 de la peau. Hydrate intens\u00e9ment pendant 24 heures. Pour un visage hydrat\u00e9 et rajeunit !<\/p>\n<p>Conseil d&#8217;utilisation :<br \/>\nAppliquer sur la peau propre et s\u00e8che du visage et du cou, de pr\u00e9f\u00e9rence le soir.<br \/>\nPour une nutrition suppl\u00e9mentaire, appliquer le matin avant le soin protecteur.<\/p>\n","protected":false},"excerpt":{"rendered":"<p>Ureadin Fusion\u00ae Melting Cream est un soin sp\u00e9cialement con\u00e7u pour hydrater et nourrir en profondeur les peaux normales \u00e0 s\u00e8ches. Propri\u00e9t\u00e9s : Pr\u00e9vient l&#8217;apparition de signes du vieillissement cutan\u00e9. Stimule le renouvellement cellulaire. Renforce la peau. Restaure le film hydrolipidique et l&#8217;\u00e9lasticit\u00e9 de la peau. Hydrate intens\u00e9ment pendant 24 heures. Pour un visage hydrat\u00e9 et [&hellip;]<\/p>\n","protected":false},"featured_media":19032,"template":"","meta":[],"product_brand":[172],"product_cat":[15,142],"product_tag":[],"class_list":{"0":"post-18989","1":"product","2":"type-product","3":"status-publish","4":"has-post-thumbnail","6":"product_brand-isdin","7":"product_cat-tout","8":"product_cat-isdin","9":"ts_product_brand-isdin","11":"first","12":"instock","13":"sale","14":"shipping-taxable","15":"purchasable","16":"product-type-simple"},"_links":{"self":[{"href":"https:\/\/para-mirava.ma\/index.php?rest_route=\/wp\/v2\/product\/18989","targetHints":{"allow":["GET"]}}],"collection":[{"href":"https:\/\/para-mirava.ma\/index.php?rest_route=\/wp\/v2\/product"}],"about":[{"href":"https:\/\/para-mirava.ma\/index.php?rest_route=\/wp\/v2\/types\/product"}],"wp:featuredmedia":[{"embeddable":true,"href":"https:\/\/para-mirava.ma\/index.php?rest_route=\/wp\/v2\/media\/19032"}],"wp:attachment":[{"href":"https:\/\/para-mirava.ma\/index.php?rest_route=%2Fwp%2Fv2%2Fmedia&parent=18989"}],"wp:term":[{"taxonomy":"product_brand","embeddable":true,"href":"https:\/\/para-mirava.ma\/index.php?rest_route=%2Fwp%2Fv2%2Fproduct_brand&post=18989"},{"taxonomy":"product_cat","embeddable":true,"href":"https:\/\/para-mirava.ma\/index.php?rest_route=%2Fwp%2Fv2%2Fproduct_cat&post=18989"},{"taxonomy":"product_tag","embeddable":true,"href":"https:\/\/para-mirava.ma\/index.php?rest_route=%2Fwp%2Fv2%2Fproduct_tag&post=18989"}],"curies":[{"name":"wp","href":"https:\/\/api.w.org\/{rel}","templated":true}]}}