{"id":18990,"date":"2026-03-14T20:06:16","date_gmt":"2026-03-14T20:06:16","guid":{"rendered":"https:\/\/para-mirava.ma\/?product=isdin-nutratopic-creme-visage-50ml-2"},"modified":"2026-03-17T18:43:46","modified_gmt":"2026-03-17T18:43:46","slug":"isdin-nutratopic-creme-visage-50ml-2","status":"publish","type":"product","link":"https:\/\/para-mirava.ma\/?product=isdin-nutratopic-creme-visage-50ml-2","title":{"rendered":"ISDIN NUTRATOPIC CREME VISAGE 50ML"},"content":{"rendered":"<p>Pr\u00e9vient et traite les sympt\u00f4mes de la dermatite atopique chez les enfants.<\/p>\n<p>La cr\u00e8me pour le visage Nutratopic\u00ae Pro-AMP est un soin con\u00e7u pour pr\u00e9venir et traiter les sympt\u00f4mes visibles de la dermatite atopique chez les enfants (s\u00e9cheresse, d\u00e9mangeaisons, desquamation, \u00e9ryth\u00e8me).<\/p>\n<p>Propri\u00e9t\u00e9s :<\/p>\n<p>Combat les signes de la dermatite atopique.<\/p>\n<p>Augmente la production de peptides AMP, la premi\u00e8re ligne de d\u00e9fense de la peau.<\/p>\n<p>Restaure la barri\u00e8re cutan\u00e9e.<\/p>\n<p>Hydrate en profondeur.<\/p>\n<p>Calme les d\u00e9mangeaisons.<\/p>\n","protected":false},"excerpt":{"rendered":"<p>Pr\u00e9vient et traite les sympt\u00f4mes de la dermatite atopique chez les enfants. La cr\u00e8me pour le visage Nutratopic\u00ae Pro-AMP est un soin con\u00e7u pour pr\u00e9venir et traiter les sympt\u00f4mes visibles de la dermatite atopique chez les enfants (s\u00e9cheresse, d\u00e9mangeaisons, desquamation, \u00e9ryth\u00e8me). Propri\u00e9t\u00e9s : Combat les signes de la dermatite atopique. Augmente la production de peptides [&hellip;]<\/p>\n","protected":false},"featured_media":19033,"template":"","meta":[],"product_brand":[172],"product_cat":[15,142],"product_tag":[],"class_list":{"0":"post-18990","1":"product","2":"type-product","3":"status-publish","4":"has-post-thumbnail","6":"product_brand-isdin","7":"product_cat-tout","8":"product_cat-isdin","9":"ts_product_brand-isdin","11":"first","12":"instock","13":"sale","14":"shipping-taxable","15":"purchasable","16":"product-type-simple"},"_links":{"self":[{"href":"https:\/\/para-mirava.ma\/index.php?rest_route=\/wp\/v2\/product\/18990","targetHints":{"allow":["GET"]}}],"collection":[{"href":"https:\/\/para-mirava.ma\/index.php?rest_route=\/wp\/v2\/product"}],"about":[{"href":"https:\/\/para-mirava.ma\/index.php?rest_route=\/wp\/v2\/types\/product"}],"wp:featuredmedia":[{"embeddable":true,"href":"https:\/\/para-mirava.ma\/index.php?rest_route=\/wp\/v2\/media\/19033"}],"wp:attachment":[{"href":"https:\/\/para-mirava.ma\/index.php?rest_route=%2Fwp%2Fv2%2Fmedia&parent=18990"}],"wp:term":[{"taxonomy":"product_brand","embeddable":true,"href":"https:\/\/para-mirava.ma\/index.php?rest_route=%2Fwp%2Fv2%2Fproduct_brand&post=18990"},{"taxonomy":"product_cat","embeddable":true,"href":"https:\/\/para-mirava.ma\/index.php?rest_route=%2Fwp%2Fv2%2Fproduct_cat&post=18990"},{"taxonomy":"product_tag","embeddable":true,"href":"https:\/\/para-mirava.ma\/index.php?rest_route=%2Fwp%2Fv2%2Fproduct_tag&post=18990"}],"curies":[{"name":"wp","href":"https:\/\/api.w.org\/{rel}","templated":true}]}}