{"id":18991,"date":"2026-03-14T20:06:16","date_gmt":"2026-03-14T20:06:16","guid":{"rendered":"https:\/\/para-mirava.ma\/?product=isdin-ureadin-ultra-30-creme-exfoliante-visage-50ml-2"},"modified":"2026-03-17T18:43:46","modified_gmt":"2026-03-17T18:43:46","slug":"isdin-ureadin-ultra-30-creme-exfoliante-visage-50ml-2","status":"publish","type":"product","link":"https:\/\/para-mirava.ma\/?product=isdin-ureadin-ultra-30-creme-exfoliante-visage-50ml-2","title":{"rendered":"ISDIN UREADIN ULTRA 30 CREME EXFOLIANTE VISAGE 50ML"},"content":{"rendered":"<p>R\u00e9duit l&#8217;\u00e9paississement de la peau gr\u00e2ce \u00e0 l&#8217;action exfoliante de l&#8217;Ur\u00e9e Isdin. Cr\u00e8me exfoliante et r\u00e9paratrice pour traiter les durillons des pieds et les zones \u00e9paissies des mains, coudes et genoux. Disponible dans votre parapharmacie en ligne<\/p>\n","protected":false},"excerpt":{"rendered":"<p>R\u00e9duit l&#8217;\u00e9paississement de la peau gr\u00e2ce \u00e0 l&#8217;action exfoliante de l&#8217;Ur\u00e9e Isdin. Cr\u00e8me exfoliante et r\u00e9paratrice pour traiter les durillons des pieds et les zones \u00e9paissies des mains, coudes et genoux. Disponible dans votre parapharmacie en ligne<\/p>\n","protected":false},"featured_media":19035,"template":"","meta":[],"product_brand":[172],"product_cat":[15,142],"product_tag":[],"class_list":{"0":"post-18991","1":"product","2":"type-product","3":"status-publish","4":"has-post-thumbnail","6":"product_brand-isdin","7":"product_cat-tout","8":"product_cat-isdin","9":"ts_product_brand-isdin","11":"first","12":"instock","13":"sale","14":"shipping-taxable","15":"purchasable","16":"product-type-simple"},"_links":{"self":[{"href":"https:\/\/para-mirava.ma\/index.php?rest_route=\/wp\/v2\/product\/18991","targetHints":{"allow":["GET"]}}],"collection":[{"href":"https:\/\/para-mirava.ma\/index.php?rest_route=\/wp\/v2\/product"}],"about":[{"href":"https:\/\/para-mirava.ma\/index.php?rest_route=\/wp\/v2\/types\/product"}],"wp:featuredmedia":[{"embeddable":true,"href":"https:\/\/para-mirava.ma\/index.php?rest_route=\/wp\/v2\/media\/19035"}],"wp:attachment":[{"href":"https:\/\/para-mirava.ma\/index.php?rest_route=%2Fwp%2Fv2%2Fmedia&parent=18991"}],"wp:term":[{"taxonomy":"product_brand","embeddable":true,"href":"https:\/\/para-mirava.ma\/index.php?rest_route=%2Fwp%2Fv2%2Fproduct_brand&post=18991"},{"taxonomy":"product_cat","embeddable":true,"href":"https:\/\/para-mirava.ma\/index.php?rest_route=%2Fwp%2Fv2%2Fproduct_cat&post=18991"},{"taxonomy":"product_tag","embeddable":true,"href":"https:\/\/para-mirava.ma\/index.php?rest_route=%2Fwp%2Fv2%2Fproduct_tag&post=18991"}],"curies":[{"name":"wp","href":"https:\/\/api.w.org\/{rel}","templated":true}]}}