{"id":18994,"date":"2026-03-14T20:06:17","date_gmt":"2026-03-14T20:06:17","guid":{"rendered":"https:\/\/para-mirava.ma\/?product=isdin-fotoprotector-pediatrics-fusion-water-50ml-2"},"modified":"2026-03-17T18:43:46","modified_gmt":"2026-03-17T18:43:46","slug":"isdin-fotoprotector-pediatrics-fusion-water-50ml-2","status":"publish","type":"product","link":"https:\/\/para-mirava.ma\/?product=isdin-fotoprotector-pediatrics-fusion-water-50ml-2","title":{"rendered":"ISDIN FOTOPROTECTOR PEDIATRICS FUSION WATER 50ML"},"content":{"rendered":"<p>Isdin Fotoprotector Pediatrics Fusion Water SPF50 50 ml est un soin photoprotecteur formul\u00e9 pour minimiser les risques d&#8217;allergie, pour le visage des enfants \u00e0 phase aqueuse, avec une texture ultra l\u00e9g\u00e8re. L&#8217;hydratation est intense et \u00e0 absorption imm\u00e9diate, il garantit une protection optimale contre les rayons UV pour profiter du soleil lors des activit\u00e9s en plein air.<\/p>\n<p>Disponible dans votre parapharmacie en ligne www.cotepara.ma<\/p>\n<p>Protection \u00e9valu\u00e9e dans des conditions d&#8217;utilisation r\u00e9elles : des \u00e9tudes cliniques r\u00e9alis\u00e9es sous contr\u00f4le dermatologique garantissent une protection efficace dans des conditions r\u00e9elles de forte radiation solaire.<\/p>\n<p>Hypoallerg\u00e9nique. Ne pique pas les yeux.<\/p>\n<p>Test\u00e9 sous contr\u00f4le dermatologique et ophtalmologique.<\/p>\n<p>Sans parfum.<\/p>\n","protected":false},"excerpt":{"rendered":"<p>Isdin Fotoprotector Pediatrics Fusion Water SPF50 50 ml est un soin photoprotecteur formul\u00e9 pour minimiser les risques d&#8217;allergie, pour le visage des enfants \u00e0 phase aqueuse, avec une texture ultra l\u00e9g\u00e8re. L&#8217;hydratation est intense et \u00e0 absorption imm\u00e9diate, il garantit une protection optimale contre les rayons UV pour profiter du soleil lors des activit\u00e9s en [&hellip;]<\/p>\n","protected":false},"featured_media":19026,"template":"","meta":[],"product_brand":[172],"product_cat":[15,142],"product_tag":[],"class_list":{"0":"post-18994","1":"product","2":"type-product","3":"status-publish","4":"has-post-thumbnail","6":"product_brand-isdin","7":"product_cat-tout","8":"product_cat-isdin","9":"ts_product_brand-isdin","11":"first","12":"instock","13":"sale","14":"shipping-taxable","15":"purchasable","16":"product-type-simple"},"_links":{"self":[{"href":"https:\/\/para-mirava.ma\/index.php?rest_route=\/wp\/v2\/product\/18994","targetHints":{"allow":["GET"]}}],"collection":[{"href":"https:\/\/para-mirava.ma\/index.php?rest_route=\/wp\/v2\/product"}],"about":[{"href":"https:\/\/para-mirava.ma\/index.php?rest_route=\/wp\/v2\/types\/product"}],"wp:featuredmedia":[{"embeddable":true,"href":"https:\/\/para-mirava.ma\/index.php?rest_route=\/wp\/v2\/media\/19026"}],"wp:attachment":[{"href":"https:\/\/para-mirava.ma\/index.php?rest_route=%2Fwp%2Fv2%2Fmedia&parent=18994"}],"wp:term":[{"taxonomy":"product_brand","embeddable":true,"href":"https:\/\/para-mirava.ma\/index.php?rest_route=%2Fwp%2Fv2%2Fproduct_brand&post=18994"},{"taxonomy":"product_cat","embeddable":true,"href":"https:\/\/para-mirava.ma\/index.php?rest_route=%2Fwp%2Fv2%2Fproduct_cat&post=18994"},{"taxonomy":"product_tag","embeddable":true,"href":"https:\/\/para-mirava.ma\/index.php?rest_route=%2Fwp%2Fv2%2Fproduct_tag&post=18994"}],"curies":[{"name":"wp","href":"https:\/\/api.w.org\/{rel}","templated":true}]}}