{"id":18996,"date":"2026-03-14T20:06:17","date_gmt":"2026-03-14T20:06:17","guid":{"rendered":"https:\/\/para-mirava.ma\/?product=isdin-acniben-1-mousse-nettoyante-150ml"},"modified":"2026-03-17T18:43:46","modified_gmt":"2026-03-17T18:43:46","slug":"isdin-acniben-1-mousse-nettoyante-150ml","status":"publish","type":"product","link":"https:\/\/para-mirava.ma\/?product=isdin-acniben-1-mousse-nettoyante-150ml","title":{"rendered":"ISDIN ACNIBEN 1 MOUSSE NETTOYANTE 150ML"},"content":{"rendered":"<p>Acniben Purifying Cleanser est la mousse nettoyante pour le visage qui laisse donc le visage propre et moins brillant, et aide \u00e0 \u00e9liminer l&#8217;exc\u00e8s de s\u00e9bum.<\/p>\n<p>Conseils d&#8217;utilisation:<br \/>\n1. Utilisez matin et soir comme premi\u00e8re \u00e9tape de votre routine de soins de la peau.<br \/>\n2. Appuyez sur le distributeur pour presser la mousse dans vos mains.<br \/>\n3. Appliquer sur peau humide du visage et du cou et masser en mouvements circulaires.<br \/>\n4. Bien rincer.<\/p>\n<p>Mousse nettoyante pour le visage con\u00e7ue pour nettoyer efficacement la peau, r\u00e9duire la brillance et \u00e9liminer l&#8217;exc\u00e8s de s\u00e9bum, laissant votre visage propre et matifi\u00e9.<\/p>\n<p>Sa formule unique, non com\u00e9dog\u00e8ne et sans huile, garantit un nettoyage en profondeur sans d\u00e9shydrater la peau.<\/p>\n<p>Profitez d&#8217;une sensation de fra\u00eecheur et d&#8217;une peau propre, moins brillante, pr\u00eate \u00e0 absorber les bienfaits de votre routine de soins quotidienne.<\/p>\n<p>ISDIN ACNIBEN 1 MOUSSE NETTOYANTE 150ml est disponible dans votre Parapharmacie en ligne C\u00f4t\u00e9 para \u00e0 Prix discount, livraison Partout Au Maroc.<\/p>\n","protected":false},"excerpt":{"rendered":"<p>Acniben Purifying Cleanser est la mousse nettoyante pour le visage qui laisse donc le visage propre et moins brillant, et aide \u00e0 \u00e9liminer l&#8217;exc\u00e8s de s\u00e9bum. Conseils d&#8217;utilisation: 1. Utilisez matin et soir comme premi\u00e8re \u00e9tape de votre routine de soins de la peau. 2. Appuyez sur le distributeur pour presser la mousse dans vos [&hellip;]<\/p>\n","protected":false},"featured_media":19028,"template":"","meta":[],"product_brand":[172],"product_cat":[15,142],"product_tag":[],"class_list":{"0":"post-18996","1":"product","2":"type-product","3":"status-publish","4":"has-post-thumbnail","6":"product_brand-isdin","7":"product_cat-tout","8":"product_cat-isdin","9":"ts_product_brand-isdin","11":"first","12":"instock","13":"sale","14":"shipping-taxable","15":"purchasable","16":"product-type-simple"},"_links":{"self":[{"href":"https:\/\/para-mirava.ma\/index.php?rest_route=\/wp\/v2\/product\/18996","targetHints":{"allow":["GET"]}}],"collection":[{"href":"https:\/\/para-mirava.ma\/index.php?rest_route=\/wp\/v2\/product"}],"about":[{"href":"https:\/\/para-mirava.ma\/index.php?rest_route=\/wp\/v2\/types\/product"}],"wp:featuredmedia":[{"embeddable":true,"href":"https:\/\/para-mirava.ma\/index.php?rest_route=\/wp\/v2\/media\/19028"}],"wp:attachment":[{"href":"https:\/\/para-mirava.ma\/index.php?rest_route=%2Fwp%2Fv2%2Fmedia&parent=18996"}],"wp:term":[{"taxonomy":"product_brand","embeddable":true,"href":"https:\/\/para-mirava.ma\/index.php?rest_route=%2Fwp%2Fv2%2Fproduct_brand&post=18996"},{"taxonomy":"product_cat","embeddable":true,"href":"https:\/\/para-mirava.ma\/index.php?rest_route=%2Fwp%2Fv2%2Fproduct_cat&post=18996"},{"taxonomy":"product_tag","embeddable":true,"href":"https:\/\/para-mirava.ma\/index.php?rest_route=%2Fwp%2Fv2%2Fproduct_tag&post=18996"}],"curies":[{"name":"wp","href":"https:\/\/api.w.org\/{rel}","templated":true}]}}