{"id":18999,"date":"2026-03-14T20:06:18","date_gmt":"2026-03-14T20:06:18","guid":{"rendered":"https:\/\/para-mirava.ma\/?product=isdin-isdinceutics-vital-eyes-15g"},"modified":"2026-03-17T18:43:45","modified_gmt":"2026-03-17T18:43:45","slug":"isdin-isdinceutics-vital-eyes-15g","status":"publish","type":"product","link":"https:\/\/para-mirava.ma\/?product=isdin-isdinceutics-vital-eyes-15g","title":{"rendered":"ISDIN ISDINCEUTICS VITAL EYES 15G"},"content":{"rendered":"<p>Contour des yeux r\u00e9parateur qui lisse les ridules et les man\u00e8ges. Il exerce un effet d\u00e9tox, pour un look \u00e0 l&#8217;aspect repulp\u00e9 et rajeuni. Il favorise la r\u00e9g\u00e9n\u00e9ration de la peau endommag\u00e9e par l&#8217;action des radicaux libres. De plus, il raffermit la zone d\u00e9licate du contour des yeux pour une apparence plus jeune. Il a \u00e9galement une action d\u00e9congestionnante pour aider \u00e0 r\u00e9duire les poches et les cernes. L&#8217;applicateur Vital Eyes vise un effet froid qui aide \u00e0 d\u00e9congestionner la zone et \u00e0 la r\u00e9duire. Disponible dans votre parapharmacie en ligne<\/p>\n","protected":false},"excerpt":{"rendered":"<p>Contour des yeux r\u00e9parateur qui lisse les ridules et les man\u00e8ges. Il exerce un effet d\u00e9tox, pour un look \u00e0 l&#8217;aspect repulp\u00e9 et rajeuni. Il favorise la r\u00e9g\u00e9n\u00e9ration de la peau endommag\u00e9e par l&#8217;action des radicaux libres. De plus, il raffermit la zone d\u00e9licate du contour des yeux pour une apparence plus jeune. Il a [&hellip;]<\/p>\n","protected":false},"featured_media":19022,"template":"","meta":[],"product_brand":[172],"product_cat":[15,142],"product_tag":[],"class_list":{"0":"post-18999","1":"product","2":"type-product","3":"status-publish","4":"has-post-thumbnail","6":"product_brand-isdin","7":"product_cat-tout","8":"product_cat-isdin","9":"ts_product_brand-isdin","11":"first","12":"instock","13":"sale","14":"shipping-taxable","15":"purchasable","16":"product-type-simple"},"_links":{"self":[{"href":"https:\/\/para-mirava.ma\/index.php?rest_route=\/wp\/v2\/product\/18999","targetHints":{"allow":["GET"]}}],"collection":[{"href":"https:\/\/para-mirava.ma\/index.php?rest_route=\/wp\/v2\/product"}],"about":[{"href":"https:\/\/para-mirava.ma\/index.php?rest_route=\/wp\/v2\/types\/product"}],"wp:featuredmedia":[{"embeddable":true,"href":"https:\/\/para-mirava.ma\/index.php?rest_route=\/wp\/v2\/media\/19022"}],"wp:attachment":[{"href":"https:\/\/para-mirava.ma\/index.php?rest_route=%2Fwp%2Fv2%2Fmedia&parent=18999"}],"wp:term":[{"taxonomy":"product_brand","embeddable":true,"href":"https:\/\/para-mirava.ma\/index.php?rest_route=%2Fwp%2Fv2%2Fproduct_brand&post=18999"},{"taxonomy":"product_cat","embeddable":true,"href":"https:\/\/para-mirava.ma\/index.php?rest_route=%2Fwp%2Fv2%2Fproduct_cat&post=18999"},{"taxonomy":"product_tag","embeddable":true,"href":"https:\/\/para-mirava.ma\/index.php?rest_route=%2Fwp%2Fv2%2Fproduct_tag&post=18999"}],"curies":[{"name":"wp","href":"https:\/\/api.w.org\/{rel}","templated":true}]}}