{"id":19001,"date":"2026-03-14T20:06:18","date_gmt":"2026-03-14T20:06:18","guid":{"rendered":"https:\/\/para-mirava.ma\/?product=isdin-isdinceutics-k-ox-contour-des-yeux-15g"},"modified":"2026-03-17T18:43:46","modified_gmt":"2026-03-17T18:43:46","slug":"isdin-isdinceutics-k-ox-contour-des-yeux-15g","status":"publish","type":"product","link":"https:\/\/para-mirava.ma\/?product=isdin-isdinceutics-k-ox-contour-des-yeux-15g","title":{"rendered":"ISDIN ISDINCEUTICS K-OX CONTOUR DES YEUX 15G"},"content":{"rendered":"<p>Isdin Isdinceutics K-Ox Eyes Poches et Cernes 15 g est une cr\u00e8me pour le contour des yeux indiqu\u00e9e pour r\u00e9duire les poches et les cernes, \u00e9claircir les cernes et am\u00e9liorer l&#8217;\u00e9lasticit\u00e9 de la peau.<\/p>\n<p>Sa formule contient de la vitamine K Oxyde, des actifs sp\u00e9cifiques pour r\u00e9duire la couleur des cernes et le volume des poches et de l&#8217;acide hyaluronique.<\/p>\n<p>Les effets sont imm\u00e9diats. De plus, cette cr\u00e8me prot\u00e8ge contre la perte d&#8217;hydratation et att\u00e9nue les fines lignes d&#8217;expression. Il en r\u00e9sulte un regard plus repos\u00e9, rajeunit et plus lumineux.<\/p>\n<p>Disponible dans votre parapharmacie en ligne www.cotepara.ma<\/p>\n<p>Test\u00e9 sous contr\u00f4le dermatologique et ophtalmologique.<\/p>\n","protected":false},"excerpt":{"rendered":"<p>Isdin Isdinceutics K-Ox Eyes Poches et Cernes 15 g est une cr\u00e8me pour le contour des yeux indiqu\u00e9e pour r\u00e9duire les poches et les cernes, \u00e9claircir les cernes et am\u00e9liorer l&#8217;\u00e9lasticit\u00e9 de la peau. Sa formule contient de la vitamine K Oxyde, des actifs sp\u00e9cifiques pour r\u00e9duire la couleur des cernes et le volume des [&hellip;]<\/p>\n","protected":false},"featured_media":19024,"template":"","meta":[],"product_brand":[172],"product_cat":[15,142],"product_tag":[],"class_list":{"0":"post-19001","1":"product","2":"type-product","3":"status-publish","4":"has-post-thumbnail","6":"product_brand-isdin","7":"product_cat-tout","8":"product_cat-isdin","9":"ts_product_brand-isdin","11":"first","12":"instock","13":"sale","14":"shipping-taxable","15":"purchasable","16":"product-type-simple"},"_links":{"self":[{"href":"https:\/\/para-mirava.ma\/index.php?rest_route=\/wp\/v2\/product\/19001","targetHints":{"allow":["GET"]}}],"collection":[{"href":"https:\/\/para-mirava.ma\/index.php?rest_route=\/wp\/v2\/product"}],"about":[{"href":"https:\/\/para-mirava.ma\/index.php?rest_route=\/wp\/v2\/types\/product"}],"wp:featuredmedia":[{"embeddable":true,"href":"https:\/\/para-mirava.ma\/index.php?rest_route=\/wp\/v2\/media\/19024"}],"wp:attachment":[{"href":"https:\/\/para-mirava.ma\/index.php?rest_route=%2Fwp%2Fv2%2Fmedia&parent=19001"}],"wp:term":[{"taxonomy":"product_brand","embeddable":true,"href":"https:\/\/para-mirava.ma\/index.php?rest_route=%2Fwp%2Fv2%2Fproduct_brand&post=19001"},{"taxonomy":"product_cat","embeddable":true,"href":"https:\/\/para-mirava.ma\/index.php?rest_route=%2Fwp%2Fv2%2Fproduct_cat&post=19001"},{"taxonomy":"product_tag","embeddable":true,"href":"https:\/\/para-mirava.ma\/index.php?rest_route=%2Fwp%2Fv2%2Fproduct_tag&post=19001"}],"curies":[{"name":"wp","href":"https:\/\/api.w.org\/{rel}","templated":true}]}}