{"id":19003,"date":"2026-03-14T20:06:19","date_gmt":"2026-03-14T20:06:19","guid":{"rendered":"https:\/\/para-mirava.ma\/?product=isdin-protector-labial-baume-a-levres-spf50-4g"},"modified":"2026-03-17T18:43:45","modified_gmt":"2026-03-17T18:43:45","slug":"isdin-protector-labial-baume-a-levres-spf50-4g","status":"publish","type":"product","link":"https:\/\/para-mirava.ma\/?product=isdin-protector-labial-baume-a-levres-spf50-4g","title":{"rendered":"ISDIN PROTECTOR LABIAL BAUME A LEVRES SPF50+ 4G"},"content":{"rendered":"<p>Isdin Protector Labial Baume L\u00e8vres SPF50 + 4 g est un baume \u00e0 l\u00e8vres offrant une tr\u00e8s haute protection solaire.<\/p>\n<p>Disponible dans votre parapharmacie en ligne www.cotepara.ma<\/p>\n<p>Test\u00e9 sous contr\u00f4le dermatologique.<\/p>\n","protected":false},"excerpt":{"rendered":"<p>Isdin Protector Labial Baume L\u00e8vres SPF50 + 4 g est un baume \u00e0 l\u00e8vres offrant une tr\u00e8s haute protection solaire. Disponible dans votre parapharmacie en ligne www.cotepara.ma Test\u00e9 sous contr\u00f4le dermatologique.<\/p>\n","protected":false},"featured_media":19012,"template":"","meta":[],"product_brand":[172],"product_cat":[15,142],"product_tag":[],"class_list":{"0":"post-19003","1":"product","2":"type-product","3":"status-publish","4":"has-post-thumbnail","6":"product_brand-isdin","7":"product_cat-tout","8":"product_cat-isdin","9":"ts_product_brand-isdin","11":"first","12":"instock","13":"sale","14":"shipping-taxable","15":"purchasable","16":"product-type-simple"},"_links":{"self":[{"href":"https:\/\/para-mirava.ma\/index.php?rest_route=\/wp\/v2\/product\/19003","targetHints":{"allow":["GET"]}}],"collection":[{"href":"https:\/\/para-mirava.ma\/index.php?rest_route=\/wp\/v2\/product"}],"about":[{"href":"https:\/\/para-mirava.ma\/index.php?rest_route=\/wp\/v2\/types\/product"}],"wp:featuredmedia":[{"embeddable":true,"href":"https:\/\/para-mirava.ma\/index.php?rest_route=\/wp\/v2\/media\/19012"}],"wp:attachment":[{"href":"https:\/\/para-mirava.ma\/index.php?rest_route=%2Fwp%2Fv2%2Fmedia&parent=19003"}],"wp:term":[{"taxonomy":"product_brand","embeddable":true,"href":"https:\/\/para-mirava.ma\/index.php?rest_route=%2Fwp%2Fv2%2Fproduct_brand&post=19003"},{"taxonomy":"product_cat","embeddable":true,"href":"https:\/\/para-mirava.ma\/index.php?rest_route=%2Fwp%2Fv2%2Fproduct_cat&post=19003"},{"taxonomy":"product_tag","embeddable":true,"href":"https:\/\/para-mirava.ma\/index.php?rest_route=%2Fwp%2Fv2%2Fproduct_tag&post=19003"}],"curies":[{"name":"wp","href":"https:\/\/api.w.org\/{rel}","templated":true}]}}