{"id":19004,"date":"2026-03-14T20:06:19","date_gmt":"2026-03-14T20:06:19","guid":{"rendered":"https:\/\/para-mirava.ma\/?product=isdin-shampoo-daylisdin-ultra-gentle-400ml"},"modified":"2026-03-17T18:43:45","modified_gmt":"2026-03-17T18:43:45","slug":"isdin-shampoo-daylisdin-ultra-gentle-400ml","status":"publish","type":"product","link":"https:\/\/para-mirava.ma\/?product=isdin-shampoo-daylisdin-ultra-gentle-400ml","title":{"rendered":"ISDIN SHAMPOO DAYLISDIN ULTRA GENTLE 400ML"},"content":{"rendered":"<p>Le shampooing Isdin Dailiesin nourrit et adoucit les cheveux. Disponible dans votre parapharmacie en ligne www.cotepara.ma. Shampoing ultra doux. Il rend les cheveux clairsem\u00e9s visiblement plus sains, plus doux et plus brillants. Un shampooing sp\u00e9cialement formul\u00e9 pour une utilisation quotidienne sur les cheveux fins et cassants. Laisse vos cheveux et votre cuir chevelu doux et brillants.<\/p>\n","protected":false},"excerpt":{"rendered":"<p>Le shampooing Isdin Dailiesin nourrit et adoucit les cheveux. Disponible dans votre parapharmacie en ligne www.cotepara.ma. Shampoing ultra doux. Il rend les cheveux clairsem\u00e9s visiblement plus sains, plus doux et plus brillants. Un shampooing sp\u00e9cialement formul\u00e9 pour une utilisation quotidienne sur les cheveux fins et cassants. Laisse vos cheveux et votre cuir chevelu doux et [&hellip;]<\/p>\n","protected":false},"featured_media":19013,"template":"","meta":[],"product_brand":[172],"product_cat":[15,142],"product_tag":[],"class_list":{"0":"post-19004","1":"product","2":"type-product","3":"status-publish","4":"has-post-thumbnail","6":"product_brand-isdin","7":"product_cat-tout","8":"product_cat-isdin","9":"ts_product_brand-isdin","11":"first","12":"instock","13":"sale","14":"shipping-taxable","15":"purchasable","16":"product-type-simple"},"_links":{"self":[{"href":"https:\/\/para-mirava.ma\/index.php?rest_route=\/wp\/v2\/product\/19004","targetHints":{"allow":["GET"]}}],"collection":[{"href":"https:\/\/para-mirava.ma\/index.php?rest_route=\/wp\/v2\/product"}],"about":[{"href":"https:\/\/para-mirava.ma\/index.php?rest_route=\/wp\/v2\/types\/product"}],"wp:featuredmedia":[{"embeddable":true,"href":"https:\/\/para-mirava.ma\/index.php?rest_route=\/wp\/v2\/media\/19013"}],"wp:attachment":[{"href":"https:\/\/para-mirava.ma\/index.php?rest_route=%2Fwp%2Fv2%2Fmedia&parent=19004"}],"wp:term":[{"taxonomy":"product_brand","embeddable":true,"href":"https:\/\/para-mirava.ma\/index.php?rest_route=%2Fwp%2Fv2%2Fproduct_brand&post=19004"},{"taxonomy":"product_cat","embeddable":true,"href":"https:\/\/para-mirava.ma\/index.php?rest_route=%2Fwp%2Fv2%2Fproduct_cat&post=19004"},{"taxonomy":"product_tag","embeddable":true,"href":"https:\/\/para-mirava.ma\/index.php?rest_route=%2Fwp%2Fv2%2Fproduct_tag&post=19004"}],"curies":[{"name":"wp","href":"https:\/\/api.w.org\/{rel}","templated":true}]}}