{"id":19005,"date":"2026-03-14T20:06:19","date_gmt":"2026-03-14T20:06:19","guid":{"rendered":"https:\/\/para-mirava.ma\/?product=isdin-night-peel-peeling-exfoliant-de-nuit-30-amp"},"modified":"2026-03-17T18:43:45","modified_gmt":"2026-03-17T18:43:45","slug":"isdin-night-peel-peeling-exfoliant-de-nuit-30-amp","status":"publish","type":"product","link":"https:\/\/para-mirava.ma\/?product=isdin-night-peel-peeling-exfoliant-de-nuit-30-amp","title":{"rendered":"ISDIN NIGHT PEEL PEELING EXFOLIANT DE NUIT 30 AMP"},"content":{"rendered":"<p>Chaque ampoule contient de l&#8217;acide glycolique (GAc) aux propri\u00e9t\u00e9s exfoliantes, qui aide \u00e0 stimuler la production de collag\u00e8ne de la peau.<\/p>\n<p>La combinaison d&#8217;acides alpha-hydroxyl\u00e9s (AHA) stimule \u00e9galement l&#8217;exfoliation des cellules superficielles de la peau et aide \u00e0 att\u00e9nuer les rides et lignes d&#8217;expression.<\/p>\n<p>Enfin, la technologie Hydraboost (HB) permet une hydratation en profondeur imm\u00e9diate.<\/p>\n<p>R\u00e9sultat : la peau est hydrat\u00e9e et rajeunie.<\/p>\n<p>Appliquer Night Peel le soir, comme deuxi\u00e8me \u00e9tape de la routine du visage, juste apr\u00e8s le nettoyage.<\/p>\n<p>Appliquer chaque soir sur la peau propre et s\u00e8che sur l&#8217;ensemble du visage en \u00e9vitant le contour des yeux.<\/p>\n<p>Pour garantir une efficacit\u00e9 maximale du produit, nous vous conseillons d&#8217;utiliser l&#8217;ampoule dans les 48h suivant l&#8217;ouverture.<\/p>\n","protected":false},"excerpt":{"rendered":"<p>Chaque ampoule contient de l&#8217;acide glycolique (GAc) aux propri\u00e9t\u00e9s exfoliantes, qui aide \u00e0 stimuler la production de collag\u00e8ne de la peau. La combinaison d&#8217;acides alpha-hydroxyl\u00e9s (AHA) stimule \u00e9galement l&#8217;exfoliation des cellules superficielles de la peau et aide \u00e0 att\u00e9nuer les rides et lignes d&#8217;expression. Enfin, la technologie Hydraboost (HB) permet une hydratation en profondeur imm\u00e9diate. [&hellip;]<\/p>\n","protected":false},"featured_media":19014,"template":"","meta":[],"product_brand":[172],"product_cat":[15,142],"product_tag":[],"class_list":{"0":"post-19005","1":"product","2":"type-product","3":"status-publish","4":"has-post-thumbnail","6":"product_brand-isdin","7":"product_cat-tout","8":"product_cat-isdin","9":"ts_product_brand-isdin","11":"first","12":"instock","13":"sale","14":"shipping-taxable","15":"purchasable","16":"product-type-simple"},"_links":{"self":[{"href":"https:\/\/para-mirava.ma\/index.php?rest_route=\/wp\/v2\/product\/19005","targetHints":{"allow":["GET"]}}],"collection":[{"href":"https:\/\/para-mirava.ma\/index.php?rest_route=\/wp\/v2\/product"}],"about":[{"href":"https:\/\/para-mirava.ma\/index.php?rest_route=\/wp\/v2\/types\/product"}],"wp:featuredmedia":[{"embeddable":true,"href":"https:\/\/para-mirava.ma\/index.php?rest_route=\/wp\/v2\/media\/19014"}],"wp:attachment":[{"href":"https:\/\/para-mirava.ma\/index.php?rest_route=%2Fwp%2Fv2%2Fmedia&parent=19005"}],"wp:term":[{"taxonomy":"product_brand","embeddable":true,"href":"https:\/\/para-mirava.ma\/index.php?rest_route=%2Fwp%2Fv2%2Fproduct_brand&post=19005"},{"taxonomy":"product_cat","embeddable":true,"href":"https:\/\/para-mirava.ma\/index.php?rest_route=%2Fwp%2Fv2%2Fproduct_cat&post=19005"},{"taxonomy":"product_tag","embeddable":true,"href":"https:\/\/para-mirava.ma\/index.php?rest_route=%2Fwp%2Fv2%2Fproduct_tag&post=19005"}],"curies":[{"name":"wp","href":"https:\/\/api.w.org\/{rel}","templated":true}]}}