{"id":19008,"date":"2026-03-14T20:06:19","date_gmt":"2026-03-14T20:06:19","guid":{"rendered":"https:\/\/para-mirava.ma\/?product=isdin-isdinceutics-eau-micellaire-4en1-400ml"},"modified":"2026-03-17T18:43:45","modified_gmt":"2026-03-17T18:43:45","slug":"isdin-isdinceutics-eau-micellaire-4en1-400ml","status":"publish","type":"product","link":"https:\/\/para-mirava.ma\/?product=isdin-isdinceutics-eau-micellaire-4en1-400ml","title":{"rendered":"ISDIN ISDINCEUTICS EAU MICELLAIRE 4EN1 400ML"},"content":{"rendered":"<p>La solution micellaire ISDIN 4-en-1 est la premi\u00e8re eau micellaire recommand\u00e9e par les professionnels du maquillage. Elle enl\u00e8ve facilement le maquillage m\u00eame le plus r\u00e9sistant en un seul geste, en nettoyant, tonifiant et hydratant profond\u00e9ment la peau, la laissant douce, \u00e9clatante et sans impuret\u00e9s.<\/p>\n<p>Des ingr\u00e9dients naturels adapt\u00e9s aux peaux sensibles font de la solution micellaire ISDIN le meilleur choix pour tous les types de soins de la peau.<\/p>\n<p>Conseils d&#8217;utilisation:<br \/>\nAppliquez matin et soir en imbibant un morceau de coton et en nettoyant d\u00e9licatement la peau du visage et du cou. Aucun rin\u00e7age n\u00e9cessaire.<\/p>\n<p>Composition:<br \/>\nFormule INCI : Aqua (Water), Hexylene Glycol, Glycerin, Betaine, Polyglyceryl-4 Laurate\/Sebacate, Polyglyceryl-6 Caprylate\/Caprate, Cetrimonium Bromide, Disodium EDTA.<br \/>\nTest\u00e9 dermatologiquement et ophtamologiquement.<br \/>\nLa composition peut \u00eatre soumise \u00e0 des variations, nous vous conseillons de toujours v\u00e9rifier la liste figurant sur le produit achet\u00e9.<\/p>\n","protected":false},"excerpt":{"rendered":"<p>La solution micellaire ISDIN 4-en-1 est la premi\u00e8re eau micellaire recommand\u00e9e par les professionnels du maquillage. Elle enl\u00e8ve facilement le maquillage m\u00eame le plus r\u00e9sistant en un seul geste, en nettoyant, tonifiant et hydratant profond\u00e9ment la peau, la laissant douce, \u00e9clatante et sans impuret\u00e9s. Des ingr\u00e9dients naturels adapt\u00e9s aux peaux sensibles font de la solution [&hellip;]<\/p>\n","protected":false},"featured_media":19017,"template":"","meta":[],"product_brand":[172],"product_cat":[15,142],"product_tag":[],"class_list":{"0":"post-19008","1":"product","2":"type-product","3":"status-publish","4":"has-post-thumbnail","6":"product_brand-isdin","7":"product_cat-tout","8":"product_cat-isdin","9":"ts_product_brand-isdin","11":"first","12":"instock","13":"sale","14":"shipping-taxable","15":"purchasable","16":"product-type-simple"},"_links":{"self":[{"href":"https:\/\/para-mirava.ma\/index.php?rest_route=\/wp\/v2\/product\/19008","targetHints":{"allow":["GET"]}}],"collection":[{"href":"https:\/\/para-mirava.ma\/index.php?rest_route=\/wp\/v2\/product"}],"about":[{"href":"https:\/\/para-mirava.ma\/index.php?rest_route=\/wp\/v2\/types\/product"}],"wp:featuredmedia":[{"embeddable":true,"href":"https:\/\/para-mirava.ma\/index.php?rest_route=\/wp\/v2\/media\/19017"}],"wp:attachment":[{"href":"https:\/\/para-mirava.ma\/index.php?rest_route=%2Fwp%2Fv2%2Fmedia&parent=19008"}],"wp:term":[{"taxonomy":"product_brand","embeddable":true,"href":"https:\/\/para-mirava.ma\/index.php?rest_route=%2Fwp%2Fv2%2Fproduct_brand&post=19008"},{"taxonomy":"product_cat","embeddable":true,"href":"https:\/\/para-mirava.ma\/index.php?rest_route=%2Fwp%2Fv2%2Fproduct_cat&post=19008"},{"taxonomy":"product_tag","embeddable":true,"href":"https:\/\/para-mirava.ma\/index.php?rest_route=%2Fwp%2Fv2%2Fproduct_tag&post=19008"}],"curies":[{"name":"wp","href":"https:\/\/api.w.org\/{rel}","templated":true}]}}