{"id":19010,"date":"2026-03-14T20:06:20","date_gmt":"2026-03-14T20:06:20","guid":{"rendered":"https:\/\/para-mirava.ma\/?product=isdin-isdinceutics-glicoisdin-15-moderate-gel-visage-50g"},"modified":"2026-03-17T18:43:45","modified_gmt":"2026-03-17T18:43:45","slug":"isdin-isdinceutics-glicoisdin-15-moderate-gel-visage-50g","status":"publish","type":"product","link":"https:\/\/para-mirava.ma\/?product=isdin-isdinceutics-glicoisdin-15-moderate-gel-visage-50g","title":{"rendered":"ISDIN ISDINCEUTICS GLICOISDIN 15 MODERATE GEL VISAGE 50G"},"content":{"rendered":"<p>Sa formule contient 6,1% d&#8217;acide glycolique libre qui exfolie la surface de la peau, aidant ainsi \u00e0 lisser la texture de la peau et \u00e0 renforcer le processus de renouvellement cutan\u00e9.<\/p>\n<p>Il aide \u00e0 r\u00e9duire les lignes d&#8217;expression et les rides caus\u00e9es par le photovieillissement, tout en redonnant de l&#8217;\u00e9clat \u00e0 la peau et en unifiant le teint. Sa teneur en Aloe Vera apporte une action hydratante et aide \u00e0 r\u00e9duire l&#8217;irritation.<\/p>\n<p>Test\u00e9 dermatologiquement.<\/p>\n<p>Appliquer quotidiennement sur tout le visage. Pendant la premi\u00e8re semaine d&#8217;utilisation, appliquer une noisette de produit un jour sur deux, puis les semaines suivantes, appliquer de mani\u00e8re continue.<\/p>\n<p>Tenir hors de port\u00e9e des enfants. Ne pas ing\u00e9rer. Usage externe.<\/p>\n<p>Eviter tout contact avec les yeux et les muqueuses. Ce produit peut irriter les yeux. En cas de contact accidentel avec les yeux, rincer abondamment \u00e0 l&#8217;eau. Ne pas appliquer sur les paupi\u00e8res, \u00e0 la base du nez et \u00e0 la commissure des l\u00e8vres ni sur une peau irrit\u00e9e ou ab\u00eem\u00e9e. Lors des premi\u00e8res applications, il est possible de noter des sensations transitoires de br\u00fblure, de d\u00e9mangeaison ou un ass\u00e8chement de la peau. En cas de persistance, cesser l&#8217;utilisation de la cr\u00e8me et consulter un dermatologue. Pendant l&#8217;utilisation du produit, \u00e9viter toute exposition au soleil et appliquer un photoprotecteur \u00e0 indice de protection tr\u00e8s \u00e9lev\u00e9.<\/p>\n","protected":false},"excerpt":{"rendered":"<p>Sa formule contient 6,1% d&#8217;acide glycolique libre qui exfolie la surface de la peau, aidant ainsi \u00e0 lisser la texture de la peau et \u00e0 renforcer le processus de renouvellement cutan\u00e9. Il aide \u00e0 r\u00e9duire les lignes d&#8217;expression et les rides caus\u00e9es par le photovieillissement, tout en redonnant de l&#8217;\u00e9clat \u00e0 la peau et en [&hellip;]<\/p>\n","protected":false},"featured_media":19011,"template":"","meta":[],"product_brand":[172],"product_cat":[15,142],"product_tag":[],"class_list":{"0":"post-19010","1":"product","2":"type-product","3":"status-publish","4":"has-post-thumbnail","6":"product_brand-isdin","7":"product_cat-tout","8":"product_cat-isdin","9":"ts_product_brand-isdin","11":"first","12":"instock","13":"sale","14":"shipping-taxable","15":"purchasable","16":"product-type-simple"},"_links":{"self":[{"href":"https:\/\/para-mirava.ma\/index.php?rest_route=\/wp\/v2\/product\/19010","targetHints":{"allow":["GET"]}}],"collection":[{"href":"https:\/\/para-mirava.ma\/index.php?rest_route=\/wp\/v2\/product"}],"about":[{"href":"https:\/\/para-mirava.ma\/index.php?rest_route=\/wp\/v2\/types\/product"}],"wp:featuredmedia":[{"embeddable":true,"href":"https:\/\/para-mirava.ma\/index.php?rest_route=\/wp\/v2\/media\/19011"}],"wp:attachment":[{"href":"https:\/\/para-mirava.ma\/index.php?rest_route=%2Fwp%2Fv2%2Fmedia&parent=19010"}],"wp:term":[{"taxonomy":"product_brand","embeddable":true,"href":"https:\/\/para-mirava.ma\/index.php?rest_route=%2Fwp%2Fv2%2Fproduct_brand&post=19010"},{"taxonomy":"product_cat","embeddable":true,"href":"https:\/\/para-mirava.ma\/index.php?rest_route=%2Fwp%2Fv2%2Fproduct_cat&post=19010"},{"taxonomy":"product_tag","embeddable":true,"href":"https:\/\/para-mirava.ma\/index.php?rest_route=%2Fwp%2Fv2%2Fproduct_tag&post=19010"}],"curies":[{"name":"wp","href":"https:\/\/api.w.org\/{rel}","templated":true}]}}