{"id":19179,"date":"2026-03-17T16:25:26","date_gmt":"2026-03-17T16:25:26","guid":{"rendered":"https:\/\/para-mirava.ma\/?product=cerave-serum-retinol-anti-marques-30ml-2"},"modified":"2026-03-17T18:41:55","modified_gmt":"2026-03-17T18:41:55","slug":"cerave-serum-retinol-anti-marques-30ml-2","status":"publish","type":"product","link":"https:\/\/para-mirava.ma\/?product=cerave-serum-retinol-anti-marques-30ml-2","title":{"rendered":"CERAVE SERUM RETINOL ANTI MARQUES 30ML"},"content":{"rendered":"<p>Soin qui resserre les pores, lisse le grain de peau et r\u00e9duit les marques post-imperfections. Le S\u00e9rum R\u00e9tinol Anti-Marques de CeraVe aide \u00e0 r\u00e9duire l&#8217;apparence des marques des peaux \u00e0 imperfections et \u00e0 tendance acn\u00e9ique.<\/p>\n<p>Ce soin resurfa\u00e7ant r\u00e9duit l&#8217;apparence des marques persistantes post-acn\u00e9 (hyperpigmentation post-inflammatoire ou PIH) et resserre les pores. Formul\u00e9 avec du r\u00e9tinol encapsul\u00e9, il resurface, lisse, am\u00e9liore la texture de la peau et stimule le renouvellement cellulaire sans irriter.<\/p>\n<p>De plus, il contient de l&#8217;extrait de racine de r\u00e9glisse pour illuminer, uniformiser le teint et att\u00e9nuer les signes d&#8217;hyperpigmentation.<\/p>\n<p>Enrichi aux 3 c\u00e9ramides essentiels, \u00e0 l&#8217;acide hyaluronique et \u00e0 la niacinamide, il hydrate en profondeur, apaise et restaure la barri\u00e8re cutan\u00e9e. Sa texture gel cr\u00e8me p\u00e9n\u00e8tre rapidement la peau pour un fini non-gras et non collant.<\/p>\n","protected":false},"excerpt":{"rendered":"<p>Soin qui resserre les pores, lisse le grain de peau et r\u00e9duit les marques post-imperfections. Le S\u00e9rum R\u00e9tinol Anti-Marques de CeraVe aide \u00e0 r\u00e9duire l&#8217;apparence des marques des peaux \u00e0 imperfections et \u00e0 tendance acn\u00e9ique. Ce soin resurfa\u00e7ant r\u00e9duit l&#8217;apparence des marques persistantes post-acn\u00e9 (hyperpigmentation post-inflammatoire ou PIH) et resserre les pores. Formul\u00e9 avec du [&hellip;]<\/p>\n","protected":false},"featured_media":19178,"template":"","meta":[],"product_brand":[177],"product_cat":[15,139],"product_tag":[],"class_list":{"0":"post-19179","1":"product","2":"type-product","3":"status-publish","4":"has-post-thumbnail","6":"product_brand-cerave","7":"product_cat-tout","8":"product_cat-cerave","9":"ts_product_brand-cerave","11":"first","12":"instock","13":"sale","14":"shipping-taxable","15":"purchasable","16":"product-type-simple"},"_links":{"self":[{"href":"https:\/\/para-mirava.ma\/index.php?rest_route=\/wp\/v2\/product\/19179","targetHints":{"allow":["GET"]}}],"collection":[{"href":"https:\/\/para-mirava.ma\/index.php?rest_route=\/wp\/v2\/product"}],"about":[{"href":"https:\/\/para-mirava.ma\/index.php?rest_route=\/wp\/v2\/types\/product"}],"wp:featuredmedia":[{"embeddable":true,"href":"https:\/\/para-mirava.ma\/index.php?rest_route=\/wp\/v2\/media\/19178"}],"wp:attachment":[{"href":"https:\/\/para-mirava.ma\/index.php?rest_route=%2Fwp%2Fv2%2Fmedia&parent=19179"}],"wp:term":[{"taxonomy":"product_brand","embeddable":true,"href":"https:\/\/para-mirava.ma\/index.php?rest_route=%2Fwp%2Fv2%2Fproduct_brand&post=19179"},{"taxonomy":"product_cat","embeddable":true,"href":"https:\/\/para-mirava.ma\/index.php?rest_route=%2Fwp%2Fv2%2Fproduct_cat&post=19179"},{"taxonomy":"product_tag","embeddable":true,"href":"https:\/\/para-mirava.ma\/index.php?rest_route=%2Fwp%2Fv2%2Fproduct_tag&post=19179"}],"curies":[{"name":"wp","href":"https:\/\/api.w.org\/{rel}","templated":true}]}}