{"id":19189,"date":"2026-03-17T16:25:30","date_gmt":"2026-03-17T16:25:30","guid":{"rendered":"https:\/\/para-mirava.ma\/?product=cerave-soin-concentre-anti-imperfection-40ml-2"},"modified":"2026-03-17T18:41:54","modified_gmt":"2026-03-17T18:41:54","slug":"cerave-soin-concentre-anti-imperfection-40ml-2","status":"publish","type":"product","link":"https:\/\/para-mirava.ma\/?product=cerave-soin-concentre-anti-imperfection-40ml-2","title":{"rendered":"CERAVE SOIN CONCENTRE ANTI IMPERFECTION 40ML"},"content":{"rendered":"<p>D\u00e9velopp\u00e9s avec des dermatologues, tous les soins CeraVe sont enrichis aux 3 c\u00e9ramides essentiels et aussi \u00e0 l&#8217;acide hyaluronique, naturellement pr\u00e9sents dans la peau, pour restaurer la barri\u00e8re cutan\u00e9e. La gamme anti-imperfections et aussi anti-marques de CeraVe est \u00e9galement enrichie en acide salicylique, AHA et BHA pour d\u00e9sobstruer les pores, r\u00e9duire les imperfections et aussi les marques d&#8217;acn\u00e9, tout en restaurant la barri\u00e8re cutan\u00e9e.<\/p>\n<p>Soin quotidien complet contre les imperfections enrichi aux 3 C\u00e9ramides essentiels, Niacinamide, et Acide Hyaluronique, il hydrate 8h*, apaise et aussi restaure la barri\u00e8re cutan\u00e9e.<\/p>\n<p>Sa texture gel frais p\u00e9n\u00e8tre rapidement la peau pour un effet non-gras, non collant.<\/p>\n<p>Sa formule haute tol\u00e9rance test\u00e9e sous contr\u00f4le dermatologique respecte une charte de formulation stricte pour convenir aux peaux sensibles : sans parfum, sans alcool, hypoallerg\u00e9nique, ph physiologique et non com\u00e9dog\u00e8ne.<\/p>\n<p>* Soins cibl\u00e9s<br \/>\n* D\u00e9maquillant<br \/>\n* Hydrater la peau<br \/>\n* Lisser la peau<br \/>\n* Nettoyer la peau<\/p>\n<p>CERAVE SOIN CONCENTRE ANTI IMPERFECTION 40ML est disponible dans votre Parapharmacie en ligne C\u00f4t\u00e9 para \u00e0 Prix discount, livraison Partout Au Maroc.<\/p>\n","protected":false},"excerpt":{"rendered":"<p>D\u00e9velopp\u00e9s avec des dermatologues, tous les soins CeraVe sont enrichis aux 3 c\u00e9ramides essentiels et aussi \u00e0 l&#8217;acide hyaluronique, naturellement pr\u00e9sents dans la peau, pour restaurer la barri\u00e8re cutan\u00e9e. La gamme anti-imperfections et aussi anti-marques de CeraVe est \u00e9galement enrichie en acide salicylique, AHA et BHA pour d\u00e9sobstruer les pores, r\u00e9duire les imperfections et aussi [&hellip;]<\/p>\n","protected":false},"featured_media":19188,"template":"","meta":[],"product_brand":[177],"product_cat":[15,139],"product_tag":[],"class_list":{"0":"post-19189","1":"product","2":"type-product","3":"status-publish","4":"has-post-thumbnail","6":"product_brand-cerave","7":"product_cat-tout","8":"product_cat-cerave","9":"ts_product_brand-cerave","11":"first","12":"instock","13":"sale","14":"shipping-taxable","15":"purchasable","16":"product-type-simple"},"_links":{"self":[{"href":"https:\/\/para-mirava.ma\/index.php?rest_route=\/wp\/v2\/product\/19189","targetHints":{"allow":["GET"]}}],"collection":[{"href":"https:\/\/para-mirava.ma\/index.php?rest_route=\/wp\/v2\/product"}],"about":[{"href":"https:\/\/para-mirava.ma\/index.php?rest_route=\/wp\/v2\/types\/product"}],"wp:featuredmedia":[{"embeddable":true,"href":"https:\/\/para-mirava.ma\/index.php?rest_route=\/wp\/v2\/media\/19188"}],"wp:attachment":[{"href":"https:\/\/para-mirava.ma\/index.php?rest_route=%2Fwp%2Fv2%2Fmedia&parent=19189"}],"wp:term":[{"taxonomy":"product_brand","embeddable":true,"href":"https:\/\/para-mirava.ma\/index.php?rest_route=%2Fwp%2Fv2%2Fproduct_brand&post=19189"},{"taxonomy":"product_cat","embeddable":true,"href":"https:\/\/para-mirava.ma\/index.php?rest_route=%2Fwp%2Fv2%2Fproduct_cat&post=19189"},{"taxonomy":"product_tag","embeddable":true,"href":"https:\/\/para-mirava.ma\/index.php?rest_route=%2Fwp%2Fv2%2Fproduct_tag&post=19189"}],"curies":[{"name":"wp","href":"https:\/\/api.w.org\/{rel}","templated":true}]}}