{"id":19193,"date":"2026-03-17T16:25:32","date_gmt":"2026-03-17T16:25:32","guid":{"rendered":"https:\/\/para-mirava.ma\/?product=cerave-huile-lavante-moussante-hydratante-236ml-2"},"modified":"2026-03-17T18:41:54","modified_gmt":"2026-03-17T18:41:54","slug":"cerave-huile-lavante-moussante-hydratante-236ml-2","status":"publish","type":"product","link":"https:\/\/para-mirava.ma\/?product=cerave-huile-lavante-moussante-hydratante-236ml-2","title":{"rendered":"CERAVE HUILE LAVANTE MOUSSANTE HYDRATANTE 236ML"},"content":{"rendered":"<p>D\u00e9velopp\u00e9e avec des dermatologues, l&#8217;Huile Lavante Moussante Hydratante CeraVe nettoie en douceur, relipide et nourrit les peaux normales \u00e0 tr\u00e8s s\u00e8ches et les peaux \u00e0 tendance atopique.<\/p>\n<p>Formul\u00e9e \u00e0 partir d&#8217;un complexe unique de triglyc\u00e9rides et de squalane, ainsi que de lipides cl\u00e9s naturellement pr\u00e9sents dans la peau (d\u00e9ficitaires dans les peaux les plus s\u00e8ches), l&#8217;Huile Lavante Moussante Hydratante CeraVe nettoie tout en relipidant la peau. Sa texture huile moussante enveloppante nettoie sans laisser de film gras et apaise imm\u00e9diatement sous la douche.<\/p>\n<p>Sa formule respectueuse de la peau, au pH physiologique, sans parfum et non com\u00e9dog\u00e8ne, est de haute tol\u00e9rance pour convenir aux peaux les plus fragiles.<\/p>\n<p>Formule visage et corps, y compris pour les zones intimes. Test\u00e9e sous contr\u00f4le gyn\u00e9cologique. Convient pour une utilisation pour toute la famille : nourrissons d\u00e8s 1 mois, enfants et adultes.<\/p>\n<p>CERAVE HUILE LAVANTE MOUSSANTE HYDRATANTE 236ML est disponible dans votre Parapharmacie en ligne C\u00f4t\u00e9 para \u00e0 Prix discount, livraison Partout Au Maroc.<\/p>\n","protected":false},"excerpt":{"rendered":"<p>D\u00e9velopp\u00e9e avec des dermatologues, l&#8217;Huile Lavante Moussante Hydratante CeraVe nettoie en douceur, relipide et nourrit les peaux normales \u00e0 tr\u00e8s s\u00e8ches et les peaux \u00e0 tendance atopique. Formul\u00e9e \u00e0 partir d&#8217;un complexe unique de triglyc\u00e9rides et de squalane, ainsi que de lipides cl\u00e9s naturellement pr\u00e9sents dans la peau (d\u00e9ficitaires dans les peaux les plus s\u00e8ches), [&hellip;]<\/p>\n","protected":false},"featured_media":19192,"template":"","meta":[],"product_brand":[177],"product_cat":[15,139],"product_tag":[],"class_list":{"0":"post-19193","1":"product","2":"type-product","3":"status-publish","4":"has-post-thumbnail","6":"product_brand-cerave","7":"product_cat-tout","8":"product_cat-cerave","9":"ts_product_brand-cerave","11":"first","12":"instock","13":"sale","14":"shipping-taxable","15":"purchasable","16":"product-type-simple"},"_links":{"self":[{"href":"https:\/\/para-mirava.ma\/index.php?rest_route=\/wp\/v2\/product\/19193","targetHints":{"allow":["GET"]}}],"collection":[{"href":"https:\/\/para-mirava.ma\/index.php?rest_route=\/wp\/v2\/product"}],"about":[{"href":"https:\/\/para-mirava.ma\/index.php?rest_route=\/wp\/v2\/types\/product"}],"wp:featuredmedia":[{"embeddable":true,"href":"https:\/\/para-mirava.ma\/index.php?rest_route=\/wp\/v2\/media\/19192"}],"wp:attachment":[{"href":"https:\/\/para-mirava.ma\/index.php?rest_route=%2Fwp%2Fv2%2Fmedia&parent=19193"}],"wp:term":[{"taxonomy":"product_brand","embeddable":true,"href":"https:\/\/para-mirava.ma\/index.php?rest_route=%2Fwp%2Fv2%2Fproduct_brand&post=19193"},{"taxonomy":"product_cat","embeddable":true,"href":"https:\/\/para-mirava.ma\/index.php?rest_route=%2Fwp%2Fv2%2Fproduct_cat&post=19193"},{"taxonomy":"product_tag","embeddable":true,"href":"https:\/\/para-mirava.ma\/index.php?rest_route=%2Fwp%2Fv2%2Fproduct_tag&post=19193"}],"curies":[{"name":"wp","href":"https:\/\/api.w.org\/{rel}","templated":true}]}}