{"id":19197,"date":"2026-03-17T16:25:33","date_gmt":"2026-03-17T16:25:33","guid":{"rendered":"https:\/\/para-mirava.ma\/?product=cerave-sa-gel-nettoyant-anti-rugosites-gel-nettoyant-236ml-2"},"modified":"2026-03-17T18:41:54","modified_gmt":"2026-03-17T18:41:54","slug":"cerave-sa-gel-nettoyant-anti-rugosites-gel-nettoyant-236ml-2","status":"publish","type":"product","link":"https:\/\/para-mirava.ma\/?product=cerave-sa-gel-nettoyant-anti-rugosites-gel-nettoyant-236ml-2","title":{"rendered":"CERAVE SA GEL NETTOYANT ANTI RUGOSITES GEL NETTOYANT 236ML"},"content":{"rendered":"<p>Le Gel Nettoyant Anti-Rugosit\u00e9s de CeraVe nettoie efficacement et lisse le grain de peau des peaux s\u00e8ches, rugueuses et squameuses sujettes \u00e0 la k\u00e9ratose pilaire. Il r\u00e9duit jusqu&#8217;\u00e0 76% la s\u00e9cheresse cutan\u00e9e apr\u00e8s 8 semaines d&#8217;utilisation.<\/p>\n<p>Formul\u00e9 avec de l&#8217;acide salicylique (BHA), il exfolie et favorise l&#8217;\u00e9limination des cellules en surface, des squames et des rugosit\u00e9s pour une peau plus lisse.<\/p>\n<p>Ce nettoyant \u00e0 la texture gel moussante, dot\u00e9 de tensio-actifs doux, est sans grains pour nettoyer le corps en douceur sans irriter la peau. Enrichi en 3 c\u00e9ramides essentiels et en acide hyaluronique, il hydrate et restaure la barri\u00e8re cutan\u00e9e.<\/p>\n<p>D\u00e9velopp\u00e9e avec des dermatologues, sa formule est non irritante, sans parfum, hypoallerg\u00e9nique, au pH physiologique et non-com\u00e9dog\u00e8ne, ce qui la rend adapt\u00e9e aux peaux sensibles.<\/p>\n","protected":false},"excerpt":{"rendered":"<p>Le Gel Nettoyant Anti-Rugosit\u00e9s de CeraVe nettoie efficacement et lisse le grain de peau des peaux s\u00e8ches, rugueuses et squameuses sujettes \u00e0 la k\u00e9ratose pilaire. Il r\u00e9duit jusqu&#8217;\u00e0 76% la s\u00e9cheresse cutan\u00e9e apr\u00e8s 8 semaines d&#8217;utilisation. Formul\u00e9 avec de l&#8217;acide salicylique (BHA), il exfolie et favorise l&#8217;\u00e9limination des cellules en surface, des squames et des [&hellip;]<\/p>\n","protected":false},"featured_media":19196,"template":"","meta":[],"product_brand":[177],"product_cat":[15,139],"product_tag":[],"class_list":{"0":"post-19197","1":"product","2":"type-product","3":"status-publish","4":"has-post-thumbnail","6":"product_brand-cerave","7":"product_cat-tout","8":"product_cat-cerave","9":"ts_product_brand-cerave","11":"first","12":"instock","13":"sale","14":"shipping-taxable","15":"purchasable","16":"product-type-simple"},"_links":{"self":[{"href":"https:\/\/para-mirava.ma\/index.php?rest_route=\/wp\/v2\/product\/19197","targetHints":{"allow":["GET"]}}],"collection":[{"href":"https:\/\/para-mirava.ma\/index.php?rest_route=\/wp\/v2\/product"}],"about":[{"href":"https:\/\/para-mirava.ma\/index.php?rest_route=\/wp\/v2\/types\/product"}],"wp:featuredmedia":[{"embeddable":true,"href":"https:\/\/para-mirava.ma\/index.php?rest_route=\/wp\/v2\/media\/19196"}],"wp:attachment":[{"href":"https:\/\/para-mirava.ma\/index.php?rest_route=%2Fwp%2Fv2%2Fmedia&parent=19197"}],"wp:term":[{"taxonomy":"product_brand","embeddable":true,"href":"https:\/\/para-mirava.ma\/index.php?rest_route=%2Fwp%2Fv2%2Fproduct_brand&post=19197"},{"taxonomy":"product_cat","embeddable":true,"href":"https:\/\/para-mirava.ma\/index.php?rest_route=%2Fwp%2Fv2%2Fproduct_cat&post=19197"},{"taxonomy":"product_tag","embeddable":true,"href":"https:\/\/para-mirava.ma\/index.php?rest_route=%2Fwp%2Fv2%2Fproduct_tag&post=19197"}],"curies":[{"name":"wp","href":"https:\/\/api.w.org\/{rel}","templated":true}]}}