{"id":19205,"date":"2026-03-17T16:25:36","date_gmt":"2026-03-17T16:25:36","guid":{"rendered":"https:\/\/para-mirava.ma\/?product=cerave-eau-micellaire-nettoyant-295ml-2"},"modified":"2026-03-17T18:41:53","modified_gmt":"2026-03-17T18:41:53","slug":"cerave-eau-micellaire-nettoyant-295ml-2","status":"publish","type":"product","link":"https:\/\/para-mirava.ma\/?product=cerave-eau-micellaire-nettoyant-295ml-2","title":{"rendered":"CERAVE EAU MICELLAIRE NETTOYANT 295ML"},"content":{"rendered":"<p>Gr\u00e2ce \u00e0 l&#8217;action d\u00e9sincrustante des micelles, qui agissent sur les impuret\u00e9s sans n\u00e9cessiter de frottement intempestif, l&#8217;Eau Micellaire CeraVe permet un nettoyage doux de la peau au quotidien. Utilisez ce soin nettoyant visage :<\/p>\n<p>&#8212; Pour d\u00e9maquiller les yeux, la bouche et le visage.<br \/>\n&#8212; Pour nettoyer le visage et \u00f4ter ses impuret\u00e9s.<\/p>\n<p>Utilis\u00e9e au quotidien, ce d\u00e9maquillant peau sensible n&#8217;alt\u00e8re en aucun cas la barri\u00e8re cutan\u00e9e de la peau.<\/p>\n<p>Particuli\u00e8rement adapt\u00e9 aux peaux normales \u00e0 s\u00e8ches.<\/p>\n<p>La formule de cette eau micellaire ne n\u00e9cessite pas de rin\u00e7age apr\u00e8s son utilisation. Purifi\u00e9e, la peau du visage est pr\u00eate \u00e0 recevoir son soin hydratant.<\/p>\n<p>S\u00e9curit\u00e9 :<br \/>\n&#8212; Hypoallerg\u00e9nique.<br \/>\n&#8212; Non-Com\u00e9dog\u00e8ne : ne bouche pas les pores.<br \/>\n&#8212; Sans Parfum.<br \/>\n&#8212; Sans Parab\u00e8ne.<br \/>\n&#8212; Test\u00e9 sous contr\u00f4le ophtalmologique.<\/p>\n<p>CERAVE EAU MICELLAIRE D\u00c9MAQUILLANTE HYDRATANTE PEAU NORMALE \u00c0 S\u00c8CHE | 295ML est disponible dans votre Parapharmacie en ligne C\u00f4t\u00e9 para \u00e0 Prix discount , livraison Partout Au Maroc<\/p>\n","protected":false},"excerpt":{"rendered":"<p>Gr\u00e2ce \u00e0 l&#8217;action d\u00e9sincrustante des micelles, qui agissent sur les impuret\u00e9s sans n\u00e9cessiter de frottement intempestif, l&#8217;Eau Micellaire CeraVe permet un nettoyage doux de la peau au quotidien. Utilisez ce soin nettoyant visage : &#8212; Pour d\u00e9maquiller les yeux, la bouche et le visage. &#8212; Pour nettoyer le visage et \u00f4ter ses impuret\u00e9s. Utilis\u00e9e au [&hellip;]<\/p>\n","protected":false},"featured_media":19204,"template":"","meta":[],"product_brand":[177],"product_cat":[15,139],"product_tag":[],"class_list":{"0":"post-19205","1":"product","2":"type-product","3":"status-publish","4":"has-post-thumbnail","6":"product_brand-cerave","7":"product_cat-tout","8":"product_cat-cerave","9":"ts_product_brand-cerave","11":"first","12":"instock","13":"sale","14":"shipping-taxable","15":"purchasable","16":"product-type-simple"},"_links":{"self":[{"href":"https:\/\/para-mirava.ma\/index.php?rest_route=\/wp\/v2\/product\/19205","targetHints":{"allow":["GET"]}}],"collection":[{"href":"https:\/\/para-mirava.ma\/index.php?rest_route=\/wp\/v2\/product"}],"about":[{"href":"https:\/\/para-mirava.ma\/index.php?rest_route=\/wp\/v2\/types\/product"}],"wp:featuredmedia":[{"embeddable":true,"href":"https:\/\/para-mirava.ma\/index.php?rest_route=\/wp\/v2\/media\/19204"}],"wp:attachment":[{"href":"https:\/\/para-mirava.ma\/index.php?rest_route=%2Fwp%2Fv2%2Fmedia&parent=19205"}],"wp:term":[{"taxonomy":"product_brand","embeddable":true,"href":"https:\/\/para-mirava.ma\/index.php?rest_route=%2Fwp%2Fv2%2Fproduct_brand&post=19205"},{"taxonomy":"product_cat","embeddable":true,"href":"https:\/\/para-mirava.ma\/index.php?rest_route=%2Fwp%2Fv2%2Fproduct_cat&post=19205"},{"taxonomy":"product_tag","embeddable":true,"href":"https:\/\/para-mirava.ma\/index.php?rest_route=%2Fwp%2Fv2%2Fproduct_tag&post=19205"}],"curies":[{"name":"wp","href":"https:\/\/api.w.org\/{rel}","templated":true}]}}