{"id":19209,"date":"2026-03-17T16:25:37","date_gmt":"2026-03-17T16:25:37","guid":{"rendered":"https:\/\/para-mirava.ma\/?product=cerave-baume-hydratant-pss-340g-2"},"modified":"2026-03-17T18:41:53","modified_gmt":"2026-03-17T18:41:53","slug":"cerave-baume-hydratant-pss-340g-2","status":"publish","type":"product","link":"https:\/\/para-mirava.ma\/?product=cerave-baume-hydratant-pss-340g-2","title":{"rendered":"CERAVE BAUME HYDRATANT PSS 340G"},"content":{"rendered":"<p>CeraVe Baume Hydratant Nourrissant Peau S\u00e8che \u00e0 Tr\u00e8s S\u00e8che 454g D\u00e9velopp\u00e9 et avec des dermatologues.<\/p>\n<p>Il est aussi disponible dans votre parapharmacie en ligne C\u00f4t\u00e9 Para qui livre partout au Maroc.<\/p>\n<p>Le Baume Hydratant CeraVe nourrit, hydrate et aussi aide \u00e0 restaurer la barri\u00e8re protectrice de la peau.<\/p>\n<p>Ce soin nourrissant, enrichi aux 3 c\u00e9ramides essentiels et donc acide hyaluronique hydrate la peau en continu, d\u00e8s la premi\u00e8re application.<\/p>\n<p>Type de peau:<br \/>\nS\u00e8che \u00e0 Tr\u00e8s S\u00e8che<\/p>\n<p>Zone d&#8217;application:<br \/>\nCorps &#038; Visage<\/p>\n<p>D\u00e9velopp\u00e9 avec des dermatologues, le Baume Hydratant CeraVe aide \u00e0 restaurer la barri\u00e8re protectrice de la peau. Ce soin nourrissant, enrichi aux 3 c\u00e9ramides essentiels et donc \u00e0 l&#8217;acide hyaluronique hydrate la peau en continu pendant 48h*, d\u00e8s la premi\u00e8re application.<\/p>\n<p>Son efficacit\u00e9 est prouv\u00e9e : -80% de s\u00e9cheresse cutan\u00e9e*<\/p>\n<p>CERAVE BAUME HYDRATANT NOURRISSANT PEAU S\u00c8CHE \u00c0 TR\u00c8S S\u00c8CHE | 340G est disponible dans votre Parapharmacie en ligne C\u00f4t\u00e9 para \u00e0 Prix discount , livraison Partout Au Maroc<\/p>\n","protected":false},"excerpt":{"rendered":"<p>CeraVe Baume Hydratant Nourrissant Peau S\u00e8che \u00e0 Tr\u00e8s S\u00e8che 454g D\u00e9velopp\u00e9 et avec des dermatologues. Il est aussi disponible dans votre parapharmacie en ligne C\u00f4t\u00e9 Para qui livre partout au Maroc. Le Baume Hydratant CeraVe nourrit, hydrate et aussi aide \u00e0 restaurer la barri\u00e8re protectrice de la peau. Ce soin nourrissant, enrichi aux 3 c\u00e9ramides [&hellip;]<\/p>\n","protected":false},"featured_media":19208,"template":"","meta":[],"product_brand":[177],"product_cat":[15,139],"product_tag":[],"class_list":{"0":"post-19209","1":"product","2":"type-product","3":"status-publish","4":"has-post-thumbnail","6":"product_brand-cerave","7":"product_cat-tout","8":"product_cat-cerave","9":"ts_product_brand-cerave","11":"first","12":"instock","13":"sale","14":"shipping-taxable","15":"purchasable","16":"product-type-simple"},"_links":{"self":[{"href":"https:\/\/para-mirava.ma\/index.php?rest_route=\/wp\/v2\/product\/19209","targetHints":{"allow":["GET"]}}],"collection":[{"href":"https:\/\/para-mirava.ma\/index.php?rest_route=\/wp\/v2\/product"}],"about":[{"href":"https:\/\/para-mirava.ma\/index.php?rest_route=\/wp\/v2\/types\/product"}],"wp:featuredmedia":[{"embeddable":true,"href":"https:\/\/para-mirava.ma\/index.php?rest_route=\/wp\/v2\/media\/19208"}],"wp:attachment":[{"href":"https:\/\/para-mirava.ma\/index.php?rest_route=%2Fwp%2Fv2%2Fmedia&parent=19209"}],"wp:term":[{"taxonomy":"product_brand","embeddable":true,"href":"https:\/\/para-mirava.ma\/index.php?rest_route=%2Fwp%2Fv2%2Fproduct_brand&post=19209"},{"taxonomy":"product_cat","embeddable":true,"href":"https:\/\/para-mirava.ma\/index.php?rest_route=%2Fwp%2Fv2%2Fproduct_cat&post=19209"},{"taxonomy":"product_tag","embeddable":true,"href":"https:\/\/para-mirava.ma\/index.php?rest_route=%2Fwp%2Fv2%2Fproduct_tag&post=19209"}],"curies":[{"name":"wp","href":"https:\/\/api.w.org\/{rel}","templated":true}]}}