{"id":19211,"date":"2026-03-17T16:25:37","date_gmt":"2026-03-17T16:25:37","guid":{"rendered":"https:\/\/para-mirava.ma\/?product=cerave-creme-reparatrice-contour-des-yeux-14ml-2"},"modified":"2026-03-17T18:41:53","modified_gmt":"2026-03-17T18:41:53","slug":"cerave-creme-reparatrice-contour-des-yeux-14ml-2","status":"publish","type":"product","link":"https:\/\/para-mirava.ma\/?product=cerave-creme-reparatrice-contour-des-yeux-14ml-2","title":{"rendered":"CERAVE CREME REPARATRICE CONTOUR DES YEUX 14ML"},"content":{"rendered":"<p>Soin hydratant pour r\u00e9duire l&#8217;apparence des poches et les cernes. La Cr\u00e8me R\u00e9paratrice Contour Yeux est formul\u00e9e avec des extraits de plantes marines qui d\u00e9congestionnent et aident \u00e0 r\u00e9duire l&#8217;apparence des cernes et des poches pour un regard moins fatigu\u00e9. Ce soin hydratant est enrichi aux 3 c\u00e9ramides essentiels, \u00e0 l&#8217;acide hyaluronique et \u00e0 la niacinamide pour nourrir, hydrater, restaurer la barri\u00e8re protectrice naturelle de la peau et donc apaiser. De plus, la technologie de pointe MVE permet d&#8217;encapsuler les actifs et aussi les diffuser tout au long de la journ\u00e9e pour une hydratation continue pendant 24 heures. Avec sa texture l\u00e9g\u00e8re et aussi fluide, la cr\u00e8me p\u00e9n\u00e8tre rapidement dans la peau. D\u00e9velopp\u00e9e avec des dermatologues, sa formule haute tol\u00e9rance est test\u00e9e sous contr\u00f4le ophtalmologique. Elle est sans parfum, hypoallerg\u00e9nique et non-com\u00e9dog\u00e8ne pour convenir aux peaux sensibles. CERAVE CREME R\u00c9PARATRICE YEUX ANTI-CERNES ET ANTI-POCHES | 14ML est disponible dans votre Parapharmacie en ligne C\u00f4t\u00e9 para \u00e0 Prix discount, livraison Partout Au Maroc.<\/p>\n","protected":false},"excerpt":{"rendered":"<p>Soin hydratant pour r\u00e9duire l&#8217;apparence des poches et les cernes. La Cr\u00e8me R\u00e9paratrice Contour Yeux est formul\u00e9e avec des extraits de plantes marines qui d\u00e9congestionnent et aident \u00e0 r\u00e9duire l&#8217;apparence des cernes et des poches pour un regard moins fatigu\u00e9. Ce soin hydratant est enrichi aux 3 c\u00e9ramides essentiels, \u00e0 l&#8217;acide hyaluronique et \u00e0 la [&hellip;]<\/p>\n","protected":false},"featured_media":19210,"template":"","meta":[],"product_brand":[177],"product_cat":[15,139],"product_tag":[],"class_list":{"0":"post-19211","1":"product","2":"type-product","3":"status-publish","4":"has-post-thumbnail","6":"product_brand-cerave","7":"product_cat-tout","8":"product_cat-cerave","9":"ts_product_brand-cerave","11":"first","12":"instock","13":"sale","14":"shipping-taxable","15":"purchasable","16":"product-type-simple"},"_links":{"self":[{"href":"https:\/\/para-mirava.ma\/index.php?rest_route=\/wp\/v2\/product\/19211","targetHints":{"allow":["GET"]}}],"collection":[{"href":"https:\/\/para-mirava.ma\/index.php?rest_route=\/wp\/v2\/product"}],"about":[{"href":"https:\/\/para-mirava.ma\/index.php?rest_route=\/wp\/v2\/types\/product"}],"wp:featuredmedia":[{"embeddable":true,"href":"https:\/\/para-mirava.ma\/index.php?rest_route=\/wp\/v2\/media\/19210"}],"wp:attachment":[{"href":"https:\/\/para-mirava.ma\/index.php?rest_route=%2Fwp%2Fv2%2Fmedia&parent=19211"}],"wp:term":[{"taxonomy":"product_brand","embeddable":true,"href":"https:\/\/para-mirava.ma\/index.php?rest_route=%2Fwp%2Fv2%2Fproduct_brand&post=19211"},{"taxonomy":"product_cat","embeddable":true,"href":"https:\/\/para-mirava.ma\/index.php?rest_route=%2Fwp%2Fv2%2Fproduct_cat&post=19211"},{"taxonomy":"product_tag","embeddable":true,"href":"https:\/\/para-mirava.ma\/index.php?rest_route=%2Fwp%2Fv2%2Fproduct_tag&post=19211"}],"curies":[{"name":"wp","href":"https:\/\/api.w.org\/{rel}","templated":true}]}}