{"id":19215,"date":"2026-03-17T16:25:39","date_gmt":"2026-03-17T16:25:39","guid":{"rendered":"https:\/\/para-mirava.ma\/?product=cerave-creme-lavante-hydratante-pns-473ml-2"},"modified":"2026-03-17T18:41:53","modified_gmt":"2026-03-17T18:41:53","slug":"cerave-creme-lavante-hydratante-pns-473ml-2","status":"publish","type":"product","link":"https:\/\/para-mirava.ma\/?product=cerave-creme-lavante-hydratante-pns-473ml-2","title":{"rendered":"CERAVE CREME LAVANTE HYDRATANTE PNS 473ML"},"content":{"rendered":"<p>Nettoie et hydrate en douceur, aide \u00e0 renforcer la barri\u00e8re protectrice de la peau.<\/p>\n<p>Type de peau:<br \/>\nNormale \u00e0 S\u00e8che<\/p>\n<p>Zone d&#8217;application:<br \/>\nCorps et Visage<\/p>\n<p>D\u00e9velopp\u00e9e avec des dermatologues, la Cr\u00e8me Lavante Hydratante CeraVe nettoie et hydrate efficacement sans alt\u00e9rer la barri\u00e8re protectrice de la peau. Enrichie aux 3 c\u00e9ramides essentiels (1, 3, 6-II) et acide hyaluronique, cette cr\u00e8me onctueuse, non moussante, nettoie et hydrate la peau d\u00e8s la premi\u00e8re utilisation, tout en laissant un fini de peau doux et soyeux.<\/p>\n<p>\u2022 Ingr\u00e9dients Cl\u00e9s : C\u00e9ramides (1, 3 et 6-II) pour prot\u00e9ger et nourrir | Acide Hyaluronique pour maintenir la peau hydrat\u00e9e.<\/p>\n<p>\u2022 S\u00e9curit\u00e9 : Sans Parfum | Hypoallerg\u00e9nique | Non-Com\u00e9dog\u00e8ne.<br \/>\nAppliquer sur une peau humide. Rincer \u00e0 l&#8217;eau. Visage et Corps.<\/p>\n","protected":false},"excerpt":{"rendered":"<p>Nettoie et hydrate en douceur, aide \u00e0 renforcer la barri\u00e8re protectrice de la peau. Type de peau: Normale \u00e0 S\u00e8che Zone d&#8217;application: Corps et Visage D\u00e9velopp\u00e9e avec des dermatologues, la Cr\u00e8me Lavante Hydratante CeraVe nettoie et hydrate efficacement sans alt\u00e9rer la barri\u00e8re protectrice de la peau. Enrichie aux 3 c\u00e9ramides essentiels (1, 3, 6-II) et [&hellip;]<\/p>\n","protected":false},"featured_media":19214,"template":"","meta":[],"product_brand":[177],"product_cat":[15,139],"product_tag":[],"class_list":{"0":"post-19215","1":"product","2":"type-product","3":"status-publish","4":"has-post-thumbnail","6":"product_brand-cerave","7":"product_cat-tout","8":"product_cat-cerave","9":"ts_product_brand-cerave","11":"first","12":"instock","13":"sale","14":"shipping-taxable","15":"purchasable","16":"product-type-simple"},"_links":{"self":[{"href":"https:\/\/para-mirava.ma\/index.php?rest_route=\/wp\/v2\/product\/19215","targetHints":{"allow":["GET"]}}],"collection":[{"href":"https:\/\/para-mirava.ma\/index.php?rest_route=\/wp\/v2\/product"}],"about":[{"href":"https:\/\/para-mirava.ma\/index.php?rest_route=\/wp\/v2\/types\/product"}],"wp:featuredmedia":[{"embeddable":true,"href":"https:\/\/para-mirava.ma\/index.php?rest_route=\/wp\/v2\/media\/19214"}],"wp:attachment":[{"href":"https:\/\/para-mirava.ma\/index.php?rest_route=%2Fwp%2Fv2%2Fmedia&parent=19215"}],"wp:term":[{"taxonomy":"product_brand","embeddable":true,"href":"https:\/\/para-mirava.ma\/index.php?rest_route=%2Fwp%2Fv2%2Fproduct_brand&post=19215"},{"taxonomy":"product_cat","embeddable":true,"href":"https:\/\/para-mirava.ma\/index.php?rest_route=%2Fwp%2Fv2%2Fproduct_cat&post=19215"},{"taxonomy":"product_tag","embeddable":true,"href":"https:\/\/para-mirava.ma\/index.php?rest_route=%2Fwp%2Fv2%2Fproduct_tag&post=19215"}],"curies":[{"name":"wp","href":"https:\/\/api.w.org\/{rel}","templated":true}]}}