{"id":19225,"date":"2026-03-17T16:25:42","date_gmt":"2026-03-17T16:25:42","guid":{"rendered":"https:\/\/para-mirava.ma\/?product=cerave-lait-hydratant-pss-473ml-2"},"modified":"2026-03-17T18:41:53","modified_gmt":"2026-03-17T18:41:53","slug":"cerave-lait-hydratant-pss-473ml-2","status":"publish","type":"product","link":"https:\/\/para-mirava.ma\/?product=cerave-lait-hydratant-pss-473ml-2","title":{"rendered":"CERAVE LAIT HYDRATANT PSS 473ML"},"content":{"rendered":"<p>D\u00e9velopp\u00e9 avec des dermatologues, le lait hydratant CeraVe hydrate efficacement tout en aidant \u00e0 restaurer la barri\u00e8re protectrice de la peau.<\/p>\n<p>Sa texture l\u00e9g\u00e8re et non grasse, enrichie aux 3 c\u00e9ramides essentiels et \u00e0 l&#8217;acide hyaluronique, offre une hydratation tout au long de la journ\u00e9e et d\u00e8s la premi\u00e8re application.<\/p>\n<p>Hydrate la peau en continu et aide \u00e0 restaurer la barri\u00e8re protectrice de la peau.<\/p>\n<p>Ingr\u00e9dients cl\u00e9s :<br \/>\n\u2022 C\u00e9ramides (1, 3 et 6-II) pour prot\u00e9ger et nourrir<br \/>\n\u2022 Acide Hyaluronique pour maintenir la peau hydrat\u00e9e<br \/>\n\u2022 Glyc\u00e9rine pour adoucir et prot\u00e9ger.<\/p>\n<p>S\u00e9curit\u00e9 :<br \/>\n\u2022 Sans Parfum<br \/>\n\u2022 Sans Parab\u00e8ne<br \/>\n\u2022 Hypoallerg\u00e9nique<br \/>\n\u2022 Non-Com\u00e9dog\u00e8ne.<\/p>\n<p>Utilisation : Appliquer matin et soir. Visage et Corps.<\/p>\n<p>CERAVE LAIT HYDRATANT L\u00c9GER PEAU S\u00c8CHE \u00c0 TR\u00c8S S\u00c8CHE | 473ML est disponible dans votre Parapharmacie en ligne C\u00f4t\u00e9 para \u00e0 Prix discount, livraison Partout Au Maroc.<\/p>\n","protected":false},"excerpt":{"rendered":"<p>D\u00e9velopp\u00e9 avec des dermatologues, le lait hydratant CeraVe hydrate efficacement tout en aidant \u00e0 restaurer la barri\u00e8re protectrice de la peau. Sa texture l\u00e9g\u00e8re et non grasse, enrichie aux 3 c\u00e9ramides essentiels et \u00e0 l&#8217;acide hyaluronique, offre une hydratation tout au long de la journ\u00e9e et d\u00e8s la premi\u00e8re application. Hydrate la peau en continu [&hellip;]<\/p>\n","protected":false},"featured_media":19224,"template":"","meta":[],"product_brand":[177],"product_cat":[15,139],"product_tag":[],"class_list":{"0":"post-19225","1":"product","2":"type-product","3":"status-publish","4":"has-post-thumbnail","6":"product_brand-cerave","7":"product_cat-tout","8":"product_cat-cerave","9":"ts_product_brand-cerave","11":"first","12":"instock","13":"sale","14":"shipping-taxable","15":"purchasable","16":"product-type-simple"},"_links":{"self":[{"href":"https:\/\/para-mirava.ma\/index.php?rest_route=\/wp\/v2\/product\/19225","targetHints":{"allow":["GET"]}}],"collection":[{"href":"https:\/\/para-mirava.ma\/index.php?rest_route=\/wp\/v2\/product"}],"about":[{"href":"https:\/\/para-mirava.ma\/index.php?rest_route=\/wp\/v2\/types\/product"}],"wp:featuredmedia":[{"embeddable":true,"href":"https:\/\/para-mirava.ma\/index.php?rest_route=\/wp\/v2\/media\/19224"}],"wp:attachment":[{"href":"https:\/\/para-mirava.ma\/index.php?rest_route=%2Fwp%2Fv2%2Fmedia&parent=19225"}],"wp:term":[{"taxonomy":"product_brand","embeddable":true,"href":"https:\/\/para-mirava.ma\/index.php?rest_route=%2Fwp%2Fv2%2Fproduct_brand&post=19225"},{"taxonomy":"product_cat","embeddable":true,"href":"https:\/\/para-mirava.ma\/index.php?rest_route=%2Fwp%2Fv2%2Fproduct_cat&post=19225"},{"taxonomy":"product_tag","embeddable":true,"href":"https:\/\/para-mirava.ma\/index.php?rest_route=%2Fwp%2Fv2%2Fproduct_tag&post=19225"}],"curies":[{"name":"wp","href":"https:\/\/api.w.org\/{rel}","templated":true}]}}