{"id":19235,"date":"2026-03-17T16:25:47","date_gmt":"2026-03-17T16:25:47","guid":{"rendered":"https:\/\/para-mirava.ma\/?product=cerave-gel-moussant-png-473ml-offre-15-2"},"modified":"2026-03-17T18:41:52","modified_gmt":"2026-03-17T18:41:52","slug":"cerave-gel-moussant-png-473ml-offre-15-2","status":"publish","type":"product","link":"https:\/\/para-mirava.ma\/?product=cerave-gel-moussant-png-473ml-offre-15-2","title":{"rendered":"CERAVE GEL MOUSSANT PNG 473ML (OFFRE -15%)"},"content":{"rendered":"<p>CERAVE GEL MOUSSANT PNG 473ML (OFFRE -15%) est disponible dans votre Parapharmacie en ligne C\u00f4t\u00e9 Para \u00e0 Prix discount, avec livraison gratuite partout au Maroc.<\/p>\n<p>Pourquoi Choisir C\u00f4t\u00e9 Para ?<br \/>\n&#8211; Pr\u00e9sente sur le March\u00e9 de la cosm\u00e9tique depuis 2009.<br \/>\n&#8211; Propose plus de 18000 R\u00e9f\u00e9rences de produits cosm\u00e9tiques Para Maroc.<br \/>\n&#8211; Offre le meilleur Prix du March\u00e9 (Rapport Qualit\u00e9 \/ Prix).<br \/>\n&#8211; Met \u00e0 votre disposition des produits 100% Authentiques.<br \/>\n&#8211; Offre des gratuit\u00e9s, cadeaux, trousses, \u00e9chantillons avec chaque commande (selon les disponibilit\u00e9s en Stock).<br \/>\n&#8211; Service Rapide de livraison.<br \/>\n&#8211; Dispose de 4 points de vente physiques \u00e0 Casablanca (Bourgogne, Bd El Qods, Sidi Maarouf \u00e0 Ovillage, Bouskoura au Centre Commercial Triangle Vert).<\/p>\n","protected":false},"excerpt":{"rendered":"<p>CERAVE GEL MOUSSANT PNG 473ML (OFFRE -15%) est disponible dans votre Parapharmacie en ligne C\u00f4t\u00e9 Para \u00e0 Prix discount, avec livraison gratuite partout au Maroc. Pourquoi Choisir C\u00f4t\u00e9 Para ? &#8211; Pr\u00e9sente sur le March\u00e9 de la cosm\u00e9tique depuis 2009. &#8211; Propose plus de 18000 R\u00e9f\u00e9rences de produits cosm\u00e9tiques Para Maroc. &#8211; Offre le meilleur [&hellip;]<\/p>\n","protected":false},"featured_media":19234,"template":"","meta":[],"product_brand":[177],"product_cat":[15,139],"product_tag":[],"class_list":{"0":"post-19235","1":"product","2":"type-product","3":"status-publish","4":"has-post-thumbnail","6":"product_brand-cerave","7":"product_cat-tout","8":"product_cat-cerave","9":"ts_product_brand-cerave","11":"first","12":"instock","13":"sale","14":"shipping-taxable","15":"purchasable","16":"product-type-simple"},"_links":{"self":[{"href":"https:\/\/para-mirava.ma\/index.php?rest_route=\/wp\/v2\/product\/19235","targetHints":{"allow":["GET"]}}],"collection":[{"href":"https:\/\/para-mirava.ma\/index.php?rest_route=\/wp\/v2\/product"}],"about":[{"href":"https:\/\/para-mirava.ma\/index.php?rest_route=\/wp\/v2\/types\/product"}],"wp:featuredmedia":[{"embeddable":true,"href":"https:\/\/para-mirava.ma\/index.php?rest_route=\/wp\/v2\/media\/19234"}],"wp:attachment":[{"href":"https:\/\/para-mirava.ma\/index.php?rest_route=%2Fwp%2Fv2%2Fmedia&parent=19235"}],"wp:term":[{"taxonomy":"product_brand","embeddable":true,"href":"https:\/\/para-mirava.ma\/index.php?rest_route=%2Fwp%2Fv2%2Fproduct_brand&post=19235"},{"taxonomy":"product_cat","embeddable":true,"href":"https:\/\/para-mirava.ma\/index.php?rest_route=%2Fwp%2Fv2%2Fproduct_cat&post=19235"},{"taxonomy":"product_tag","embeddable":true,"href":"https:\/\/para-mirava.ma\/index.php?rest_route=%2Fwp%2Fv2%2Fproduct_tag&post=19235"}],"curies":[{"name":"wp","href":"https:\/\/api.w.org\/{rel}","templated":true}]}}