{"id":19244,"date":"2026-03-17T16:50:33","date_gmt":"2026-03-17T16:50:33","guid":{"rendered":"https:\/\/para-mirava.ma\/?product=bioderma-hydrabio-perfecteur-spf30-40ml-2"},"modified":"2026-03-17T18:40:58","modified_gmt":"2026-03-17T18:40:58","slug":"bioderma-hydrabio-perfecteur-spf30-40ml-2","status":"publish","type":"product","link":"https:\/\/para-mirava.ma\/?product=bioderma-hydrabio-perfecteur-spf30-40ml-2","title":{"rendered":"BIODERMA HYDRABIO PERFECTEUR SPF30 40ML"},"content":{"rendered":"<p>Gr\u00e2ce au complexe brevet\u00e9 AquageniumTM, Hydrabio Perfecteur SPF30 hydrate intens\u00e9ment la peau, imm\u00e9diatement et durablement.<\/p>\n<p>Disponible dans votre parapharmacie en ligne www.cotepara.ma<\/p>\n<p>Il encourage la peau \u00e0 r\u00e9activer ses capacit\u00e9s d&#8217;hydratation naturelles en stimulant la production d&#8217;aquaporines, qui sont les canaux de circulation de l&#8217;eau dans la peau. La peau retient ainsi l&#8217;eau n\u00e9cessaire \u00e0 son \u00e9quilibre.<\/p>\n","protected":false},"excerpt":{"rendered":"<p>Gr\u00e2ce au complexe brevet\u00e9 AquageniumTM, Hydrabio Perfecteur SPF30 hydrate intens\u00e9ment la peau, imm\u00e9diatement et durablement. Disponible dans votre parapharmacie en ligne www.cotepara.ma Il encourage la peau \u00e0 r\u00e9activer ses capacit\u00e9s d&#8217;hydratation naturelles en stimulant la production d&#8217;aquaporines, qui sont les canaux de circulation de l&#8217;eau dans la peau. La peau retient ainsi l&#8217;eau n\u00e9cessaire \u00e0 [&hellip;]<\/p>\n","protected":false},"featured_media":19243,"template":"","meta":[],"product_brand":[170],"product_cat":[15,135],"product_tag":[],"class_list":{"0":"post-19244","1":"product","2":"type-product","3":"status-publish","4":"has-post-thumbnail","6":"product_brand-bioderma","7":"product_cat-tout","8":"product_cat-bioderma","9":"ts_product_brand-bioderma","11":"first","12":"instock","13":"sale","14":"shipping-taxable","15":"purchasable","16":"product-type-simple"},"_links":{"self":[{"href":"https:\/\/para-mirava.ma\/index.php?rest_route=\/wp\/v2\/product\/19244","targetHints":{"allow":["GET"]}}],"collection":[{"href":"https:\/\/para-mirava.ma\/index.php?rest_route=\/wp\/v2\/product"}],"about":[{"href":"https:\/\/para-mirava.ma\/index.php?rest_route=\/wp\/v2\/types\/product"}],"wp:featuredmedia":[{"embeddable":true,"href":"https:\/\/para-mirava.ma\/index.php?rest_route=\/wp\/v2\/media\/19243"}],"wp:attachment":[{"href":"https:\/\/para-mirava.ma\/index.php?rest_route=%2Fwp%2Fv2%2Fmedia&parent=19244"}],"wp:term":[{"taxonomy":"product_brand","embeddable":true,"href":"https:\/\/para-mirava.ma\/index.php?rest_route=%2Fwp%2Fv2%2Fproduct_brand&post=19244"},{"taxonomy":"product_cat","embeddable":true,"href":"https:\/\/para-mirava.ma\/index.php?rest_route=%2Fwp%2Fv2%2Fproduct_cat&post=19244"},{"taxonomy":"product_tag","embeddable":true,"href":"https:\/\/para-mirava.ma\/index.php?rest_route=%2Fwp%2Fv2%2Fproduct_tag&post=19244"}],"curies":[{"name":"wp","href":"https:\/\/api.w.org\/{rel}","templated":true}]}}