{"id":19248,"date":"2026-03-17T16:50:35","date_gmt":"2026-03-17T16:50:35","guid":{"rendered":"https:\/\/para-mirava.ma\/?product=bioderma-atoderm-pp-baume-200ml-2"},"modified":"2026-03-17T18:40:58","modified_gmt":"2026-03-17T18:40:58","slug":"bioderma-atoderm-pp-baume-200ml-2","status":"publish","type":"product","link":"https:\/\/para-mirava.ma\/?product=bioderma-atoderm-pp-baume-200ml-2","title":{"rendered":"BIODERMA ATODERM PP BAUME 200ML"},"content":{"rendered":"<p>ATODERM PP de BIODERMA est un soin \u00e9mollient des peaux tr\u00e8s s\u00e8ches et fragilis\u00e9es. Il pr\u00e9vient les s\u00e9chresses s\u00e9v\u00e8res et intenses, et pr\u00e9serve l&#8217;\u00e9quilibre de la peau.<\/p>\n<p>Disponible dans votre parapharmacie en ligne www.cotepara.ma<\/p>\n<p>pr\u00e9vient les s\u00e9cheresses s\u00e9v\u00e8res se manifestant par une peau rugueuse, squameuse et des tiraillements. Il calme durablement l&#8217;inconfort d\u00e8s la 1\u00e8re application et nourrit la barri\u00e8re cutan\u00e9e. Sa texture onctueuse, ultra-confort, p\u00e9n\u00e8tre instantan\u00e9ment<\/p>\n","protected":false},"excerpt":{"rendered":"<p>ATODERM PP de BIODERMA est un soin \u00e9mollient des peaux tr\u00e8s s\u00e8ches et fragilis\u00e9es. Il pr\u00e9vient les s\u00e9chresses s\u00e9v\u00e8res et intenses, et pr\u00e9serve l&#8217;\u00e9quilibre de la peau. Disponible dans votre parapharmacie en ligne www.cotepara.ma pr\u00e9vient les s\u00e9cheresses s\u00e9v\u00e8res se manifestant par une peau rugueuse, squameuse et des tiraillements. Il calme durablement l&#8217;inconfort d\u00e8s la 1\u00e8re [&hellip;]<\/p>\n","protected":false},"featured_media":19247,"template":"","meta":[],"product_brand":[170],"product_cat":[15,135],"product_tag":[],"class_list":{"0":"post-19248","1":"product","2":"type-product","3":"status-publish","4":"has-post-thumbnail","6":"product_brand-bioderma","7":"product_cat-tout","8":"product_cat-bioderma","9":"ts_product_brand-bioderma","11":"first","12":"instock","13":"sale","14":"shipping-taxable","15":"purchasable","16":"product-type-simple"},"_links":{"self":[{"href":"https:\/\/para-mirava.ma\/index.php?rest_route=\/wp\/v2\/product\/19248","targetHints":{"allow":["GET"]}}],"collection":[{"href":"https:\/\/para-mirava.ma\/index.php?rest_route=\/wp\/v2\/product"}],"about":[{"href":"https:\/\/para-mirava.ma\/index.php?rest_route=\/wp\/v2\/types\/product"}],"wp:featuredmedia":[{"embeddable":true,"href":"https:\/\/para-mirava.ma\/index.php?rest_route=\/wp\/v2\/media\/19247"}],"wp:attachment":[{"href":"https:\/\/para-mirava.ma\/index.php?rest_route=%2Fwp%2Fv2%2Fmedia&parent=19248"}],"wp:term":[{"taxonomy":"product_brand","embeddable":true,"href":"https:\/\/para-mirava.ma\/index.php?rest_route=%2Fwp%2Fv2%2Fproduct_brand&post=19248"},{"taxonomy":"product_cat","embeddable":true,"href":"https:\/\/para-mirava.ma\/index.php?rest_route=%2Fwp%2Fv2%2Fproduct_cat&post=19248"},{"taxonomy":"product_tag","embeddable":true,"href":"https:\/\/para-mirava.ma\/index.php?rest_route=%2Fwp%2Fv2%2Fproduct_tag&post=19248"}],"curies":[{"name":"wp","href":"https:\/\/api.w.org\/{rel}","templated":true}]}}