{"id":19260,"date":"2026-03-17T16:50:41","date_gmt":"2026-03-17T16:50:41","guid":{"rendered":"https:\/\/para-mirava.ma\/?product=bioderma-hydrabio-serum-concentre-40ml-2"},"modified":"2026-03-17T18:40:57","modified_gmt":"2026-03-17T18:40:57","slug":"bioderma-hydrabio-serum-concentre-40ml-2","status":"publish","type":"product","link":"https:\/\/para-mirava.ma\/?product=bioderma-hydrabio-serum-concentre-40ml-2","title":{"rendered":"BIODERMA HYDRABIO SERUM CONCENTRE 40ML"},"content":{"rendered":"<p>BIODERMA, l&#8217;AQUAGENIUMTM brevet\u00e9 et les puissants actifs hydratants pr\u00e9sents dans Hydrabio S\u00e9rum stimulent les m\u00e9canismes naturels de la peau en g\u00e9n\u00e9rant 3 niveaux d&#8217;hydratation.<\/p>\n<p>Disponible dans votre parapharmacie en ligne www.cotepara.ma<\/p>\n<p>L&#8217;ACIDE HYALURONIQUE, LA GLYC\u00c9RINE ET LE XYLITOL ont une formidable capacit\u00e9 \u00e0 attirer et capturer l&#8217;eau environnante. V\u00e9ritable aimant \u00e0 hydratation, ils aident les cellules \u00e0 conserver un maximum d&#8217;eau.<\/p>\n<p>LA VITAMINE PP stimule les lipides naturellement pr\u00e9sents dans la peau afin d&#8217;augmenter sa r\u00e9sistance et son imperm\u00e9abilit\u00e9.<\/p>\n<p>L&#8217;EXTRAIT DE P\u00c9PINS DE POMME stimule la production d&#8217;aquaporines, c&#8217;est-\u00e0-dire les canaux de circulation de l&#8217;eau dans la peau. Ce faisant, cet actif facilite la circulation de l&#8217;eau entre les cellules cutan\u00e9es.<\/p>\n","protected":false},"excerpt":{"rendered":"<p>BIODERMA, l&#8217;AQUAGENIUMTM brevet\u00e9 et les puissants actifs hydratants pr\u00e9sents dans Hydrabio S\u00e9rum stimulent les m\u00e9canismes naturels de la peau en g\u00e9n\u00e9rant 3 niveaux d&#8217;hydratation. Disponible dans votre parapharmacie en ligne www.cotepara.ma L&#8217;ACIDE HYALURONIQUE, LA GLYC\u00c9RINE ET LE XYLITOL ont une formidable capacit\u00e9 \u00e0 attirer et capturer l&#8217;eau environnante. V\u00e9ritable aimant \u00e0 hydratation, ils aident les [&hellip;]<\/p>\n","protected":false},"featured_media":19259,"template":"","meta":[],"product_brand":[170],"product_cat":[15,135],"product_tag":[],"class_list":{"0":"post-19260","1":"product","2":"type-product","3":"status-publish","4":"has-post-thumbnail","6":"product_brand-bioderma","7":"product_cat-tout","8":"product_cat-bioderma","9":"ts_product_brand-bioderma","11":"first","12":"instock","13":"sale","14":"shipping-taxable","15":"purchasable","16":"product-type-simple"},"_links":{"self":[{"href":"https:\/\/para-mirava.ma\/index.php?rest_route=\/wp\/v2\/product\/19260","targetHints":{"allow":["GET"]}}],"collection":[{"href":"https:\/\/para-mirava.ma\/index.php?rest_route=\/wp\/v2\/product"}],"about":[{"href":"https:\/\/para-mirava.ma\/index.php?rest_route=\/wp\/v2\/types\/product"}],"wp:featuredmedia":[{"embeddable":true,"href":"https:\/\/para-mirava.ma\/index.php?rest_route=\/wp\/v2\/media\/19259"}],"wp:attachment":[{"href":"https:\/\/para-mirava.ma\/index.php?rest_route=%2Fwp%2Fv2%2Fmedia&parent=19260"}],"wp:term":[{"taxonomy":"product_brand","embeddable":true,"href":"https:\/\/para-mirava.ma\/index.php?rest_route=%2Fwp%2Fv2%2Fproduct_brand&post=19260"},{"taxonomy":"product_cat","embeddable":true,"href":"https:\/\/para-mirava.ma\/index.php?rest_route=%2Fwp%2Fv2%2Fproduct_cat&post=19260"},{"taxonomy":"product_tag","embeddable":true,"href":"https:\/\/para-mirava.ma\/index.php?rest_route=%2Fwp%2Fv2%2Fproduct_tag&post=19260"}],"curies":[{"name":"wp","href":"https:\/\/api.w.org\/{rel}","templated":true}]}}