{"id":19266,"date":"2026-03-17T16:50:44","date_gmt":"2026-03-17T16:50:44","guid":{"rendered":"https:\/\/para-mirava.ma\/?product=bioderma-sebium-gel-moussant-200ml-2"},"modified":"2026-03-17T18:40:57","modified_gmt":"2026-03-17T18:40:57","slug":"bioderma-sebium-gel-moussant-200ml-2","status":"publish","type":"product","link":"https:\/\/para-mirava.ma\/?product=bioderma-sebium-gel-moussant-200ml-2","title":{"rendered":"BIODERMA SEBIUM GEL MOUSSANT 200ML"},"content":{"rendered":"<p>Enrichi en actifs purifiants, tels que le sulfate de zinc et de cuivre, ce gel nettoyant limite la production de s\u00e9bum et assainit durablement l&#8217;\u00e9piderme. Sans savon, sa formule ultra douce nettoie et purifie la peau sans la dess\u00e9cher, et en respectant son \u00e9quilibre biologique. Le complexe naturel brevet\u00e9 D.A.F augmente le seuil de tol\u00e9rance de la peau. Disponible dans votre parapharmacie en ligne www.cotepara.ma<\/p>\n","protected":false},"excerpt":{"rendered":"<p>Enrichi en actifs purifiants, tels que le sulfate de zinc et de cuivre, ce gel nettoyant limite la production de s\u00e9bum et assainit durablement l&#8217;\u00e9piderme. Sans savon, sa formule ultra douce nettoie et purifie la peau sans la dess\u00e9cher, et en respectant son \u00e9quilibre biologique. Le complexe naturel brevet\u00e9 D.A.F augmente le seuil de tol\u00e9rance [&hellip;]<\/p>\n","protected":false},"featured_media":19265,"template":"","meta":[],"product_brand":[170],"product_cat":[15,135],"product_tag":[],"class_list":{"0":"post-19266","1":"product","2":"type-product","3":"status-publish","4":"has-post-thumbnail","6":"product_brand-bioderma","7":"product_cat-tout","8":"product_cat-bioderma","9":"ts_product_brand-bioderma","11":"first","12":"instock","13":"sale","14":"shipping-taxable","15":"purchasable","16":"product-type-simple"},"_links":{"self":[{"href":"https:\/\/para-mirava.ma\/index.php?rest_route=\/wp\/v2\/product\/19266","targetHints":{"allow":["GET"]}}],"collection":[{"href":"https:\/\/para-mirava.ma\/index.php?rest_route=\/wp\/v2\/product"}],"about":[{"href":"https:\/\/para-mirava.ma\/index.php?rest_route=\/wp\/v2\/types\/product"}],"wp:featuredmedia":[{"embeddable":true,"href":"https:\/\/para-mirava.ma\/index.php?rest_route=\/wp\/v2\/media\/19265"}],"wp:attachment":[{"href":"https:\/\/para-mirava.ma\/index.php?rest_route=%2Fwp%2Fv2%2Fmedia&parent=19266"}],"wp:term":[{"taxonomy":"product_brand","embeddable":true,"href":"https:\/\/para-mirava.ma\/index.php?rest_route=%2Fwp%2Fv2%2Fproduct_brand&post=19266"},{"taxonomy":"product_cat","embeddable":true,"href":"https:\/\/para-mirava.ma\/index.php?rest_route=%2Fwp%2Fv2%2Fproduct_cat&post=19266"},{"taxonomy":"product_tag","embeddable":true,"href":"https:\/\/para-mirava.ma\/index.php?rest_route=%2Fwp%2Fv2%2Fproduct_tag&post=19266"}],"curies":[{"name":"wp","href":"https:\/\/api.w.org\/{rel}","templated":true}]}}