{"id":19272,"date":"2026-03-17T16:50:47","date_gmt":"2026-03-17T16:50:47","guid":{"rendered":"https:\/\/para-mirava.ma\/?product=bioderma-sebium-global-cover-30ml-2"},"modified":"2026-03-17T18:40:56","modified_gmt":"2026-03-17T18:40:56","slug":"bioderma-sebium-global-cover-30ml-2","status":"publish","type":"product","link":"https:\/\/para-mirava.ma\/?product=bioderma-sebium-global-cover-30ml-2","title":{"rendered":"BIODERMA SEBIUM GLOBAL COVER 30ML"},"content":{"rendered":"<p>La Technologie SeborRestore (Brevet Fluidactiv\u2122 + Backuchiol) r\u00e9tablit biologiquement l&#8217;\u00e9quilibre du s\u00e9bum ; l&#8217;association d&#8217;esters d&#8217;AHA, d&#8217;acide salicylique et d&#8217;acide citrique desobstruent les pores et affinent le grain de peau ; le gluconate de zinc, r\u00e9gule la brillance ; la glyc\u00e9rine hydrate la peau pour un confort assur\u00e9. Ce soin teint\u00e9 haute couvrance, riche en pigments et en poudres matifiantes, unifie le teint. Le compact vert neutralise les rougeurs pour une correction renforc\u00e9e.<\/p>\n","protected":false},"excerpt":{"rendered":"<p>La Technologie SeborRestore (Brevet Fluidactiv\u2122 + Backuchiol) r\u00e9tablit biologiquement l&#8217;\u00e9quilibre du s\u00e9bum ; l&#8217;association d&#8217;esters d&#8217;AHA, d&#8217;acide salicylique et d&#8217;acide citrique desobstruent les pores et affinent le grain de peau ; le gluconate de zinc, r\u00e9gule la brillance ; la glyc\u00e9rine hydrate la peau pour un confort assur\u00e9. Ce soin teint\u00e9 haute couvrance, riche en [&hellip;]<\/p>\n","protected":false},"featured_media":19271,"template":"","meta":[],"product_brand":[170],"product_cat":[15,135],"product_tag":[],"class_list":{"0":"post-19272","1":"product","2":"type-product","3":"status-publish","4":"has-post-thumbnail","6":"product_brand-bioderma","7":"product_cat-tout","8":"product_cat-bioderma","9":"ts_product_brand-bioderma","11":"first","12":"instock","13":"sale","14":"shipping-taxable","15":"purchasable","16":"product-type-simple"},"_links":{"self":[{"href":"https:\/\/para-mirava.ma\/index.php?rest_route=\/wp\/v2\/product\/19272","targetHints":{"allow":["GET"]}}],"collection":[{"href":"https:\/\/para-mirava.ma\/index.php?rest_route=\/wp\/v2\/product"}],"about":[{"href":"https:\/\/para-mirava.ma\/index.php?rest_route=\/wp\/v2\/types\/product"}],"wp:featuredmedia":[{"embeddable":true,"href":"https:\/\/para-mirava.ma\/index.php?rest_route=\/wp\/v2\/media\/19271"}],"wp:attachment":[{"href":"https:\/\/para-mirava.ma\/index.php?rest_route=%2Fwp%2Fv2%2Fmedia&parent=19272"}],"wp:term":[{"taxonomy":"product_brand","embeddable":true,"href":"https:\/\/para-mirava.ma\/index.php?rest_route=%2Fwp%2Fv2%2Fproduct_brand&post=19272"},{"taxonomy":"product_cat","embeddable":true,"href":"https:\/\/para-mirava.ma\/index.php?rest_route=%2Fwp%2Fv2%2Fproduct_cat&post=19272"},{"taxonomy":"product_tag","embeddable":true,"href":"https:\/\/para-mirava.ma\/index.php?rest_route=%2Fwp%2Fv2%2Fproduct_tag&post=19272"}],"curies":[{"name":"wp","href":"https:\/\/api.w.org\/{rel}","templated":true}]}}