{"id":19278,"date":"2026-03-17T16:50:49","date_gmt":"2026-03-17T16:50:49","guid":{"rendered":"https:\/\/para-mirava.ma\/?product=bioderma-abcderm-lait-de-toilette-ss-rincage-500ml-2"},"modified":"2026-03-17T18:40:56","modified_gmt":"2026-03-17T18:40:56","slug":"bioderma-abcderm-lait-de-toilette-ss-rincage-500ml-2","status":"publish","type":"product","link":"https:\/\/para-mirava.ma\/?product=bioderma-abcderm-lait-de-toilette-ss-rincage-500ml-2","title":{"rendered":"BIODERMA ABCDERM LAIT DE TOILETTE SS RINCAGE 500ML"},"content":{"rendered":"<p>Ce lait onctueux tr\u00e8s doux \u00e9limine les salissures tout en apportant un confort imm\u00e9diat et laissant la peau parfaitement hydrat\u00e9e. ABCDerm Lait de toilette garantit une parfaite tol\u00e9rance cutan\u00e9e et oculaire; il ne pique pas les yeux. Tr\u00e8s agr\u00e9able d&#8217;utilisation, ABCDerm Lait de toilette peut s&#8217;utiliser quotidiennement. Caract\u00e9ristiques Formul\u00e9 selon l&#8217;engagement de s\u00e9curit\u00e9 dermatologique ABCDerm Hypoallerg\u00e9nique Bonne tol\u00e9rance cutan\u00e9e et oculaire Test\u00e9 sous contr\u00f4le dermatologique et ophtalmologique Sans paraben Formule parfum\u00e9e , Disponible dans votre parapharmacie en ligne www.cotepara.ma<\/p>\n","protected":false},"excerpt":{"rendered":"<p>Ce lait onctueux tr\u00e8s doux \u00e9limine les salissures tout en apportant un confort imm\u00e9diat et laissant la peau parfaitement hydrat\u00e9e. ABCDerm Lait de toilette garantit une parfaite tol\u00e9rance cutan\u00e9e et oculaire; il ne pique pas les yeux. Tr\u00e8s agr\u00e9able d&#8217;utilisation, ABCDerm Lait de toilette peut s&#8217;utiliser quotidiennement. Caract\u00e9ristiques Formul\u00e9 selon l&#8217;engagement de s\u00e9curit\u00e9 dermatologique ABCDerm [&hellip;]<\/p>\n","protected":false},"featured_media":19277,"template":"","meta":[],"product_brand":[170],"product_cat":[15,135],"product_tag":[],"class_list":{"0":"post-19278","1":"product","2":"type-product","3":"status-publish","4":"has-post-thumbnail","6":"product_brand-bioderma","7":"product_cat-tout","8":"product_cat-bioderma","9":"ts_product_brand-bioderma","11":"first","12":"instock","13":"sale","14":"shipping-taxable","15":"purchasable","16":"product-type-simple"},"_links":{"self":[{"href":"https:\/\/para-mirava.ma\/index.php?rest_route=\/wp\/v2\/product\/19278","targetHints":{"allow":["GET"]}}],"collection":[{"href":"https:\/\/para-mirava.ma\/index.php?rest_route=\/wp\/v2\/product"}],"about":[{"href":"https:\/\/para-mirava.ma\/index.php?rest_route=\/wp\/v2\/types\/product"}],"wp:featuredmedia":[{"embeddable":true,"href":"https:\/\/para-mirava.ma\/index.php?rest_route=\/wp\/v2\/media\/19277"}],"wp:attachment":[{"href":"https:\/\/para-mirava.ma\/index.php?rest_route=%2Fwp%2Fv2%2Fmedia&parent=19278"}],"wp:term":[{"taxonomy":"product_brand","embeddable":true,"href":"https:\/\/para-mirava.ma\/index.php?rest_route=%2Fwp%2Fv2%2Fproduct_brand&post=19278"},{"taxonomy":"product_cat","embeddable":true,"href":"https:\/\/para-mirava.ma\/index.php?rest_route=%2Fwp%2Fv2%2Fproduct_cat&post=19278"},{"taxonomy":"product_tag","embeddable":true,"href":"https:\/\/para-mirava.ma\/index.php?rest_route=%2Fwp%2Fv2%2Fproduct_tag&post=19278"}],"curies":[{"name":"wp","href":"https:\/\/api.w.org\/{rel}","templated":true}]}}