{"id":19286,"date":"2026-03-17T16:50:56","date_gmt":"2026-03-17T16:50:56","guid":{"rendered":"https:\/\/para-mirava.ma\/?product=bioderma-sensibio-ds-creme-40ml-2"},"modified":"2026-03-17T18:40:56","modified_gmt":"2026-03-17T18:40:56","slug":"bioderma-sensibio-ds-creme-40ml-2","status":"publish","type":"product","link":"https:\/\/para-mirava.ma\/?product=bioderma-sensibio-ds-creme-40ml-2","title":{"rendered":"BIODERMA SENSIBIO DS+ CREME 40ML"},"content":{"rendered":"<p>Le soin sp\u00e9cifique apaisant et assainissant des peaux sensibles associant rougeurs et squames localis\u00e9es en particulier au niveau des zones grasses irrit\u00e9es : ailes du nez, sourcils, front, menton.<br \/>\n\u2022 Innovation issue de la recherche BIODERMA experte en biologie cutan\u00e9e, Sensibio DS+ Cr\u00e8me permet de lutter contre l&#8217;origine des rougeurs et des \u00e9tats squameux : elle contribue \u00e0 limiter la prolif\u00e9ration de la levure Malassezia, agent irritant responsable de l&#8217;aggravation de l&#8217;\u00e9tat cutan\u00e9.<br \/>\n\u2022 Apaisante, Sensibio DS+ Cr\u00e8me calme l&#8217;\u00e9piderme irrit\u00e9, att\u00e9nue les rougeurs et r\u00e9duit visiblement la formation des squames.<br \/>\n\u2022 Sa texture &#8220;gel-cr\u00e8me&#8221; tr\u00e8s agr\u00e9able, l\u00e9g\u00e8re et non grasse apporte un r\u00e9el confort cutan\u00e9.<br \/>\n\u2022 Non com\u00e9dog\u00e8ne, Sensibio DS+ Cr\u00e8me garantit une excellente tol\u00e9rance.<\/p>\n","protected":false},"excerpt":{"rendered":"<p>Le soin sp\u00e9cifique apaisant et assainissant des peaux sensibles associant rougeurs et squames localis\u00e9es en particulier au niveau des zones grasses irrit\u00e9es : ailes du nez, sourcils, front, menton. \u2022 Innovation issue de la recherche BIODERMA experte en biologie cutan\u00e9e, Sensibio DS+ Cr\u00e8me permet de lutter contre l&#8217;origine des rougeurs et des \u00e9tats squameux : [&hellip;]<\/p>\n","protected":false},"featured_media":19285,"template":"","meta":[],"product_brand":[170],"product_cat":[15,135],"product_tag":[],"class_list":{"0":"post-19286","1":"product","2":"type-product","3":"status-publish","4":"has-post-thumbnail","6":"product_brand-bioderma","7":"product_cat-tout","8":"product_cat-bioderma","9":"ts_product_brand-bioderma","11":"first","12":"instock","13":"sale","14":"shipping-taxable","15":"purchasable","16":"product-type-simple"},"_links":{"self":[{"href":"https:\/\/para-mirava.ma\/index.php?rest_route=\/wp\/v2\/product\/19286","targetHints":{"allow":["GET"]}}],"collection":[{"href":"https:\/\/para-mirava.ma\/index.php?rest_route=\/wp\/v2\/product"}],"about":[{"href":"https:\/\/para-mirava.ma\/index.php?rest_route=\/wp\/v2\/types\/product"}],"wp:featuredmedia":[{"embeddable":true,"href":"https:\/\/para-mirava.ma\/index.php?rest_route=\/wp\/v2\/media\/19285"}],"wp:attachment":[{"href":"https:\/\/para-mirava.ma\/index.php?rest_route=%2Fwp%2Fv2%2Fmedia&parent=19286"}],"wp:term":[{"taxonomy":"product_brand","embeddable":true,"href":"https:\/\/para-mirava.ma\/index.php?rest_route=%2Fwp%2Fv2%2Fproduct_brand&post=19286"},{"taxonomy":"product_cat","embeddable":true,"href":"https:\/\/para-mirava.ma\/index.php?rest_route=%2Fwp%2Fv2%2Fproduct_cat&post=19286"},{"taxonomy":"product_tag","embeddable":true,"href":"https:\/\/para-mirava.ma\/index.php?rest_route=%2Fwp%2Fv2%2Fproduct_tag&post=19286"}],"curies":[{"name":"wp","href":"https:\/\/api.w.org\/{rel}","templated":true}]}}